{"id":317175,"date":"2024-11-21T17:20:50","date_gmt":"2024-11-21T16:20:50","guid":{"rendered":"https:\/\/rwp.rizoma.com\/negozio\/kit-de-montage-reservoires-fluide-oem-ct410\/"},"modified":"2025-01-14T12:43:05","modified_gmt":"2025-01-14T11:43:05","slug":"kit-de-montage-reservoires-fluide-oem-ct410","status":"publish","type":"product","link":"https:\/\/cycle.rizoma.com\/fr\/negozio\/reservoirs-fluide\/CT410\/kit-de-montage-reservoires-fluide-oem-ct410\/","title":{"rendered":"Kit de montage r\u00e9servoires fluide OEM"},"content":{"rendered":"<p>Le kit de montage se compose de deux vis en acier inoxydable, sp\u00e9cialement usin\u00e9es \u00e0 partir d&#8217;un bloc d&#8217;acier.<br \/>Permet le remontage correct des r\u00e9servoirs de liquide de frein et d&#8217;embrayage avant d&#8217;origine lors du remplacement des r\u00e9troviseurs d&#8217;origine par des r\u00e9troviseurs Rizoma End Mount.<\/p>\n","protected":false},"excerpt":{"rendered":"<p>Le kit de montage se compose de deux vis en acier inoxydable, sp\u00e9cialement usin\u00e9es \u00e0 partir d&#8217;un bloc d&#8217;acier.Permet le remontage correct des r\u00e9servoirs de liquide de frein et d&#8217;embrayage avant d&#8217;origine lors du remplacement des r\u00e9troviseurs d&#8217;origine par des r\u00e9troviseurs Rizoma End Mount.<\/p>\n","protected":false},"featured_media":306891,"template":"","meta":{"_acf_changed":false},"rizoma_assembly_time":[42664],"rizoma_bike":[42341,42342,42587,42635,42518,42430,43893,42499,43894,42527,43755,42218,42313,42219,42314,42431,42580,42523,43756,42524],"rizoma_division":[42651],"rizoma_family":[42704],"rizoma_model_category":[],"rizoma_product_template":[],"product_brand":[],"product_cat":[42688],"product_tag":[],"class_list":{"0":"post-317175","1":"product","2":"type-product","3":"status-publish","4":"has-post-thumbnail","6":"rizoma_bike-monster-937-2021-25","7":"rizoma_bike-monster-937-2021-25-1","8":"rizoma_bike-monster-937-30-anniversario-2023-24","9":"rizoma_bike-monster-937-senna-2024","10":"rizoma_bike-monster-937-sp-2023-25","11":"rizoma_bike-streetfighter-v2-2022-24","12":"rizoma_bike-streetfighter-v2-2025-26","13":"rizoma_bike-streetfighter-v2-955-green-2022-23","14":"rizoma_bike-streetfighter-v2-s-2025-26","15":"rizoma_bike-streetfighter-v4-2023-24","16":"rizoma_bike-streetfighter-v4-2025-26","17":"rizoma_bike-streetfighter-v4-1100-2020","18":"rizoma_bike-streetfighter-v4-1100-2021-22","19":"rizoma_bike-streetfighter-v4-1100-s-2020","20":"rizoma_bike-streetfighter-v4-1100-s-2021-22","21":"rizoma_bike-streetfighter-v4-1100-sp-2022","22":"rizoma_bike-streetfighter-v4-lamborghini-2023-24","23":"rizoma_bike-streetfighter-v4-s-2023-24","24":"rizoma_bike-streetfighter-v4-s-2025-26","25":"rizoma_bike-streetfighter-v4-sp2-2023-24","26":"product_cat-reservoirs-fluide","28":"first","29":"instock","30":"taxable","31":"shipping-taxable","32":"purchasable","33":"product-type-variable"},"acf":[],"_links":{"self":[{"href":"https:\/\/cycle.rizoma.com\/fr\/wp-json\/wp\/v2\/product\/317175","targetHints":{"allow":["GET"]}}],"collection":[{"href":"https:\/\/cycle.rizoma.com\/fr\/wp-json\/wp\/v2\/product"}],"about":[{"href":"https:\/\/cycle.rizoma.com\/fr\/wp-json\/wp\/v2\/types\/product"}],"wp:featuredmedia":[{"embeddable":true,"href":"https:\/\/cycle.rizoma.com\/fr\/wp-json\/wp\/v2\/media\/306891"}],"wp:attachment":[{"href":"https:\/\/cycle.rizoma.com\/fr\/wp-json\/wp\/v2\/media?parent=317175"}],"wp:term":[{"taxonomy":"rizoma_assembly_time","embeddable":true,"href":"https:\/\/cycle.rizoma.com\/fr\/wp-json\/wp\/v2\/rizoma_assembly_time?post=317175"},{"taxonomy":"rizoma_bike","embeddable":true,"href":"https:\/\/cycle.rizoma.com\/fr\/wp-json\/wp\/v2\/rizoma_bike?post=317175"},{"taxonomy":"rizoma_division","embeddable":true,"href":"https:\/\/cycle.rizoma.com\/fr\/wp-json\/wp\/v2\/rizoma_division?post=317175"},{"taxonomy":"rizoma_family","embeddable":true,"href":"https:\/\/cycle.rizoma.com\/fr\/wp-json\/wp\/v2\/rizoma_family?post=317175"},{"taxonomy":"rizoma_model_category","embeddable":true,"href":"https:\/\/cycle.rizoma.com\/fr\/wp-json\/wp\/v2\/rizoma_model_category?post=317175"},{"taxonomy":"rizoma_product_template","embeddable":true,"href":"https:\/\/cycle.rizoma.com\/fr\/wp-json\/wp\/v2\/rizoma_product_template?post=317175"},{"taxonomy":"product_brand","embeddable":true,"href":"https:\/\/cycle.rizoma.com\/fr\/wp-json\/wp\/v2\/product_brand?post=317175"},{"taxonomy":"product_cat","embeddable":true,"href":"https:\/\/cycle.rizoma.com\/fr\/wp-json\/wp\/v2\/product_cat?post=317175"},{"taxonomy":"product_tag","embeddable":true,"href":"https:\/\/cycle.rizoma.com\/fr\/wp-json\/wp\/v2\/product_tag?post=317175"}],"curies":[{"name":"wp","href":"https:\/\/api.w.org\/{rel}","templated":true}]}}