{"id":317220,"date":"2024-11-21T17:21:52","date_gmt":"2024-11-21T16:21:52","guid":{"rendered":"https:\/\/rwp.rizoma.com\/negozio\/bouchons-de-reservoir-fluide-de-frein-avant-arriere-zyf056\/"},"modified":"2025-07-27T21:43:20","modified_gmt":"2025-07-27T19:43:20","slug":"bouchons-de-reservoir-fluide-de-frein-avant-arriere-zyf056","status":"publish","type":"product","link":"https:\/\/cycle.rizoma.com\/fr\/negozio\/reservoirs-fluide\/ZYF056\/bouchons-de-reservoir-fluide-de-frein-avant-arriere-zyf056\/","title":{"rendered":"Bouchons de r\u00e9servoir fluide de frein avant\/arri\u00e8re"},"content":{"rendered":"<p>Le design des bouchons de r\u00e9servoir de fluide de frein Rizoma, enti\u00e8rement taill\u00e9s dans la masse d\u2019aluminium, est soign\u00e9 dans les moindres d\u00e9tails pour s\u2019adapter \u00e0 la perfection au style T-Max. De plus, gr\u00e2ce \u00e0 la finition anodis\u00e9e, qui garantit un r\u00e9sultat esth\u00e9tique plus durable, ces \u00e9l\u00e9ments r\u00e9pondent aux attentes de ceux qui souhaitent enrichir leur moto de d\u00e9tails haut de gamme moto sans renoncer \u00e0 la fonctionnalit\u00e9.<\/p>\n","protected":false},"excerpt":{"rendered":"<p>Le design des bouchons de r\u00e9servoir de fluide de frein Rizoma, enti\u00e8rement taill\u00e9s dans la masse d\u2019aluminium, est soign\u00e9 dans les moindres d\u00e9tails pour s\u2019adapter \u00e0 la perfection au style T-Max. De plus, gr\u00e2ce \u00e0 la finition anodis\u00e9e, qui garantit un r\u00e9sultat esth\u00e9tique plus durable, ces \u00e9l\u00e9ments r\u00e9pondent aux attentes de ceux qui souhaitent enrichir [&hellip;]<\/p>\n","protected":false},"featured_media":312801,"template":"","meta":{"_acf_changed":false},"rizoma_assembly_time":[42675],"rizoma_bike":[42023,42024,42025,42120,42225,42447,43421,44422,42226,42378,42448,43422],"rizoma_division":[42651],"rizoma_family":[42817],"rizoma_model_category":[],"rizoma_product_template":[],"product_brand":[],"product_cat":[42688],"product_tag":[],"class_list":{"0":"post-317220","1":"product","2":"type-product","3":"status-publish","4":"has-post-thumbnail","6":"rizoma_bike-t-max-530-2017-19","7":"rizoma_bike-t-max-530-dx-2017-19","8":"rizoma_bike-t-max-530-sx-2017-19","9":"rizoma_bike-t-max-530-sx-sport-edition-2018-19","10":"rizoma_bike-t-max-560-2020-21","11":"rizoma_bike-t-max-560-2022-24","12":"rizoma_bike-t-max-560-2025-26","13":"rizoma_bike-t-max-560-25th-anniversary-2026","14":"rizoma_bike-t-max-560-tech-max-2020","15":"rizoma_bike-t-max-560-tech-max-2021","16":"rizoma_bike-t-max-560-tech-max-2022-24","17":"rizoma_bike-t-max-560-tech-max-2025-26","18":"product_cat-reservoirs-fluide","20":"first","21":"instock","22":"taxable","23":"shipping-taxable","24":"purchasable","25":"product-type-variable"},"acf":[],"_links":{"self":[{"href":"https:\/\/cycle.rizoma.com\/fr\/wp-json\/wp\/v2\/product\/317220","targetHints":{"allow":["GET"]}}],"collection":[{"href":"https:\/\/cycle.rizoma.com\/fr\/wp-json\/wp\/v2\/product"}],"about":[{"href":"https:\/\/cycle.rizoma.com\/fr\/wp-json\/wp\/v2\/types\/product"}],"wp:featuredmedia":[{"embeddable":true,"href":"https:\/\/cycle.rizoma.com\/fr\/wp-json\/wp\/v2\/media\/312801"}],"wp:attachment":[{"href":"https:\/\/cycle.rizoma.com\/fr\/wp-json\/wp\/v2\/media?parent=317220"}],"wp:term":[{"taxonomy":"rizoma_assembly_time","embeddable":true,"href":"https:\/\/cycle.rizoma.com\/fr\/wp-json\/wp\/v2\/rizoma_assembly_time?post=317220"},{"taxonomy":"rizoma_bike","embeddable":true,"href":"https:\/\/cycle.rizoma.com\/fr\/wp-json\/wp\/v2\/rizoma_bike?post=317220"},{"taxonomy":"rizoma_division","embeddable":true,"href":"https:\/\/cycle.rizoma.com\/fr\/wp-json\/wp\/v2\/rizoma_division?post=317220"},{"taxonomy":"rizoma_family","embeddable":true,"href":"https:\/\/cycle.rizoma.com\/fr\/wp-json\/wp\/v2\/rizoma_family?post=317220"},{"taxonomy":"rizoma_model_category","embeddable":true,"href":"https:\/\/cycle.rizoma.com\/fr\/wp-json\/wp\/v2\/rizoma_model_category?post=317220"},{"taxonomy":"rizoma_product_template","embeddable":true,"href":"https:\/\/cycle.rizoma.com\/fr\/wp-json\/wp\/v2\/rizoma_product_template?post=317220"},{"taxonomy":"product_brand","embeddable":true,"href":"https:\/\/cycle.rizoma.com\/fr\/wp-json\/wp\/v2\/product_brand?post=317220"},{"taxonomy":"product_cat","embeddable":true,"href":"https:\/\/cycle.rizoma.com\/fr\/wp-json\/wp\/v2\/product_cat?post=317220"},{"taxonomy":"product_tag","embeddable":true,"href":"https:\/\/cycle.rizoma.com\/fr\/wp-json\/wp\/v2\/product_tag?post=317220"}],"curies":[{"name":"wp","href":"https:\/\/api.w.org\/{rel}","templated":true}]}}