{"id":317250,"date":"2024-11-21T17:22:32","date_gmt":"2024-11-21T16:22:32","guid":{"rendered":"https:\/\/rwp.rizoma.com\/negozio\/sport-ride-by-wire-grdw205z21\/"},"modified":"2025-05-12T20:29:30","modified_gmt":"2025-05-12T18:29:30","slug":"sport-ride-by-wire-grdw205z21","status":"publish","type":"product","link":"https:\/\/cycle.rizoma.com\/fr\/negozio\/kit-pour-guidons\/GRDW205Z21\/sport-ride-by-wire-grdw205z21\/","title":{"rendered":"Sport Ride by Wire"},"content":{"rendered":"<p>La poign\u00e9e Sport (\u00d8 22 mm) se caract\u00e9rise par sa simplicit\u00e9 et son design Sportif. Enti\u00e8rement taill\u00e9e dans la masse d\u2019aluminium, elle est garnie de caoutchouc Racing qui garantit adh\u00e9rence et fiabilit\u00e9. Par ailleurs, la version Ride by Wire est compatible avec le syst\u00e8me de commande \u00e9lectronique.<\/p>\n","protected":false},"excerpt":{"rendered":"<p>La poign\u00e9e Sport (\u00d8 22 mm) se caract\u00e9rise par sa simplicit\u00e9 et son design Sportif. Enti\u00e8rement taill\u00e9e dans la masse d\u2019aluminium, elle est garnie de caoutchouc Racing qui garantit adh\u00e9rence et fiabilit\u00e9. Par ailleurs, la version Ride by Wire est compatible avec le syst\u00e8me de commande \u00e9lectronique.<\/p>\n","protected":false},"featured_media":326859,"template":"","meta":{"_acf_changed":false},"rizoma_assembly_time":[42742],"rizoma_bike":[41925,42030,41926,41957,42097,42098,42187,42175,42188,42176,42031,41966,41927,42185,42032,42186,42050,43702,43703,42347,42145,42348,42099,42534,43697,42015,42228,42483,43719,42229,42540,43720,42550,42373,43721,43718,42300,43871,42506,42590,42507,42508,42509,42414,42415,42416,42555,42584,42585,42586,42323,42484,43872,43873,42510,42417,42418,42419,43874,44012,43875],"rizoma_division":[42651],"rizoma_family":[43019],"rizoma_model_category":[],"rizoma_product_template":[],"product_brand":[],"product_cat":[42661],"product_tag":[],"class_list":{"0":"post-317250","1":"product","2":"type-product","3":"status-publish","4":"has-post-thumbnail","6":"rizoma_bike-africa-twin-crf-1000l-2016-17","7":"rizoma_bike-africa-twin-crf-1000l-2018-19","8":"rizoma_bike-africa-twin-crf-1000l-abs-2016-17","9":"rizoma_bike-africa-twin-crf-1000l-abs-travel-edition-2016-17","10":"rizoma_bike-africa-twin-crf-1000l-adventure-sports-2018-19","11":"rizoma_bike-africa-twin-crf-1000l-adventure-sports-dct-2018-19","12":"rizoma_bike-africa-twin-crf-1000l-adventure-sports-dct-desert-track-2019","13":"rizoma_bike-africa-twin-crf-1000l-adventure-sports-dct-travel-edition-2019","14":"rizoma_bike-africa-twin-crf-1000l-adventure-sports-desert-track-2019","15":"rizoma_bike-africa-twin-crf-1000l-adventure-sports-travel-edition-2019","16":"rizoma_bike-africa-twin-crf-1000l-dct-2018-19","17":"rizoma_bike-africa-twin-crf-1000l-dct-abs-2016-17","18":"rizoma_bike-africa-twin-crf-1000l-dct-abs-travel-edition-2016-17","19":"rizoma_bike-africa-twin-crf-1000l-dct-desert-track-2019-20","20":"rizoma_bike-africa-twin-crf-1000l-dct-travel-edition-2018-19","21":"rizoma_bike-africa-twin-crf-1000l-desert-track-2019-20","22":"rizoma_bike-africa-twin-crf-1000l-travel-edition-2018-19","23":"rizoma_bike-cb-1000-hornet-2025-26","24":"rizoma_bike-cb-1000-hornet-sp-2025-26","25":"rizoma_bike-cb-1000-r-2021-22","26":"rizoma_bike-cb-1000-r-neo-sport-cafe-2019-20","27":"rizoma_bike-cb-1000-r-black-edition-2021-22","28":"rizoma_bike-cb-1000-r-neo-sport-cafe-2018-20","29":"rizoma_bike-cb-750-hornet-2023-24","30":"rizoma_bike-cb-750-hornet-2025","31":"rizoma_bike-cbr-1000-rr-fireblade-2017-19","32":"rizoma_bike-cbr-1000-rr-r-fireblade-2020-21","33":"rizoma_bike-cbr-1000-rr-r-fireblade-2022-23","34":"rizoma_bike-cbr-1000-rr-r-fireblade-2024-26","35":"rizoma_bike-cbr-1000-rr-r-fireblade-sp-2020-21","36":"rizoma_bike-cbr-1000-rr-r-fireblade-sp-2022-23","37":"rizoma_bike-cbr-1000-rr-r-fireblade-sp-2024-26","38":"rizoma_bike-cbr-1000-rr-r-fireblade-sp-30th-anniversary-2022-23","39":"rizoma_bike-cbr-1000-rr-r-fireblade-sp-carbon-2021","40":"rizoma_bike-cbr-1000-rr-r-fireblade-sp-carbon-edition-2024-26","41":"rizoma_bike-cbr-600-rr-2024-26","42":"rizoma_bike-forza-750-2021-22","43":"rizoma_bike-forza-750-2025-26","44":"rizoma_bike-forza-750-dct-2021-24","45":"rizoma_bike-forza-750-dct-special-edition-2024","46":"rizoma_bike-forza-750-dct-style-2021-24","47":"rizoma_bike-forza-750-dct-travel-2021-24","48":"rizoma_bike-forza-750-dct-urban-2021-24","49":"rizoma_bike-forza-750-style-2021-22","50":"rizoma_bike-forza-750-travel-2021-22","51":"rizoma_bike-forza-750-urban-2021-22","52":"rizoma_bike-transalp-xl750-2023-24","53":"rizoma_bike-transalp-xl750-easy-travel-2023-24","54":"rizoma_bike-transalp-xl750-travel-edition-2023-24","55":"rizoma_bike-transalp-xl750-urban-2023-24","56":"rizoma_bike-x-adv-750-2021","57":"rizoma_bike-x-adv-750-2022","58":"rizoma_bike-x-adv-750-2025-26","59":"rizoma_bike-x-adv-750-adventure-2025-26","60":"rizoma_bike-x-adv-750-dct-2021-24","61":"rizoma_bike-x-adv-750-dct-adventure-2021-24","62":"rizoma_bike-x-adv-750-dct-gravel-2021-24","63":"rizoma_bike-x-adv-750-dct-travel-2021-24","64":"rizoma_bike-x-adv-750-gravel-2025-26","65":"rizoma_bike-x-adv-750-special-edition-2026","66":"rizoma_bike-x-adv-750-travel-2025-26","67":"product_cat-kit-pour-guidons","69":"first","70":"instock","71":"sale","72":"taxable","73":"shipping-taxable","74":"purchasable","75":"product-type-variable"},"acf":[],"_links":{"self":[{"href":"https:\/\/cycle.rizoma.com\/fr\/wp-json\/wp\/v2\/product\/317250","targetHints":{"allow":["GET"]}}],"collection":[{"href":"https:\/\/cycle.rizoma.com\/fr\/wp-json\/wp\/v2\/product"}],"about":[{"href":"https:\/\/cycle.rizoma.com\/fr\/wp-json\/wp\/v2\/types\/product"}],"wp:featuredmedia":[{"embeddable":true,"href":"https:\/\/cycle.rizoma.com\/fr\/wp-json\/wp\/v2\/media\/326859"}],"wp:attachment":[{"href":"https:\/\/cycle.rizoma.com\/fr\/wp-json\/wp\/v2\/media?parent=317250"}],"wp:term":[{"taxonomy":"rizoma_assembly_time","embeddable":true,"href":"https:\/\/cycle.rizoma.com\/fr\/wp-json\/wp\/v2\/rizoma_assembly_time?post=317250"},{"taxonomy":"rizoma_bike","embeddable":true,"href":"https:\/\/cycle.rizoma.com\/fr\/wp-json\/wp\/v2\/rizoma_bike?post=317250"},{"taxonomy":"rizoma_division","embeddable":true,"href":"https:\/\/cycle.rizoma.com\/fr\/wp-json\/wp\/v2\/rizoma_division?post=317250"},{"taxonomy":"rizoma_family","embeddable":true,"href":"https:\/\/cycle.rizoma.com\/fr\/wp-json\/wp\/v2\/rizoma_family?post=317250"},{"taxonomy":"rizoma_model_category","embeddable":true,"href":"https:\/\/cycle.rizoma.com\/fr\/wp-json\/wp\/v2\/rizoma_model_category?post=317250"},{"taxonomy":"rizoma_product_template","embeddable":true,"href":"https:\/\/cycle.rizoma.com\/fr\/wp-json\/wp\/v2\/rizoma_product_template?post=317250"},{"taxonomy":"product_brand","embeddable":true,"href":"https:\/\/cycle.rizoma.com\/fr\/wp-json\/wp\/v2\/product_brand?post=317250"},{"taxonomy":"product_cat","embeddable":true,"href":"https:\/\/cycle.rizoma.com\/fr\/wp-json\/wp\/v2\/product_cat?post=317250"},{"taxonomy":"product_tag","embeddable":true,"href":"https:\/\/cycle.rizoma.com\/fr\/wp-json\/wp\/v2\/product_tag?post=317250"}],"curies":[{"name":"wp","href":"https:\/\/api.w.org\/{rel}","templated":true}]}}