{"id":317265,"date":"2024-11-21T17:22:52","date_gmt":"2024-11-21T16:22:52","guid":{"rendered":"https:\/\/rwp.rizoma.com\/negozio\/legend-ride-by-wire-grdw220z10\/"},"modified":"2025-12-18T00:37:14","modified_gmt":"2025-12-17T23:37:14","slug":"legend-ride-by-wire-grdw220z10","status":"publish","type":"product","link":"https:\/\/cycle.rizoma.com\/fr\/negozio\/kit-pour-guidons\/GRDW220Z10\/legend-ride-by-wire-grdw220z10\/","title":{"rendered":"Legend Ride by Wire"},"content":{"rendered":"<p>Enti\u00e8rement taill\u00e9e dans la masse d\u2019aluminium, la poign\u00e9e Legend (\u00d8 22 mm) exprime bien son caract\u00e8re classique actualis\u00e9 par des lignes simples et sinueuses. Le caoutchouc sp\u00e9cial garantit adh\u00e9rence et confort. Par ailleurs, la version Ride by Wire est compatible avec le syst\u00e8me de commande \u00e9lectronique.<\/p>\n","protected":false},"excerpt":{"rendered":"<p>Enti\u00e8rement taill\u00e9e dans la masse d\u2019aluminium, la poign\u00e9e Legend (\u00d8 22 mm) exprime bien son caract\u00e8re classique actualis\u00e9 par des lignes simples et sinueuses. Le caoutchouc sp\u00e9cial garantit adh\u00e9rence et confort. Par ailleurs, la version Ride by Wire est compatible avec le syst\u00e8me de commande \u00e9lectronique.<\/p>\n","protected":false},"featured_media":293757,"template":"","meta":{"_acf_changed":false},"rizoma_assembly_time":[42742],"rizoma_bike":[41841,41842,41896,41870,41923,41924],"rizoma_division":[42651],"rizoma_family":[43019],"rizoma_model_category":[],"rizoma_product_template":[],"product_brand":[],"product_cat":[42661],"product_tag":[],"class_list":{"0":"post-317265","1":"product","2":"type-product","3":"status-publish","4":"has-post-thumbnail","6":"rizoma_bike-monster-1200-2014-16","7":"rizoma_bike-monster-1200-s-2014-16","8":"rizoma_bike-monster-1200-s-stripe-2014-15","9":"rizoma_bike-monster-821-abs-2014-17","10":"rizoma_bike-monster-821-dark-abs-2014-16","11":"rizoma_bike-monster-821-stripe-abs-2015-17","12":"product_cat-kit-pour-guidons","14":"first","15":"instock","16":"sale","17":"taxable","18":"shipping-taxable","19":"purchasable","20":"product-type-variable"},"acf":[],"_links":{"self":[{"href":"https:\/\/cycle.rizoma.com\/fr\/wp-json\/wp\/v2\/product\/317265","targetHints":{"allow":["GET"]}}],"collection":[{"href":"https:\/\/cycle.rizoma.com\/fr\/wp-json\/wp\/v2\/product"}],"about":[{"href":"https:\/\/cycle.rizoma.com\/fr\/wp-json\/wp\/v2\/types\/product"}],"wp:featuredmedia":[{"embeddable":true,"href":"https:\/\/cycle.rizoma.com\/fr\/wp-json\/wp\/v2\/media\/293757"}],"wp:attachment":[{"href":"https:\/\/cycle.rizoma.com\/fr\/wp-json\/wp\/v2\/media?parent=317265"}],"wp:term":[{"taxonomy":"rizoma_assembly_time","embeddable":true,"href":"https:\/\/cycle.rizoma.com\/fr\/wp-json\/wp\/v2\/rizoma_assembly_time?post=317265"},{"taxonomy":"rizoma_bike","embeddable":true,"href":"https:\/\/cycle.rizoma.com\/fr\/wp-json\/wp\/v2\/rizoma_bike?post=317265"},{"taxonomy":"rizoma_division","embeddable":true,"href":"https:\/\/cycle.rizoma.com\/fr\/wp-json\/wp\/v2\/rizoma_division?post=317265"},{"taxonomy":"rizoma_family","embeddable":true,"href":"https:\/\/cycle.rizoma.com\/fr\/wp-json\/wp\/v2\/rizoma_family?post=317265"},{"taxonomy":"rizoma_model_category","embeddable":true,"href":"https:\/\/cycle.rizoma.com\/fr\/wp-json\/wp\/v2\/rizoma_model_category?post=317265"},{"taxonomy":"rizoma_product_template","embeddable":true,"href":"https:\/\/cycle.rizoma.com\/fr\/wp-json\/wp\/v2\/rizoma_product_template?post=317265"},{"taxonomy":"product_brand","embeddable":true,"href":"https:\/\/cycle.rizoma.com\/fr\/wp-json\/wp\/v2\/product_brand?post=317265"},{"taxonomy":"product_cat","embeddable":true,"href":"https:\/\/cycle.rizoma.com\/fr\/wp-json\/wp\/v2\/product_cat?post=317265"},{"taxonomy":"product_tag","embeddable":true,"href":"https:\/\/cycle.rizoma.com\/fr\/wp-json\/wp\/v2\/product_tag?post=317265"}],"curies":[{"name":"wp","href":"https:\/\/api.w.org\/{rel}","templated":true}]}}