{"id":317290,"date":"2024-11-21T17:23:27","date_gmt":"2024-11-21T16:23:27","guid":{"rendered":"https:\/\/rwp.rizoma.com\/negozio\/urlo-25-4-ride-by-wire-pour-harley-davidson-grdw231z01\/"},"modified":"2025-06-06T05:27:51","modified_gmt":"2025-06-06T03:27:51","slug":"urlo-25-4-ride-by-wire-pour-harley-davidson-grdw231z01","status":"publish","type":"product","link":"https:\/\/cycle.rizoma.com\/fr\/negozio\/kit-pour-guidons\/GRDW231Z01\/urlo-25-4-ride-by-wire-pour-harley-davidson-grdw231z01\/","title":{"rendered":"Urlo 25.4 Ride by Wire (pour Harley-Davidson)"},"content":{"rendered":"<p>Enti\u00e8rement taill\u00e9e dans la masse d\u2019aluminium, la poign\u00e9e Urlo 25.4 (\u00d8 25,4 mm\/1 pouce) est caract\u00e9ris\u00e9e par une forme ergonomique et le traitement sp\u00e9cial auquel est soumis le caoutchouc garantit une adh\u00e9rence optimale. De plus, le kit d\u2019anneaux en aluminium color\u00e9s et interchangeables permet de personnaliser la poign\u00e9e.  Par ailleurs, la version Ride by Wire est compatible avec le syst\u00e8me de commande \u00e9lectronique.<\/p>\n","protected":false},"excerpt":{"rendered":"<p>Enti\u00e8rement taill\u00e9e dans la masse d\u2019aluminium, la poign\u00e9e Urlo 25.4 (\u00d8 25,4 mm\/1 pouce) est caract\u00e9ris\u00e9e par une forme ergonomique et le traitement sp\u00e9cial auquel est soumis le caoutchouc garantit une adh\u00e9rence optimale. De plus, le kit d\u2019anneaux en aluminium color\u00e9s et interchangeables permet de personnaliser la poign\u00e9e. Par ailleurs, la version Ride by Wire [&hellip;]<\/p>\n","protected":false},"featured_media":293932,"template":"","meta":{"_acf_changed":false},"rizoma_assembly_time":[42742],"rizoma_bike":[43787,43808,43800,43796,43798,43811,43795,43781,43820,43812,43799,43810,43806,43816],"rizoma_division":[42651],"rizoma_family":[43019],"rizoma_model_category":[],"rizoma_product_template":[],"product_brand":[],"product_cat":[42661],"product_tag":[],"class_list":{"0":"post-317290","1":"product","2":"type-product","3":"status-publish","4":"has-post-thumbnail","6":"rizoma_bike-107-breakout-2018-19-fxbr","7":"rizoma_bike-107-fat-bob-2017-20-fxfb","8":"rizoma_bike-107-fat-boy-2017-20-flfb","9":"rizoma_bike-107-low-rider-2018-20-fxlr","10":"rizoma_bike-107-slim-2018-20-flsl","11":"rizoma_bike-107-street-bob-2018-20-fxbb","12":"rizoma_bike-114-breakout-2018-20-fxbrs","13":"rizoma_bike-114-fat-bob-2018-20-fxfbs","14":"rizoma_bike-114-fat-boy-2018-20-flfbs","15":"rizoma_bike-114-fxdr-2019-20","16":"rizoma_bike-114-low-rider-s-2020-fxlrs","17":"rizoma_bike-low-rider-s-2022-24","18":"rizoma_bike-low-rider-st-2022-24","19":"rizoma_bike-softail-slim-2011-17-fls","20":"product_cat-kit-pour-guidons","22":"first","23":"instock","24":"taxable","25":"shipping-taxable","26":"purchasable","27":"product-type-variable"},"acf":[],"_links":{"self":[{"href":"https:\/\/cycle.rizoma.com\/fr\/wp-json\/wp\/v2\/product\/317290","targetHints":{"allow":["GET"]}}],"collection":[{"href":"https:\/\/cycle.rizoma.com\/fr\/wp-json\/wp\/v2\/product"}],"about":[{"href":"https:\/\/cycle.rizoma.com\/fr\/wp-json\/wp\/v2\/types\/product"}],"wp:featuredmedia":[{"embeddable":true,"href":"https:\/\/cycle.rizoma.com\/fr\/wp-json\/wp\/v2\/media\/293932"}],"wp:attachment":[{"href":"https:\/\/cycle.rizoma.com\/fr\/wp-json\/wp\/v2\/media?parent=317290"}],"wp:term":[{"taxonomy":"rizoma_assembly_time","embeddable":true,"href":"https:\/\/cycle.rizoma.com\/fr\/wp-json\/wp\/v2\/rizoma_assembly_time?post=317290"},{"taxonomy":"rizoma_bike","embeddable":true,"href":"https:\/\/cycle.rizoma.com\/fr\/wp-json\/wp\/v2\/rizoma_bike?post=317290"},{"taxonomy":"rizoma_division","embeddable":true,"href":"https:\/\/cycle.rizoma.com\/fr\/wp-json\/wp\/v2\/rizoma_division?post=317290"},{"taxonomy":"rizoma_family","embeddable":true,"href":"https:\/\/cycle.rizoma.com\/fr\/wp-json\/wp\/v2\/rizoma_family?post=317290"},{"taxonomy":"rizoma_model_category","embeddable":true,"href":"https:\/\/cycle.rizoma.com\/fr\/wp-json\/wp\/v2\/rizoma_model_category?post=317290"},{"taxonomy":"rizoma_product_template","embeddable":true,"href":"https:\/\/cycle.rizoma.com\/fr\/wp-json\/wp\/v2\/rizoma_product_template?post=317290"},{"taxonomy":"product_brand","embeddable":true,"href":"https:\/\/cycle.rizoma.com\/fr\/wp-json\/wp\/v2\/product_brand?post=317290"},{"taxonomy":"product_cat","embeddable":true,"href":"https:\/\/cycle.rizoma.com\/fr\/wp-json\/wp\/v2\/product_cat?post=317290"},{"taxonomy":"product_tag","embeddable":true,"href":"https:\/\/cycle.rizoma.com\/fr\/wp-json\/wp\/v2\/product_tag?post=317290"}],"curies":[{"name":"wp","href":"https:\/\/api.w.org\/{rel}","templated":true}]}}