{"id":317345,"date":"2024-11-21T17:24:50","date_gmt":"2024-11-21T16:24:50","guid":{"rendered":"https:\/\/rwp.rizoma.com\/negozio\/kit-de-leviers-de-frein-lbx154\/"},"modified":"2025-01-14T12:46:12","modified_gmt":"2025-01-14T11:46:12","slug":"kit-de-leviers-de-frein-lbx154","status":"publish","type":"product","link":"https:\/\/cycle.rizoma.com\/fr\/negozio\/leviers-de-frein-embrayage\/LBX154\/kit-de-leviers-de-frein-lbx154\/","title":{"rendered":"Kit de leviers de frein"},"content":{"rendered":"<p>Le kit de levier de frein comprend le levier de frein avant et le levier de frein arri\u00e8re. Les deux leviers sont Adjustable Plus : outre le syst\u00e8me de contr\u00f4le de la distance entre le levier et le pommeau, plac\u00e9 en haut pour une meilleure accessibilit\u00e9, ils sont dot\u00e9s d&#8217;un syst\u00e8me de glissement qui permet de r\u00e9gler la longueur du levier. Le kit comprend \u00e9galement deux inserts en technopolym\u00e8re qui peuvent \u00eatre utilis\u00e9s pour \u00e9liminer l&#8217;espace cr\u00e9\u00e9 lorsque le levier est en extension maximale (jusqu&#8217;\u00e0 20 mm), \u00e9vitant ainsi l&#8217;usure des gants.<\/p>\n","protected":false},"excerpt":{"rendered":"<p>Le kit de levier de frein comprend le levier de frein avant et le levier de frein arri\u00e8re. Les deux leviers sont Adjustable Plus : outre le syst\u00e8me de contr\u00f4le de la distance entre le levier et le pommeau, plac\u00e9 en haut pour une meilleure accessibilit\u00e9, ils sont dot\u00e9s d&#8217;un syst\u00e8me de glissement qui permet [&hellip;]<\/p>\n","protected":false},"featured_media":308011,"template":"","meta":{"_acf_changed":false},"rizoma_assembly_time":[42691],"rizoma_bike":[42569,42568,42563,43435,44434,42565,43436,44435,44436],"rizoma_division":[42651],"rizoma_family":[42802],"rizoma_model_category":[],"rizoma_product_template":[],"product_brand":[],"product_cat":[42807],"product_tag":[],"class_list":{"0":"post-317345","1":"product","2":"type-product","3":"status-publish","4":"has-post-thumbnail","6":"rizoma_bike-elettrica-2018-2022","7":"rizoma_bike-elettrica-2023-2024","8":"rizoma_bike-primavera-2018-2022","9":"rizoma_bike-primavera-2023","10":"rizoma_bike-primavera-elettrica-2024-25","11":"rizoma_bike-sprint-2018-2022","12":"rizoma_bike-sprint-2023","13":"rizoma_bike-sprint-elettrica-2024-25","14":"rizoma_bike-sprint-elettrica-2026","15":"product_cat-leviers-de-frein-embrayage","17":"first","18":"instock","19":"taxable","20":"shipping-taxable","21":"purchasable","22":"product-type-variable"},"acf":[],"_links":{"self":[{"href":"https:\/\/cycle.rizoma.com\/fr\/wp-json\/wp\/v2\/product\/317345","targetHints":{"allow":["GET"]}}],"collection":[{"href":"https:\/\/cycle.rizoma.com\/fr\/wp-json\/wp\/v2\/product"}],"about":[{"href":"https:\/\/cycle.rizoma.com\/fr\/wp-json\/wp\/v2\/types\/product"}],"wp:featuredmedia":[{"embeddable":true,"href":"https:\/\/cycle.rizoma.com\/fr\/wp-json\/wp\/v2\/media\/308011"}],"wp:attachment":[{"href":"https:\/\/cycle.rizoma.com\/fr\/wp-json\/wp\/v2\/media?parent=317345"}],"wp:term":[{"taxonomy":"rizoma_assembly_time","embeddable":true,"href":"https:\/\/cycle.rizoma.com\/fr\/wp-json\/wp\/v2\/rizoma_assembly_time?post=317345"},{"taxonomy":"rizoma_bike","embeddable":true,"href":"https:\/\/cycle.rizoma.com\/fr\/wp-json\/wp\/v2\/rizoma_bike?post=317345"},{"taxonomy":"rizoma_division","embeddable":true,"href":"https:\/\/cycle.rizoma.com\/fr\/wp-json\/wp\/v2\/rizoma_division?post=317345"},{"taxonomy":"rizoma_family","embeddable":true,"href":"https:\/\/cycle.rizoma.com\/fr\/wp-json\/wp\/v2\/rizoma_family?post=317345"},{"taxonomy":"rizoma_model_category","embeddable":true,"href":"https:\/\/cycle.rizoma.com\/fr\/wp-json\/wp\/v2\/rizoma_model_category?post=317345"},{"taxonomy":"rizoma_product_template","embeddable":true,"href":"https:\/\/cycle.rizoma.com\/fr\/wp-json\/wp\/v2\/rizoma_product_template?post=317345"},{"taxonomy":"product_brand","embeddable":true,"href":"https:\/\/cycle.rizoma.com\/fr\/wp-json\/wp\/v2\/product_brand?post=317345"},{"taxonomy":"product_cat","embeddable":true,"href":"https:\/\/cycle.rizoma.com\/fr\/wp-json\/wp\/v2\/product_cat?post=317345"},{"taxonomy":"product_tag","embeddable":true,"href":"https:\/\/cycle.rizoma.com\/fr\/wp-json\/wp\/v2\/product_tag?post=317345"}],"curies":[{"name":"wp","href":"https:\/\/api.w.org\/{rel}","templated":true}]}}