{"id":317355,"date":"2024-11-21T17:25:04","date_gmt":"2024-11-21T16:25:04","guid":{"rendered":"https:\/\/rwp.rizoma.com\/negozio\/kit-des-clignotants-zvp018\/"},"modified":"2025-01-14T12:51:56","modified_gmt":"2025-01-14T11:51:56","slug":"kit-des-clignotants-zvp018","status":"publish","type":"product","link":"https:\/\/cycle.rizoma.com\/fr\/negozio\/clignotants\/ZVP018\/kit-des-clignotants-zvp018\/","title":{"rendered":"Kit des clignotants"},"content":{"rendered":"<p>Le design innovant de l&#8217;unit\u00e9 d&#8217;\u00e9clairage est r\u00e9interpr\u00e9t\u00e9 pour s&#8217;int\u00e9grer parfaitement aux lignes de la Vespa. Incorpor\u00e9 dans une grille en technopolym\u00e8re, il adopte un nouveau look audacieux et sportif. Le kit est plug&#038;play, con\u00e7u et fourni avec tout ce qui est n\u00e9cessaire pour personnaliser l&#8217;avant et l&#8217;arri\u00e8re de la Vespa.<\/p>\n","protected":false},"excerpt":{"rendered":"<p>Le design innovant de l&#8217;unit\u00e9 d&#8217;\u00e9clairage est r\u00e9interpr\u00e9t\u00e9 pour s&#8217;int\u00e9grer parfaitement aux lignes de la Vespa. Incorpor\u00e9 dans une grille en technopolym\u00e8re, il adopte un nouveau look audacieux et sportif. Le kit est plug&#038;play, con\u00e7u et fourni avec tout ce qui est n\u00e9cessaire pour personnaliser l&#8217;avant et l&#8217;arri\u00e8re de la Vespa.<\/p>\n","protected":false},"featured_media":309711,"template":"","meta":{"_acf_changed":false},"rizoma_assembly_time":[42691],"rizoma_bike":[42558,42557,42561,42560,42567,42566],"rizoma_division":[42651],"rizoma_family":[42832],"rizoma_model_category":[],"rizoma_product_template":[],"product_brand":[],"product_cat":[42714],"product_tag":[],"class_list":{"0":"post-317355","1":"product","2":"type-product","3":"status-publish","4":"has-post-thumbnail","6":"rizoma_bike-gts-2015-2017","7":"rizoma_bike-gts-2018-2022","8":"rizoma_bike-gts-super-2015-2017","9":"rizoma_bike-gts-super-2018-2022","10":"rizoma_bike-sei-giorni-2016-2017","11":"rizoma_bike-sei-giorni-2018-2022","12":"product_cat-clignotants","14":"first","15":"instock","16":"taxable","17":"shipping-taxable","18":"purchasable","19":"product-type-variable"},"acf":[],"_links":{"self":[{"href":"https:\/\/cycle.rizoma.com\/fr\/wp-json\/wp\/v2\/product\/317355","targetHints":{"allow":["GET"]}}],"collection":[{"href":"https:\/\/cycle.rizoma.com\/fr\/wp-json\/wp\/v2\/product"}],"about":[{"href":"https:\/\/cycle.rizoma.com\/fr\/wp-json\/wp\/v2\/types\/product"}],"wp:featuredmedia":[{"embeddable":true,"href":"https:\/\/cycle.rizoma.com\/fr\/wp-json\/wp\/v2\/media\/309711"}],"wp:attachment":[{"href":"https:\/\/cycle.rizoma.com\/fr\/wp-json\/wp\/v2\/media?parent=317355"}],"wp:term":[{"taxonomy":"rizoma_assembly_time","embeddable":true,"href":"https:\/\/cycle.rizoma.com\/fr\/wp-json\/wp\/v2\/rizoma_assembly_time?post=317355"},{"taxonomy":"rizoma_bike","embeddable":true,"href":"https:\/\/cycle.rizoma.com\/fr\/wp-json\/wp\/v2\/rizoma_bike?post=317355"},{"taxonomy":"rizoma_division","embeddable":true,"href":"https:\/\/cycle.rizoma.com\/fr\/wp-json\/wp\/v2\/rizoma_division?post=317355"},{"taxonomy":"rizoma_family","embeddable":true,"href":"https:\/\/cycle.rizoma.com\/fr\/wp-json\/wp\/v2\/rizoma_family?post=317355"},{"taxonomy":"rizoma_model_category","embeddable":true,"href":"https:\/\/cycle.rizoma.com\/fr\/wp-json\/wp\/v2\/rizoma_model_category?post=317355"},{"taxonomy":"rizoma_product_template","embeddable":true,"href":"https:\/\/cycle.rizoma.com\/fr\/wp-json\/wp\/v2\/rizoma_product_template?post=317355"},{"taxonomy":"product_brand","embeddable":true,"href":"https:\/\/cycle.rizoma.com\/fr\/wp-json\/wp\/v2\/product_brand?post=317355"},{"taxonomy":"product_cat","embeddable":true,"href":"https:\/\/cycle.rizoma.com\/fr\/wp-json\/wp\/v2\/product_cat?post=317355"},{"taxonomy":"product_tag","embeddable":true,"href":"https:\/\/cycle.rizoma.com\/fr\/wp-json\/wp\/v2\/product_tag?post=317355"}],"curies":[{"name":"wp","href":"https:\/\/api.w.org\/{rel}","templated":true}]}}