{"id":317370,"date":"2024-11-21T17:25:25","date_gmt":"2024-11-21T16:25:25","guid":{"rendered":"https:\/\/rwp.rizoma.com\/negozio\/kit-support-dimmatriculation-pt813\/"},"modified":"2025-01-14T12:50:13","modified_gmt":"2025-01-14T11:50:13","slug":"kit-support-dimmatriculation-pt813","status":"publish","type":"product","link":"https:\/\/cycle.rizoma.com\/fr\/negozio\/support-dimmatriculation\/PT813\/kit-support-dimmatriculation-pt813\/","title":{"rendered":"Kit Support d\u2019immatriculation"},"content":{"rendered":"<p>Le support de plaque d&#8217;immatriculation Rizoma est compact, l\u00e9ger et fonctionnel. Le kit pour Vespa comprend un couvercle de support en technopolym\u00e8re sur lequel fixer le support de plaque d&#8217;immatriculation en aluminium et qui recr\u00e9e une petite aile \u00e0 l&#8217;extr\u00e9mit\u00e9. Facile \u00e0 installer, il permet de r\u00e9gler l&#8217;inclinaison de la plaque d&#8217;immatriculation \u00e0 l&#8217;aide du cran de s\u00e9curit\u00e9 inclus et dispose \u00e9galement d&#8217;un syst\u00e8me de r\u00e9glage en hauteur. Enfin, l&#8217;\u00e9clairage de plaque d&#8217;immatriculation \u00e0 LED SMD, le r\u00e9flecteur et le faisceau \u00e9lectrique sont inclus dans le kit. Certifi\u00e9 ABE.<\/p>\n","protected":false},"excerpt":{"rendered":"<p>Le support de plaque d&#8217;immatriculation Rizoma est compact, l\u00e9ger et fonctionnel. Le kit pour Vespa comprend un couvercle de support en technopolym\u00e8re sur lequel fixer le support de plaque d&#8217;immatriculation en aluminium et qui recr\u00e9e une petite aile \u00e0 l&#8217;extr\u00e9mit\u00e9. Facile \u00e0 installer, il permet de r\u00e9gler l&#8217;inclinaison de la plaque d&#8217;immatriculation \u00e0 l&#8217;aide du [&hellip;]<\/p>\n","protected":false},"featured_media":303971,"template":"","meta":{"_acf_changed":false},"rizoma_assembly_time":[42789],"rizoma_bike":[42569,42568,42563,43435,42562,44434,42565,43436,42564,44435,44436],"rizoma_division":[42651],"rizoma_family":[],"rizoma_model_category":[],"rizoma_product_template":[],"product_brand":[],"product_cat":[42766],"product_tag":[],"class_list":{"0":"post-317370","1":"product","2":"type-product","3":"status-publish","4":"has-post-thumbnail","6":"rizoma_bike-elettrica-2018-2022","7":"rizoma_bike-elettrica-2023-2024","8":"rizoma_bike-primavera-2018-2022","9":"rizoma_bike-primavera-2023","10":"rizoma_bike-primavera-2024-2025","11":"rizoma_bike-primavera-elettrica-2024-25","12":"rizoma_bike-sprint-2018-2022","13":"rizoma_bike-sprint-2023","14":"rizoma_bike-sprint-2024-2025","15":"rizoma_bike-sprint-elettrica-2024-25","16":"rizoma_bike-sprint-elettrica-2026","17":"product_cat-support-dimmatriculation","19":"first","20":"instock","21":"taxable","22":"shipping-taxable","23":"purchasable","24":"product-type-variable"},"acf":[],"_links":{"self":[{"href":"https:\/\/cycle.rizoma.com\/fr\/wp-json\/wp\/v2\/product\/317370","targetHints":{"allow":["GET"]}}],"collection":[{"href":"https:\/\/cycle.rizoma.com\/fr\/wp-json\/wp\/v2\/product"}],"about":[{"href":"https:\/\/cycle.rizoma.com\/fr\/wp-json\/wp\/v2\/types\/product"}],"wp:featuredmedia":[{"embeddable":true,"href":"https:\/\/cycle.rizoma.com\/fr\/wp-json\/wp\/v2\/media\/303971"}],"wp:attachment":[{"href":"https:\/\/cycle.rizoma.com\/fr\/wp-json\/wp\/v2\/media?parent=317370"}],"wp:term":[{"taxonomy":"rizoma_assembly_time","embeddable":true,"href":"https:\/\/cycle.rizoma.com\/fr\/wp-json\/wp\/v2\/rizoma_assembly_time?post=317370"},{"taxonomy":"rizoma_bike","embeddable":true,"href":"https:\/\/cycle.rizoma.com\/fr\/wp-json\/wp\/v2\/rizoma_bike?post=317370"},{"taxonomy":"rizoma_division","embeddable":true,"href":"https:\/\/cycle.rizoma.com\/fr\/wp-json\/wp\/v2\/rizoma_division?post=317370"},{"taxonomy":"rizoma_family","embeddable":true,"href":"https:\/\/cycle.rizoma.com\/fr\/wp-json\/wp\/v2\/rizoma_family?post=317370"},{"taxonomy":"rizoma_model_category","embeddable":true,"href":"https:\/\/cycle.rizoma.com\/fr\/wp-json\/wp\/v2\/rizoma_model_category?post=317370"},{"taxonomy":"rizoma_product_template","embeddable":true,"href":"https:\/\/cycle.rizoma.com\/fr\/wp-json\/wp\/v2\/rizoma_product_template?post=317370"},{"taxonomy":"product_brand","embeddable":true,"href":"https:\/\/cycle.rizoma.com\/fr\/wp-json\/wp\/v2\/product_brand?post=317370"},{"taxonomy":"product_cat","embeddable":true,"href":"https:\/\/cycle.rizoma.com\/fr\/wp-json\/wp\/v2\/product_cat?post=317370"},{"taxonomy":"product_tag","embeddable":true,"href":"https:\/\/cycle.rizoma.com\/fr\/wp-json\/wp\/v2\/product_tag?post=317370"}],"curies":[{"name":"wp","href":"https:\/\/api.w.org\/{rel}","templated":true}]}}