{"id":317375,"date":"2024-11-21T17:25:32","date_gmt":"2024-11-21T16:25:32","guid":{"rendered":"https:\/\/rwp.rizoma.com\/negozio\/kit-support-dimmatriculation-pt812\/"},"modified":"2025-11-29T11:23:58","modified_gmt":"2025-11-29T10:23:58","slug":"kit-support-dimmatriculation-pt812","status":"publish","type":"product","link":"https:\/\/cycle.rizoma.com\/fr\/negozio\/support-dimmatriculation\/PT812\/kit-support-dimmatriculation-pt812\/","title":{"rendered":"Kit Support d\u2019immatriculation"},"content":{"rendered":"<p>Le support de plaque d&#8217;immatriculation Rizoma est compact, l\u00e9ger et fonctionnel. Le kit Vespa comprend un couvercle de support en technopolym\u00e8re, sur lequel est mont\u00e9 le support de plaque d&#8217;immatriculation en aluminium et qui recr\u00e9e le garde-boue \u00e0 l&#8217;extr\u00e9mit\u00e9. Le kit comprend \u00e9galement le feu arri\u00e8re, positionn\u00e9 plus haut et dot\u00e9 d&#8217;une triple fonction : \u00e9clairage de la plaque d&#8217;immatriculation, feu de position et feu de freinage. Enfin, le r\u00e9flecteur et le faisceau \u00e9lectrique sont inclus dans le kit.<br \/>Facile \u00e0 installer, il permet de r\u00e9gler l&#8217;inclinaison de la plaque d&#8217;immatriculation \u00e0 l&#8217;aide du cran de s\u00e9curit\u00e9 inclus et dispose \u00e9galement d&#8217;un syst\u00e8me de r\u00e9glage en hauteur. Enfin, l&#8217;\u00e9clairage de plaque d&#8217;immatriculation \u00e0 LED SMD, le r\u00e9flecteur et le faisceau \u00e9lectrique sont inclus dans le kit. Certifi\u00e9 ABE.<\/p>\n","protected":false},"excerpt":{"rendered":"<p>Le support de plaque d&#8217;immatriculation Rizoma est compact, l\u00e9ger et fonctionnel. Le kit Vespa comprend un couvercle de support en technopolym\u00e8re, sur lequel est mont\u00e9 le support de plaque d&#8217;immatriculation en aluminium et qui recr\u00e9e le garde-boue \u00e0 l&#8217;extr\u00e9mit\u00e9. Le kit comprend \u00e9galement le feu arri\u00e8re, positionn\u00e9 plus haut et dot\u00e9 d&#8217;une triple fonction : [&hellip;]<\/p>\n","protected":false},"featured_media":303751,"template":"","meta":{"_acf_changed":false},"rizoma_assembly_time":[42789],"rizoma_bike":[42556,43430,43427,43744,43429,42559,42636,44397,44437],"rizoma_division":[42651],"rizoma_family":[],"rizoma_model_category":[],"rizoma_product_template":[],"product_brand":[],"product_cat":[42766],"product_tag":[],"class_list":{"0":"post-317375","1":"product","2":"type-product","3":"status-publish","4":"has-post-thumbnail","6":"rizoma_bike-gts-2023-2025","7":"rizoma_bike-gts-310-2025","8":"rizoma_bike-gts-310-super-2025","9":"rizoma_bike-gts-310-super-tech-2025","10":"rizoma_bike-gts-310-supersport-2025","11":"rizoma_bike-gts-super-2023-2025","12":"rizoma_bike-gtv-2023-2024","13":"rizoma_bike-gtv-310-2025-2026","14":"rizoma_bike-gtv-310-officina-8-2026","15":"product_cat-support-dimmatriculation","17":"first","18":"instock","19":"taxable","20":"shipping-taxable","21":"purchasable","22":"product-type-variable"},"acf":[],"_links":{"self":[{"href":"https:\/\/cycle.rizoma.com\/fr\/wp-json\/wp\/v2\/product\/317375","targetHints":{"allow":["GET"]}}],"collection":[{"href":"https:\/\/cycle.rizoma.com\/fr\/wp-json\/wp\/v2\/product"}],"about":[{"href":"https:\/\/cycle.rizoma.com\/fr\/wp-json\/wp\/v2\/types\/product"}],"wp:featuredmedia":[{"embeddable":true,"href":"https:\/\/cycle.rizoma.com\/fr\/wp-json\/wp\/v2\/media\/303751"}],"wp:attachment":[{"href":"https:\/\/cycle.rizoma.com\/fr\/wp-json\/wp\/v2\/media?parent=317375"}],"wp:term":[{"taxonomy":"rizoma_assembly_time","embeddable":true,"href":"https:\/\/cycle.rizoma.com\/fr\/wp-json\/wp\/v2\/rizoma_assembly_time?post=317375"},{"taxonomy":"rizoma_bike","embeddable":true,"href":"https:\/\/cycle.rizoma.com\/fr\/wp-json\/wp\/v2\/rizoma_bike?post=317375"},{"taxonomy":"rizoma_division","embeddable":true,"href":"https:\/\/cycle.rizoma.com\/fr\/wp-json\/wp\/v2\/rizoma_division?post=317375"},{"taxonomy":"rizoma_family","embeddable":true,"href":"https:\/\/cycle.rizoma.com\/fr\/wp-json\/wp\/v2\/rizoma_family?post=317375"},{"taxonomy":"rizoma_model_category","embeddable":true,"href":"https:\/\/cycle.rizoma.com\/fr\/wp-json\/wp\/v2\/rizoma_model_category?post=317375"},{"taxonomy":"rizoma_product_template","embeddable":true,"href":"https:\/\/cycle.rizoma.com\/fr\/wp-json\/wp\/v2\/rizoma_product_template?post=317375"},{"taxonomy":"product_brand","embeddable":true,"href":"https:\/\/cycle.rizoma.com\/fr\/wp-json\/wp\/v2\/product_brand?post=317375"},{"taxonomy":"product_cat","embeddable":true,"href":"https:\/\/cycle.rizoma.com\/fr\/wp-json\/wp\/v2\/product_cat?post=317375"},{"taxonomy":"product_tag","embeddable":true,"href":"https:\/\/cycle.rizoma.com\/fr\/wp-json\/wp\/v2\/product_tag?post=317375"}],"curies":[{"name":"wp","href":"https:\/\/api.w.org\/{rel}","templated":true}]}}