{"id":317390,"date":"2024-11-21T17:25:52","date_gmt":"2024-11-21T16:25:52","guid":{"rendered":"https:\/\/rwp.rizoma.com\/negozio\/urlo-gr257\/"},"modified":"2026-01-08T15:55:48","modified_gmt":"2026-01-08T14:55:48","slug":"urlo-gr257","status":"publish","type":"product","link":"https:\/\/cycle.rizoma.com\/fr\/negozio\/kit-pour-guidons\/GR257\/urlo-gr257\/","title":{"rendered":"Urlo"},"content":{"rendered":"<p>Les poign\u00e9es Urlo sont ergonomiques et se caract\u00e9risent par la combinaison de l&#8217;aluminium et d&#8217;un technopolym\u00e8re de qualit\u00e9 sup\u00e9rieure. Ce dernier est dot\u00e9 d&#8217;une finition diamant\u00e9e sp\u00e9ciale qui garantit une adh\u00e9rence maximale. Disponibles en diff\u00e9rentes couleurs, obtenues par un processus d&#8217;anodisation qui garantit une meilleure esth\u00e9tique et une plus grande durabilit\u00e9.<\/p>\n","protected":false},"excerpt":{"rendered":"<p>Les poign\u00e9es Urlo sont ergonomiques et se caract\u00e9risent par la combinaison de l&#8217;aluminium et d&#8217;un technopolym\u00e8re de qualit\u00e9 sup\u00e9rieure. Ce dernier est dot\u00e9 d&#8217;une finition diamant\u00e9e sp\u00e9ciale qui garantit une adh\u00e9rence maximale. Disponibles en diff\u00e9rentes couleurs, obtenues par un processus d&#8217;anodisation qui garantit une meilleure esth\u00e9tique et une plus grande durabilit\u00e9.<\/p>\n","protected":false},"featured_media":341757,"template":"","meta":{"_acf_changed":false},"rizoma_assembly_time":[42742],"rizoma_bike":[42558,42557,42556,43430,43427,43744,43429,42561,42560,42559,42567,42566],"rizoma_division":[42651],"rizoma_family":[42950],"rizoma_model_category":[],"rizoma_product_template":[],"product_brand":[],"product_cat":[42661],"product_tag":[],"class_list":{"0":"post-317390","1":"product","2":"type-product","3":"status-publish","4":"has-post-thumbnail","6":"rizoma_bike-gts-2015-2017","7":"rizoma_bike-gts-2018-2022","8":"rizoma_bike-gts-2023-2025","9":"rizoma_bike-gts-310-2025","10":"rizoma_bike-gts-310-super-2025","11":"rizoma_bike-gts-310-super-tech-2025","12":"rizoma_bike-gts-310-supersport-2025","13":"rizoma_bike-gts-super-2015-2017","14":"rizoma_bike-gts-super-2018-2022","15":"rizoma_bike-gts-super-2023-2025","16":"rizoma_bike-sei-giorni-2016-2017","17":"rizoma_bike-sei-giorni-2018-2022","18":"product_cat-kit-pour-guidons","20":"first","21":"instock","22":"taxable","23":"shipping-taxable","24":"purchasable","25":"product-type-variable"},"acf":[],"_links":{"self":[{"href":"https:\/\/cycle.rizoma.com\/fr\/wp-json\/wp\/v2\/product\/317390","targetHints":{"allow":["GET"]}}],"collection":[{"href":"https:\/\/cycle.rizoma.com\/fr\/wp-json\/wp\/v2\/product"}],"about":[{"href":"https:\/\/cycle.rizoma.com\/fr\/wp-json\/wp\/v2\/types\/product"}],"wp:featuredmedia":[{"embeddable":true,"href":"https:\/\/cycle.rizoma.com\/fr\/wp-json\/wp\/v2\/media\/341757"}],"wp:attachment":[{"href":"https:\/\/cycle.rizoma.com\/fr\/wp-json\/wp\/v2\/media?parent=317390"}],"wp:term":[{"taxonomy":"rizoma_assembly_time","embeddable":true,"href":"https:\/\/cycle.rizoma.com\/fr\/wp-json\/wp\/v2\/rizoma_assembly_time?post=317390"},{"taxonomy":"rizoma_bike","embeddable":true,"href":"https:\/\/cycle.rizoma.com\/fr\/wp-json\/wp\/v2\/rizoma_bike?post=317390"},{"taxonomy":"rizoma_division","embeddable":true,"href":"https:\/\/cycle.rizoma.com\/fr\/wp-json\/wp\/v2\/rizoma_division?post=317390"},{"taxonomy":"rizoma_family","embeddable":true,"href":"https:\/\/cycle.rizoma.com\/fr\/wp-json\/wp\/v2\/rizoma_family?post=317390"},{"taxonomy":"rizoma_model_category","embeddable":true,"href":"https:\/\/cycle.rizoma.com\/fr\/wp-json\/wp\/v2\/rizoma_model_category?post=317390"},{"taxonomy":"rizoma_product_template","embeddable":true,"href":"https:\/\/cycle.rizoma.com\/fr\/wp-json\/wp\/v2\/rizoma_product_template?post=317390"},{"taxonomy":"product_brand","embeddable":true,"href":"https:\/\/cycle.rizoma.com\/fr\/wp-json\/wp\/v2\/product_brand?post=317390"},{"taxonomy":"product_cat","embeddable":true,"href":"https:\/\/cycle.rizoma.com\/fr\/wp-json\/wp\/v2\/product_cat?post=317390"},{"taxonomy":"product_tag","embeddable":true,"href":"https:\/\/cycle.rizoma.com\/fr\/wp-json\/wp\/v2\/product_tag?post=317390"}],"curies":[{"name":"wp","href":"https:\/\/api.w.org\/{rel}","templated":true}]}}