{"id":317410,"date":"2024-11-21T17:26:20","date_gmt":"2024-11-21T16:26:20","guid":{"rendered":"https:\/\/rwp.rizoma.com\/negozio\/enjoliveur-pour-poignee-arriere-zvp021\/"},"modified":"2025-06-11T17:21:23","modified_gmt":"2025-06-11T15:21:23","slug":"enjoliveur-pour-poignee-arriere-zvp021","status":"publish","type":"product","link":"https:\/\/cycle.rizoma.com\/fr\/negozio\/plus-pour-votre-vespa\/ZVP021\/enjoliveur-pour-poignee-arriere-zvp021\/","title":{"rendered":"Enjoliveur pour poign\u00e9e arri\u00e8re"},"content":{"rendered":"<p>En cas d&#8217;enl\u00e8vement de la poign\u00e9e arri\u00e8re du passager, Rizoma propose un enjoliver qui peut \u00eatre appliqu\u00e9e pour \u00e9viter les trous visibles sans renoncer \u00e0 une touche de style suppl\u00e9mentaire. Enti\u00e8rement r\u00e9alis\u00e9 en aluminium avec une finition soign\u00e9e. Disponible dans les finitions anodis\u00e9es argent et noir.<\/p>\n","protected":false},"excerpt":{"rendered":"<p>En cas d&#8217;enl\u00e8vement de la poign\u00e9e arri\u00e8re du passager, Rizoma propose un enjoliver qui peut \u00eatre appliqu\u00e9e pour \u00e9viter les trous visibles sans renoncer \u00e0 une touche de style suppl\u00e9mentaire. Enti\u00e8rement r\u00e9alis\u00e9 en aluminium avec une finition soign\u00e9e. Disponible dans les finitions anodis\u00e9es argent et noir.<\/p>\n","protected":false},"featured_media":309796,"template":"","meta":{"_acf_changed":false},"rizoma_assembly_time":[42753],"rizoma_bike":[42569,42568,42558,42557,42556,43430,43427,43744,43429,42561,42560,42559,42636,44397,44437,42563,43435,42562,44434,42567,42566,42565,43436,42564,44435,44436],"rizoma_division":[42651],"rizoma_family":[],"rizoma_model_category":[],"rizoma_product_template":[],"product_brand":[],"product_cat":[42945],"product_tag":[],"class_list":{"0":"post-317410","1":"product","2":"type-product","3":"status-publish","4":"has-post-thumbnail","6":"rizoma_bike-elettrica-2018-2022","7":"rizoma_bike-elettrica-2023-2024","8":"rizoma_bike-gts-2015-2017","9":"rizoma_bike-gts-2018-2022","10":"rizoma_bike-gts-2023-2025","11":"rizoma_bike-gts-310-2025","12":"rizoma_bike-gts-310-super-2025","13":"rizoma_bike-gts-310-super-tech-2025","14":"rizoma_bike-gts-310-supersport-2025","15":"rizoma_bike-gts-super-2015-2017","16":"rizoma_bike-gts-super-2018-2022","17":"rizoma_bike-gts-super-2023-2025","18":"rizoma_bike-gtv-2023-2024","19":"rizoma_bike-gtv-310-2025-2026","20":"rizoma_bike-gtv-310-officina-8-2026","21":"rizoma_bike-primavera-2018-2022","22":"rizoma_bike-primavera-2023","23":"rizoma_bike-primavera-2024-2025","24":"rizoma_bike-primavera-elettrica-2024-25","25":"rizoma_bike-sei-giorni-2016-2017","26":"rizoma_bike-sei-giorni-2018-2022","27":"rizoma_bike-sprint-2018-2022","28":"rizoma_bike-sprint-2023","29":"rizoma_bike-sprint-2024-2025","30":"rizoma_bike-sprint-elettrica-2024-25","31":"rizoma_bike-sprint-elettrica-2026","32":"product_cat-plus-pour-votre-vespa","34":"first","35":"instock","36":"taxable","37":"shipping-taxable","38":"purchasable","39":"product-type-variable"},"acf":[],"_links":{"self":[{"href":"https:\/\/cycle.rizoma.com\/fr\/wp-json\/wp\/v2\/product\/317410","targetHints":{"allow":["GET"]}}],"collection":[{"href":"https:\/\/cycle.rizoma.com\/fr\/wp-json\/wp\/v2\/product"}],"about":[{"href":"https:\/\/cycle.rizoma.com\/fr\/wp-json\/wp\/v2\/types\/product"}],"wp:featuredmedia":[{"embeddable":true,"href":"https:\/\/cycle.rizoma.com\/fr\/wp-json\/wp\/v2\/media\/309796"}],"wp:attachment":[{"href":"https:\/\/cycle.rizoma.com\/fr\/wp-json\/wp\/v2\/media?parent=317410"}],"wp:term":[{"taxonomy":"rizoma_assembly_time","embeddable":true,"href":"https:\/\/cycle.rizoma.com\/fr\/wp-json\/wp\/v2\/rizoma_assembly_time?post=317410"},{"taxonomy":"rizoma_bike","embeddable":true,"href":"https:\/\/cycle.rizoma.com\/fr\/wp-json\/wp\/v2\/rizoma_bike?post=317410"},{"taxonomy":"rizoma_division","embeddable":true,"href":"https:\/\/cycle.rizoma.com\/fr\/wp-json\/wp\/v2\/rizoma_division?post=317410"},{"taxonomy":"rizoma_family","embeddable":true,"href":"https:\/\/cycle.rizoma.com\/fr\/wp-json\/wp\/v2\/rizoma_family?post=317410"},{"taxonomy":"rizoma_model_category","embeddable":true,"href":"https:\/\/cycle.rizoma.com\/fr\/wp-json\/wp\/v2\/rizoma_model_category?post=317410"},{"taxonomy":"rizoma_product_template","embeddable":true,"href":"https:\/\/cycle.rizoma.com\/fr\/wp-json\/wp\/v2\/rizoma_product_template?post=317410"},{"taxonomy":"product_brand","embeddable":true,"href":"https:\/\/cycle.rizoma.com\/fr\/wp-json\/wp\/v2\/product_brand?post=317410"},{"taxonomy":"product_cat","embeddable":true,"href":"https:\/\/cycle.rizoma.com\/fr\/wp-json\/wp\/v2\/product_cat?post=317410"},{"taxonomy":"product_tag","embeddable":true,"href":"https:\/\/cycle.rizoma.com\/fr\/wp-json\/wp\/v2\/product_tag?post=317410"}],"curies":[{"name":"wp","href":"https:\/\/api.w.org\/{rel}","templated":true}]}}