{"id":317415,"date":"2024-11-21T17:26:27","date_gmt":"2024-11-21T16:26:27","guid":{"rendered":"https:\/\/rwp.rizoma.com\/negozio\/couvercle-de-tableau-de-bord-zvp033\/"},"modified":"2025-06-11T17:21:52","modified_gmt":"2025-06-11T15:21:52","slug":"couvercle-de-tableau-de-bord-zvp033","status":"publish","type":"product","link":"https:\/\/cycle.rizoma.com\/fr\/negozio\/plus-pour-votre-vespa\/ZVP033\/couvercle-de-tableau-de-bord-zvp033\/","title":{"rendered":"Couvercle de tableau de bord"},"content":{"rendered":"<p>Le couvercle de tableau de bord Rizoma pour Vespa est r\u00e9alis\u00e9 en aluminium, la finition est obtenue par un usinage 3D de pr\u00e9cision et une anodisation ult\u00e9rieure. Les lignes sont minimales, essentielles et le design pr\u00e9sente un bord sur\u00e9lev\u00e9 par rapport \u00e0 la surface du tableau de bord, pour le prot\u00e9ger de la lumi\u00e8re et des reflets excessifs.<\/p>\n","protected":false},"excerpt":{"rendered":"<p>Le couvercle de tableau de bord Rizoma pour Vespa est r\u00e9alis\u00e9 en aluminium, la finition est obtenue par un usinage 3D de pr\u00e9cision et une anodisation ult\u00e9rieure. Les lignes sont minimales, essentielles et le design pr\u00e9sente un bord sur\u00e9lev\u00e9 par rapport \u00e0 la surface du tableau de bord, pour le prot\u00e9ger de la lumi\u00e8re et [&hellip;]<\/p>\n","protected":false},"featured_media":308766,"template":"","meta":{"_acf_changed":false},"rizoma_assembly_time":[42664],"rizoma_bike":[42556,43430,43427,43744,43429,42559],"rizoma_division":[42651],"rizoma_family":[],"rizoma_model_category":[],"rizoma_product_template":[],"product_brand":[],"product_cat":[42945],"product_tag":[],"class_list":{"0":"post-317415","1":"product","2":"type-product","3":"status-publish","4":"has-post-thumbnail","6":"rizoma_bike-gts-2023-2025","7":"rizoma_bike-gts-310-2025","8":"rizoma_bike-gts-310-super-2025","9":"rizoma_bike-gts-310-super-tech-2025","10":"rizoma_bike-gts-310-supersport-2025","11":"rizoma_bike-gts-super-2023-2025","12":"product_cat-plus-pour-votre-vespa","14":"first","15":"instock","16":"sale","17":"taxable","18":"shipping-taxable","19":"purchasable","20":"product-type-variable"},"acf":[],"_links":{"self":[{"href":"https:\/\/cycle.rizoma.com\/fr\/wp-json\/wp\/v2\/product\/317415","targetHints":{"allow":["GET"]}}],"collection":[{"href":"https:\/\/cycle.rizoma.com\/fr\/wp-json\/wp\/v2\/product"}],"about":[{"href":"https:\/\/cycle.rizoma.com\/fr\/wp-json\/wp\/v2\/types\/product"}],"wp:featuredmedia":[{"embeddable":true,"href":"https:\/\/cycle.rizoma.com\/fr\/wp-json\/wp\/v2\/media\/308766"}],"wp:attachment":[{"href":"https:\/\/cycle.rizoma.com\/fr\/wp-json\/wp\/v2\/media?parent=317415"}],"wp:term":[{"taxonomy":"rizoma_assembly_time","embeddable":true,"href":"https:\/\/cycle.rizoma.com\/fr\/wp-json\/wp\/v2\/rizoma_assembly_time?post=317415"},{"taxonomy":"rizoma_bike","embeddable":true,"href":"https:\/\/cycle.rizoma.com\/fr\/wp-json\/wp\/v2\/rizoma_bike?post=317415"},{"taxonomy":"rizoma_division","embeddable":true,"href":"https:\/\/cycle.rizoma.com\/fr\/wp-json\/wp\/v2\/rizoma_division?post=317415"},{"taxonomy":"rizoma_family","embeddable":true,"href":"https:\/\/cycle.rizoma.com\/fr\/wp-json\/wp\/v2\/rizoma_family?post=317415"},{"taxonomy":"rizoma_model_category","embeddable":true,"href":"https:\/\/cycle.rizoma.com\/fr\/wp-json\/wp\/v2\/rizoma_model_category?post=317415"},{"taxonomy":"rizoma_product_template","embeddable":true,"href":"https:\/\/cycle.rizoma.com\/fr\/wp-json\/wp\/v2\/rizoma_product_template?post=317415"},{"taxonomy":"product_brand","embeddable":true,"href":"https:\/\/cycle.rizoma.com\/fr\/wp-json\/wp\/v2\/product_brand?post=317415"},{"taxonomy":"product_cat","embeddable":true,"href":"https:\/\/cycle.rizoma.com\/fr\/wp-json\/wp\/v2\/product_cat?post=317415"},{"taxonomy":"product_tag","embeddable":true,"href":"https:\/\/cycle.rizoma.com\/fr\/wp-json\/wp\/v2\/product_tag?post=317415"}],"curies":[{"name":"wp","href":"https:\/\/api.w.org\/{rel}","templated":true}]}}