{"id":317425,"date":"2024-11-21T17:26:41","date_gmt":"2024-11-21T16:26:41","guid":{"rendered":"https:\/\/rwp.rizoma.com\/negozio\/insert-logo-zvp037\/"},"modified":"2025-06-11T17:20:41","modified_gmt":"2025-06-11T15:20:41","slug":"insert-logo-zvp037","status":"publish","type":"product","link":"https:\/\/cycle.rizoma.com\/fr\/negozio\/plus-pour-votre-vespa\/ZVP037\/insert-logo-zvp037\/motorbike\/9151\/honda\/africa-twin-crf-1000l\/","title":{"rendered":"Insert logo"},"content":{"rendered":"<p>L&#8217;insert du logo du carter avant OEM est usin\u00e9 dans de l&#8217;aluminium brut. Il s&#8217;agit d&#8217;un d\u00e9tail au design pur, qui souligne l&#8217;impact visuel \u00e0 l&#8217;avant et s&#8217;harmonise parfaitement avec l&#8217;Icon Tag V, cr\u00e9ant ainsi une \u00e9l\u00e9gante continuit\u00e9 stylistique. Disponible en noir et en argent avec marquage laser contrast\u00e9.<\/p>\n","protected":false},"excerpt":{"rendered":"<p>L&#8217;insert du logo du carter avant OEM est usin\u00e9 dans de l&#8217;aluminium brut. Il s&#8217;agit d&#8217;un d\u00e9tail au design pur, qui souligne l&#8217;impact visuel \u00e0 l&#8217;avant et s&#8217;harmonise parfaitement avec l&#8217;Icon Tag V, cr\u00e9ant ainsi une \u00e9l\u00e9gante continuit\u00e9 stylistique. Disponible en noir et en argent avec marquage laser contrast\u00e9.<\/p>\n","protected":false},"featured_media":306886,"template":"","meta":{"_acf_changed":false},"rizoma_assembly_time":[42664],"rizoma_bike":[42569,42568,42557,42556,43430,43427,43744,43429,42560,42559,42636,44397,44437,42563,43435,42562,44434,42566,42565,43436,42564,44435,44436],"rizoma_division":[42651],"rizoma_family":[],"rizoma_model_category":[],"rizoma_product_template":[],"product_brand":[],"product_cat":[42945],"product_tag":[],"class_list":{"0":"post-317425","1":"product","2":"type-product","3":"status-publish","4":"has-post-thumbnail","6":"rizoma_bike-elettrica-2018-2022","7":"rizoma_bike-elettrica-2023-2024","8":"rizoma_bike-gts-2018-2022","9":"rizoma_bike-gts-2023-2025","10":"rizoma_bike-gts-310-2025","11":"rizoma_bike-gts-310-super-2025","12":"rizoma_bike-gts-310-super-tech-2025","13":"rizoma_bike-gts-310-supersport-2025","14":"rizoma_bike-gts-super-2018-2022","15":"rizoma_bike-gts-super-2023-2025","16":"rizoma_bike-gtv-2023-2024","17":"rizoma_bike-gtv-310-2025-2026","18":"rizoma_bike-gtv-310-officina-8-2026","19":"rizoma_bike-primavera-2018-2022","20":"rizoma_bike-primavera-2023","21":"rizoma_bike-primavera-2024-2025","22":"rizoma_bike-primavera-elettrica-2024-25","23":"rizoma_bike-sei-giorni-2018-2022","24":"rizoma_bike-sprint-2018-2022","25":"rizoma_bike-sprint-2023","26":"rizoma_bike-sprint-2024-2025","27":"rizoma_bike-sprint-elettrica-2024-25","28":"rizoma_bike-sprint-elettrica-2026","29":"product_cat-plus-pour-votre-vespa","31":"first","32":"instock","33":"taxable","34":"shipping-taxable","35":"purchasable","36":"product-type-variable"},"acf":[],"_links":{"self":[{"href":"https:\/\/cycle.rizoma.com\/fr\/wp-json\/wp\/v2\/product\/317425","targetHints":{"allow":["GET"]}}],"collection":[{"href":"https:\/\/cycle.rizoma.com\/fr\/wp-json\/wp\/v2\/product"}],"about":[{"href":"https:\/\/cycle.rizoma.com\/fr\/wp-json\/wp\/v2\/types\/product"}],"wp:featuredmedia":[{"embeddable":true,"href":"https:\/\/cycle.rizoma.com\/fr\/wp-json\/wp\/v2\/media\/306886"}],"wp:attachment":[{"href":"https:\/\/cycle.rizoma.com\/fr\/wp-json\/wp\/v2\/media?parent=317425"}],"wp:term":[{"taxonomy":"rizoma_assembly_time","embeddable":true,"href":"https:\/\/cycle.rizoma.com\/fr\/wp-json\/wp\/v2\/rizoma_assembly_time?post=317425"},{"taxonomy":"rizoma_bike","embeddable":true,"href":"https:\/\/cycle.rizoma.com\/fr\/wp-json\/wp\/v2\/rizoma_bike?post=317425"},{"taxonomy":"rizoma_division","embeddable":true,"href":"https:\/\/cycle.rizoma.com\/fr\/wp-json\/wp\/v2\/rizoma_division?post=317425"},{"taxonomy":"rizoma_family","embeddable":true,"href":"https:\/\/cycle.rizoma.com\/fr\/wp-json\/wp\/v2\/rizoma_family?post=317425"},{"taxonomy":"rizoma_model_category","embeddable":true,"href":"https:\/\/cycle.rizoma.com\/fr\/wp-json\/wp\/v2\/rizoma_model_category?post=317425"},{"taxonomy":"rizoma_product_template","embeddable":true,"href":"https:\/\/cycle.rizoma.com\/fr\/wp-json\/wp\/v2\/rizoma_product_template?post=317425"},{"taxonomy":"product_brand","embeddable":true,"href":"https:\/\/cycle.rizoma.com\/fr\/wp-json\/wp\/v2\/product_brand?post=317425"},{"taxonomy":"product_cat","embeddable":true,"href":"https:\/\/cycle.rizoma.com\/fr\/wp-json\/wp\/v2\/product_cat?post=317425"},{"taxonomy":"product_tag","embeddable":true,"href":"https:\/\/cycle.rizoma.com\/fr\/wp-json\/wp\/v2\/product_tag?post=317425"}],"curies":[{"name":"wp","href":"https:\/\/api.w.org\/{rel}","templated":true}]}}