{"id":317435,"date":"2024-11-21T17:26:54","date_gmt":"2024-11-21T16:26:54","guid":{"rendered":"https:\/\/rwp.rizoma.com\/negozio\/icon-tag-side-pods-zvp043\/"},"modified":"2025-06-11T17:20:26","modified_gmt":"2025-06-11T15:20:26","slug":"icon-tag-laterales-zvp043","status":"publish","type":"product","link":"https:\/\/cycle.rizoma.com\/fr\/negozio\/plus-pour-votre-vespa\/ZVP043\/icon-tag-laterales-zvp043\/","title":{"rendered":"Icon tag lat\u00e9rales"},"content":{"rendered":"<p>Les panneaux lat\u00e9raux de l&#8217;Icon Tag V sont fabriqu\u00e9s \u00e0 partir d&#8217;aluminium usin\u00e9 avec pr\u00e9cision en 3D. Ils sont disponibles en argent ou en noir avec une gravure laser contrast\u00e9e et s&#8217;harmonisent parfaitement avec l&#8217;Icon Tag V con\u00e7u pour l&#8217;avant.<\/p>\n","protected":false},"excerpt":{"rendered":"<p>Les panneaux lat\u00e9raux de l&#8217;Icon Tag V sont fabriqu\u00e9s \u00e0 partir d&#8217;aluminium usin\u00e9 avec pr\u00e9cision en 3D. Ils sont disponibles en argent ou en noir avec une gravure laser contrast\u00e9e et s&#8217;harmonisent parfaitement avec l&#8217;Icon Tag V con\u00e7u pour l&#8217;avant.<\/p>\n","protected":false},"featured_media":306911,"template":"","meta":{"_acf_changed":false},"rizoma_assembly_time":[42664],"rizoma_bike":[42557,42556,43430,43427,43744,43429,42560,42559,42636,44397,44437,42566],"rizoma_division":[42651],"rizoma_family":[],"rizoma_model_category":[],"rizoma_product_template":[],"product_brand":[],"product_cat":[42945],"product_tag":[],"class_list":{"0":"post-317435","1":"product","2":"type-product","3":"status-publish","4":"has-post-thumbnail","6":"rizoma_bike-gts-2018-2022","7":"rizoma_bike-gts-2023-2025","8":"rizoma_bike-gts-310-2025","9":"rizoma_bike-gts-310-super-2025","10":"rizoma_bike-gts-310-super-tech-2025","11":"rizoma_bike-gts-310-supersport-2025","12":"rizoma_bike-gts-super-2018-2022","13":"rizoma_bike-gts-super-2023-2025","14":"rizoma_bike-gtv-2023-2024","15":"rizoma_bike-gtv-310-2025-2026","16":"rizoma_bike-gtv-310-officina-8-2026","17":"rizoma_bike-sei-giorni-2018-2022","18":"product_cat-plus-pour-votre-vespa","20":"first","21":"instock","22":"taxable","23":"shipping-taxable","24":"purchasable","25":"product-type-variable"},"acf":[],"_links":{"self":[{"href":"https:\/\/cycle.rizoma.com\/fr\/wp-json\/wp\/v2\/product\/317435","targetHints":{"allow":["GET"]}}],"collection":[{"href":"https:\/\/cycle.rizoma.com\/fr\/wp-json\/wp\/v2\/product"}],"about":[{"href":"https:\/\/cycle.rizoma.com\/fr\/wp-json\/wp\/v2\/types\/product"}],"wp:featuredmedia":[{"embeddable":true,"href":"https:\/\/cycle.rizoma.com\/fr\/wp-json\/wp\/v2\/media\/306911"}],"wp:attachment":[{"href":"https:\/\/cycle.rizoma.com\/fr\/wp-json\/wp\/v2\/media?parent=317435"}],"wp:term":[{"taxonomy":"rizoma_assembly_time","embeddable":true,"href":"https:\/\/cycle.rizoma.com\/fr\/wp-json\/wp\/v2\/rizoma_assembly_time?post=317435"},{"taxonomy":"rizoma_bike","embeddable":true,"href":"https:\/\/cycle.rizoma.com\/fr\/wp-json\/wp\/v2\/rizoma_bike?post=317435"},{"taxonomy":"rizoma_division","embeddable":true,"href":"https:\/\/cycle.rizoma.com\/fr\/wp-json\/wp\/v2\/rizoma_division?post=317435"},{"taxonomy":"rizoma_family","embeddable":true,"href":"https:\/\/cycle.rizoma.com\/fr\/wp-json\/wp\/v2\/rizoma_family?post=317435"},{"taxonomy":"rizoma_model_category","embeddable":true,"href":"https:\/\/cycle.rizoma.com\/fr\/wp-json\/wp\/v2\/rizoma_model_category?post=317435"},{"taxonomy":"rizoma_product_template","embeddable":true,"href":"https:\/\/cycle.rizoma.com\/fr\/wp-json\/wp\/v2\/rizoma_product_template?post=317435"},{"taxonomy":"product_brand","embeddable":true,"href":"https:\/\/cycle.rizoma.com\/fr\/wp-json\/wp\/v2\/product_brand?post=317435"},{"taxonomy":"product_cat","embeddable":true,"href":"https:\/\/cycle.rizoma.com\/fr\/wp-json\/wp\/v2\/product_cat?post=317435"},{"taxonomy":"product_tag","embeddable":true,"href":"https:\/\/cycle.rizoma.com\/fr\/wp-json\/wp\/v2\/product_tag?post=317435"}],"curies":[{"name":"wp","href":"https:\/\/api.w.org\/{rel}","templated":true}]}}