{"id":317440,"date":"2024-11-21T17:27:00","date_gmt":"2024-11-21T16:27:00","guid":{"rendered":"https:\/\/rwp.rizoma.com\/negozio\/couvercle-moteur-zvp044\/"},"modified":"2025-01-14T12:49:25","modified_gmt":"2025-01-14T11:49:25","slug":"couvercle-moteur-zvp044","status":"publish","type":"product","link":"https:\/\/cycle.rizoma.com\/fr\/negozio\/plus-pour-votre-vespa\/ZVP044\/couvercle-moteur-zvp044\/","title":{"rendered":"Couvercle moteur"},"content":{"rendered":"<p>Le couvercle du moteur de la Vespa est enti\u00e8rement r\u00e9alis\u00e9 en aluminium et est orn\u00e9 d&#8217;une \u00e9l\u00e9gante texture longitudinale. Le design innovant pr\u00e9sente deux ouvertures, l&#8217;une \u00e0 l&#8217;avant et l&#8217;autre \u00e0 l&#8217;arri\u00e8re, con\u00e7ues pour am\u00e9liorer la circulation de l&#8217;air. Disponible dans les versions anodis\u00e9es argent et noir.<\/p>\n","protected":false},"excerpt":{"rendered":"<p>Le couvercle du moteur de la Vespa est enti\u00e8rement r\u00e9alis\u00e9 en aluminium et est orn\u00e9 d&#8217;une \u00e9l\u00e9gante texture longitudinale. Le design innovant pr\u00e9sente deux ouvertures, l&#8217;une \u00e0 l&#8217;avant et l&#8217;autre \u00e0 l&#8217;arri\u00e8re, con\u00e7ues pour am\u00e9liorer la circulation de l&#8217;air. Disponible dans les versions anodis\u00e9es argent et noir.<\/p>\n","protected":false},"featured_media":309546,"template":"","meta":{"_acf_changed":false},"rizoma_assembly_time":[42664],"rizoma_bike":[43435,42562,43436,42564],"rizoma_division":[42651],"rizoma_family":[],"rizoma_model_category":[],"rizoma_product_template":[],"product_brand":[],"product_cat":[42945],"product_tag":[],"class_list":{"0":"post-317440","1":"product","2":"type-product","3":"status-publish","4":"has-post-thumbnail","6":"rizoma_bike-primavera-2023","7":"rizoma_bike-primavera-2024-2025","8":"rizoma_bike-sprint-2023","9":"rizoma_bike-sprint-2024-2025","10":"product_cat-plus-pour-votre-vespa","12":"first","13":"instock","14":"sale","15":"taxable","16":"shipping-taxable","17":"purchasable","18":"product-type-variable"},"acf":[],"_links":{"self":[{"href":"https:\/\/cycle.rizoma.com\/fr\/wp-json\/wp\/v2\/product\/317440","targetHints":{"allow":["GET"]}}],"collection":[{"href":"https:\/\/cycle.rizoma.com\/fr\/wp-json\/wp\/v2\/product"}],"about":[{"href":"https:\/\/cycle.rizoma.com\/fr\/wp-json\/wp\/v2\/types\/product"}],"wp:featuredmedia":[{"embeddable":true,"href":"https:\/\/cycle.rizoma.com\/fr\/wp-json\/wp\/v2\/media\/309546"}],"wp:attachment":[{"href":"https:\/\/cycle.rizoma.com\/fr\/wp-json\/wp\/v2\/media?parent=317440"}],"wp:term":[{"taxonomy":"rizoma_assembly_time","embeddable":true,"href":"https:\/\/cycle.rizoma.com\/fr\/wp-json\/wp\/v2\/rizoma_assembly_time?post=317440"},{"taxonomy":"rizoma_bike","embeddable":true,"href":"https:\/\/cycle.rizoma.com\/fr\/wp-json\/wp\/v2\/rizoma_bike?post=317440"},{"taxonomy":"rizoma_division","embeddable":true,"href":"https:\/\/cycle.rizoma.com\/fr\/wp-json\/wp\/v2\/rizoma_division?post=317440"},{"taxonomy":"rizoma_family","embeddable":true,"href":"https:\/\/cycle.rizoma.com\/fr\/wp-json\/wp\/v2\/rizoma_family?post=317440"},{"taxonomy":"rizoma_model_category","embeddable":true,"href":"https:\/\/cycle.rizoma.com\/fr\/wp-json\/wp\/v2\/rizoma_model_category?post=317440"},{"taxonomy":"rizoma_product_template","embeddable":true,"href":"https:\/\/cycle.rizoma.com\/fr\/wp-json\/wp\/v2\/rizoma_product_template?post=317440"},{"taxonomy":"product_brand","embeddable":true,"href":"https:\/\/cycle.rizoma.com\/fr\/wp-json\/wp\/v2\/product_brand?post=317440"},{"taxonomy":"product_cat","embeddable":true,"href":"https:\/\/cycle.rizoma.com\/fr\/wp-json\/wp\/v2\/product_cat?post=317440"},{"taxonomy":"product_tag","embeddable":true,"href":"https:\/\/cycle.rizoma.com\/fr\/wp-json\/wp\/v2\/product_tag?post=317440"}],"curies":[{"name":"wp","href":"https:\/\/api.w.org\/{rel}","templated":true}]}}