{"id":317475,"date":"2024-11-21T17:27:47","date_gmt":"2024-11-21T16:27:47","guid":{"rendered":"https:\/\/rwp.rizoma.com\/negozio\/e-pop-bs121\/"},"modified":"2025-01-14T12:51:15","modified_gmt":"2025-01-14T11:51:15","slug":"e-pop-bs121","status":"publish","type":"product","link":"https:\/\/cycle.rizoma.com\/fr\/negozio\/retroviseurs\/BS121\/e-pop-bs121\/","title":{"rendered":"e-pop"},"content":{"rendered":"<p>e-pop se caract\u00e9rise \u00e0 la fois par ses lignes \u00e9pur\u00e9es et essentielles et par ses variantes de couleurs exclusives qui attirent l&#8217;attention. L&#8217;\u00e9quipe R&#038;D a revisit\u00e9 la forme arrondie classique en ajoutant du dynamisme au design global, exprimant ainsi la vision de Rizoma qui consiste \u00e0 r\u00e9inventer la fa\u00e7on dont nous voyons et vivons la mobilit\u00e9. La tige de l&#8217;e-pop est en aluminium anodis\u00e9 noir et est associ\u00e9e \u00e0 un support miroir en technopolym\u00e8re, enrichi de la texture distinctive d&#8217;Altera. Elle est mont\u00e9e directement sur le guidon et la grande surface r\u00e9fl\u00e9chissante, conforme aux normes d&#8217;homologation europ\u00e9ennes, offre une excellente visibilit\u00e9.<\/p>\n","protected":false},"excerpt":{"rendered":"<p>e-pop se caract\u00e9rise \u00e0 la fois par ses lignes \u00e9pur\u00e9es et essentielles et par ses variantes de couleurs exclusives qui attirent l&#8217;attention. L&#8217;\u00e9quipe R&#038;D a revisit\u00e9 la forme arrondie classique en ajoutant du dynamisme au design global, exprimant ainsi la vision de Rizoma qui consiste \u00e0 r\u00e9inventer la fa\u00e7on dont nous voyons et vivons la [&hellip;]<\/p>\n","protected":false},"featured_media":305371,"template":"","meta":{"_acf_changed":false},"rizoma_assembly_time":[42675],"rizoma_bike":[41820,42138,42239,42371,42445,41837,42021,42446,41939,42617,42618,41810,42094,42199,43690,42399,42479,42351,42474,42377,42240,42352,42469,42619,44429,42203,42511,42620,42205,42513,42623,42206,42514,42624,42438,42439,42627,42276,42440,42277,42278,42441,42628,42279,42204,42512,42270,42404,42271,42405,42621,42622,42272,42406,42273,42407,42274,42408,42275,42409,43702,43703,42145,42099,41938,42011,41845,42165,42315,43869,43870,42398,41350,41351,41352,42442,42637,42592,42569,42568,42019,41956,43418,44375,44378,43419,43420,42558,42557,42556,43430,43427,43744,43429,42561,42560,42559,42636,44397,44437,41517,41518,41519,41520,41521,41522,41523,42608,42609,42154,42392,42280,42393,42163,42394,44468,44469,41582,41583,41946,42140,42207,42420,44425,41852,41974,42108,42450,42304,43741,41853,41901,42542,43742,41821,41991,42263,42321,42451,42610,41831,41960,42107,42322,42452,42611,42640,42563,43435,42562,44434,43897,43723,43724,42591,43987,43988,43989,43990,43991,43394,42604,42605,42606,44444,42296,42551,41839,42006,41979,42248,41953,42297,42298,42299,42372,42003,42178,42236,42607,41944,41876,42054,42005,42325,42388,41943,41877,42055,42520,42646,41878,42056,42198,42326,42521,42217,42428,42647,42066,42522,42109,41879,42429,42567,42566,42565,43436,42564,44435,44436,42100,42243,41390,41391,41392,41393,41394,41395,41396,41397,41398,41399,41400,41401,42164,42379,42525,43685,42570,42571,43686,42282,42380,42526,42472,42589,44438,42332,44439,44440,44441,44408,44409,44411,44412,42555,42584,42585,42586,43432,43914,43428,43915,43431,44461,44462,44421,42026,42114,42122,42105,42106,42012,42013,42168,42189,42241,44423,44428,41778,42359,42360,44424,42084,42244,41860,42535,43691,41861,42028,42071,42159,41933,41907,42230,42536,43692,43693,41856,41857,41931,41920,42537,43694,42000,42160,42269,42231,42538,43695,43696,41816,41874,42027,42161,41932,41868,41818,42232,42457,41909,44458,44460,44459,42083,42366,42504,42478,42104,42257,42258,42370,42505],"rizoma_division":[42651],"rizoma_family":[42975],"rizoma_model_category":[],"rizoma_product_template":[],"product_brand":[],"product_cat":[43939],"product_tag":[],"class_list":{"0":"post-317475","1":"product","2":"type-product","3":"status-publish","4":"has-post-thumbnail","6":"rizoma_bike-125-duke-abs-2013-16","7":"rizoma_bike-1290-super-duke-r-2019","8":"rizoma_bike-1290-super-duke-r-2020","9":"rizoma_bike-1290-super-duke-r-2021","10":"rizoma_bike-1290-super-duke-r-2022-23","11":"rizoma_bike-1290-super-duke-r-abs-2014-16","12":"rizoma_bike-1290-super-duke-r-abs-2017-18","13":"rizoma_bike-1290-super-duke-r-evo-2022-23","14":"rizoma_bike-1290-super-duke-r-se-abs-2016","15":"rizoma_bike-1390-super-duke-r-2024-26","16":"rizoma_bike-1390-super-duke-r-evo-2024-26","17":"rizoma_bike-390-duke-abs-2012-16","18":"rizoma_bike-790-duke-2018-20","19":"rizoma_bike-790-duke-2019","20":"rizoma_bike-790-duke-2025-26","21":"rizoma_bike-790-duke-l-2019-20","22":"rizoma_bike-790-duke-l-2023-24","23":"rizoma_bike-890-duke-2021-23","24":"rizoma_bike-890-duke-gp-2022-23","25":"rizoma_bike-890-duke-l-2021","26":"rizoma_bike-890-duke-r-2020","27":"rizoma_bike-890-duke-r-2021","28":"rizoma_bike-890-duke-r-2022-23","29":"rizoma_bike-990-duke-2024-26","30":"rizoma_bike-990-duke-r-2026","31":"rizoma_bike-africa-twin-crf-1100l-2020-21","32":"rizoma_bike-africa-twin-crf-1100l-2022-23","33":"rizoma_bike-africa-twin-crf-1100l-2024-26","34":"rizoma_bike-africa-twin-crf-1100l-adventure-sports-2020-21","35":"rizoma_bike-africa-twin-crf-1100l-adventure-sports-2022-23","36":"rizoma_bike-africa-twin-crf-1100l-adventure-sports-2024-26","37":"rizoma_bike-africa-twin-crf-1100l-adventure-sports-dct-2020-21","38":"rizoma_bike-africa-twin-crf-1100l-adventure-sports-dct-2022-23","39":"rizoma_bike-africa-twin-crf-1100l-adventure-sports-dct-2024-26","40":"rizoma_bike-africa-twin-crf-1100l-adventure-sports-dct-desert-track-2022-23","41":"rizoma_bike-africa-twin-crf-1100l-adventure-sports-dct-travel-edition-2022-23","42":"rizoma_bike-africa-twin-crf-1100l-adventure-sports-dct-travel-edition-2024-26","43":"rizoma_bike-africa-twin-crf-1100l-adventure-sports-desert-track-2020-21","44":"rizoma_bike-africa-twin-crf-1100l-adventure-sports-desert-track-2022-23","45":"rizoma_bike-africa-twin-crf-1100l-adventure-sports-desert-track-dct-2020-21","46":"rizoma_bike-africa-twin-crf-1100l-adventure-sports-travel-edition-2020-21","47":"rizoma_bike-africa-twin-crf-1100l-adventure-sports-travel-edition-2022-23","48":"rizoma_bike-africa-twin-crf-1100l-adventure-sports-travel-edition-2024-26","49":"rizoma_bike-africa-twin-crf-1100l-adventure-sports-travel-edition-dct-2020-21","50":"rizoma_bike-africa-twin-crf-1100l-dct-2020-21","51":"rizoma_bike-africa-twin-crf-1100l-dct-2022-23","52":"rizoma_bike-africa-twin-crf-1100l-desert-track-2020-21","53":"rizoma_bike-africa-twin-crf-1100l-desert-track-2022-23","54":"rizoma_bike-africa-twin-crf-1100l-desert-track-dct-2020-21","55":"rizoma_bike-africa-twin-crf-1100l-desert-track-dct-2022-23","56":"rizoma_bike-africa-twin-crf-1100l-es-2024-26","57":"rizoma_bike-africa-twin-crf-1100l-es-dct-2024-26","58":"rizoma_bike-africa-twin-crf-1100l-travel-edition-2020-21","59":"rizoma_bike-africa-twin-crf-1100l-travel-edition-2022-23","60":"rizoma_bike-africa-twin-crf-1100l-travel-edition-dct-2020-21","61":"rizoma_bike-africa-twin-crf-1100l-travel-edition-dct-2022-23","62":"rizoma_bike-africa-twin-crf-1100l-urban-2020-21","63":"rizoma_bike-africa-twin-crf-1100l-urban-2022-23","64":"rizoma_bike-africa-twin-crf-1100l-urban-dct-2020-21","65":"rizoma_bike-africa-twin-crf-1100l-urban-dct-2022-23","66":"rizoma_bike-cb-1000-hornet-2025-26","67":"rizoma_bike-cb-1000-hornet-sp-2025-26","68":"rizoma_bike-cb-1000-r-neo-sport-cafe-2019-20","69":"rizoma_bike-cb-1000-r-neo-sport-cafe-2018-20","70":"rizoma_bike-cb-500-f-abs-2016","71":"rizoma_bike-cb-650-f-2017-18","72":"rizoma_bike-cb-650-f-abs-2014-17","73":"rizoma_bike-cb-650-r-2019-20","74":"rizoma_bike-cb-650-r-2021-23","75":"rizoma_bike-cb-650-r-2024-25","76":"rizoma_bike-cb-650-r-e-clutch-2024-26","77":"rizoma_bike-ce-04-2021-25","78":"rizoma_bike-cr-125-2005","79":"rizoma_bike-cr-125-2006","80":"rizoma_bike-cr-125-2007","81":"rizoma_bike-desertx-2022-25","82":"rizoma_bike-desertx-discovery-2025","83":"rizoma_bike-desertx-rally-2024-25","84":"rizoma_bike-elettrica-2018-2022","85":"rizoma_bike-elettrica-2023-2024","86":"rizoma_bike-g-310-gs-2017-20","87":"rizoma_bike-g-310-r-2016-20","88":"rizoma_bike-gsx-8s-2023-24","89":"rizoma_bike-gsx-8s-2025-26","90":"rizoma_bike-gsx-8s-evo-2025-26","91":"rizoma_bike-gsx-8s-kevin-schwantz-edition-2023","92":"rizoma_bike-gsx-8s-team-suzuki-edition-2024","93":"rizoma_bike-gts-2015-2017","94":"rizoma_bike-gts-2018-2022","95":"rizoma_bike-gts-2023-2025","96":"rizoma_bike-gts-310-2025","97":"rizoma_bike-gts-310-super-2025","98":"rizoma_bike-gts-310-super-tech-2025","99":"rizoma_bike-gts-310-supersport-2025","100":"rizoma_bike-gts-super-2015-2017","101":"rizoma_bike-gts-super-2018-2022","102":"rizoma_bike-gts-super-2023-2025","103":"rizoma_bike-gtv-2023-2024","104":"rizoma_bike-gtv-310-2025-2026","105":"rizoma_bike-gtv-310-officina-8-2026","106":"rizoma_bike-hornet-600-2000-02","107":"rizoma_bike-hornet-600-2003-04","108":"rizoma_bike-hornet-600-2005-06","109":"rizoma_bike-hornet-600-2007-10","110":"rizoma_bike-hornet-600-2011-13","111":"rizoma_bike-hornet-600-abs-2011-13","112":"rizoma_bike-hornet-900-1","113":"rizoma_bike-hypermotard-698-mono-2024-26","114":"rizoma_bike-hypermotard-698-mono-rve-2024-26","115":"rizoma_bike-hypermotard-950-2019-20","116":"rizoma_bike-hypermotard-950-2022-25","117":"rizoma_bike-hypermotard-950-rve-2020","118":"rizoma_bike-hypermotard-950-rve-2022-25","119":"rizoma_bike-hypermotard-950-sp-2019-20","120":"rizoma_bike-hypermotard-950-sp-2022-25","121":"rizoma_bike-monster-890-2026","122":"rizoma_bike-monster-890-2026-1","123":"rizoma_bike-mt-01-2005-11","124":"rizoma_bike-mt-01-sp-2009-11","125":"rizoma_bike-mt-03-2016-17","126":"rizoma_bike-mt-03-2018-19","127":"rizoma_bike-mt-03-2020","128":"rizoma_bike-mt-03-2022-24","129":"rizoma_bike-mt-03-2025-26","130":"rizoma_bike-mt-07-2014-16","131":"rizoma_bike-mt-07-2017-18","132":"rizoma_bike-mt-07-2018-20","133":"rizoma_bike-mt-07-2021-24","134":"rizoma_bike-mt-07-2021","135":"rizoma_bike-mt-07-2025-26","136":"rizoma_bike-mt-07-abs-2014-16","137":"rizoma_bike-mt-07-moto-cage-2015-17","138":"rizoma_bike-mt-07-pure-2023-25","139":"rizoma_bike-mt-07-y-amt-2025-26","140":"rizoma_bike-mt-09-2013-15","141":"rizoma_bike-mt-09-2017-20","142":"rizoma_bike-mt-09-2020","143":"rizoma_bike-mt-09-2021","144":"rizoma_bike-mt-09-2022-23","145":"rizoma_bike-mt-09-2024-26","146":"rizoma_bike-mt-09-abs-2013-15","147":"rizoma_bike-mt-09-abs-2016","148":"rizoma_bike-mt-09-sp-2018-20","149":"rizoma_bike-mt-09-sp-2021","150":"rizoma_bike-mt-09-sp-2022-23","151":"rizoma_bike-mt-09-sp-2024-26","152":"rizoma_bike-mt-09-y-amt-2024-26","153":"rizoma_bike-primavera-2018-2022","154":"rizoma_bike-primavera-2023","155":"rizoma_bike-primavera-2024-2025","156":"rizoma_bike-primavera-elettrica-2024-25","157":"rizoma_bike-r-12-g-s-2026","158":"rizoma_bike-r-12-ninet-2023-26","159":"rizoma_bike-r-12-ninet-san-remo-2023-24","160":"rizoma_bike-r-1300-gs-2023-26","161":"rizoma_bike-r-1300-gs-adventure-2025-26","162":"rizoma_bike-r-1300-gs-adventure-asa-2025-26","163":"rizoma_bike-r-1300-gs-adventure-option-719-karakorum-2025-26","164":"rizoma_bike-r-1300-gs-adventure-triple-black-2025-26","165":"rizoma_bike-r-1300-gs-adventure-trophy-2025-26","166":"rizoma_bike-r-1300-gs-asa-2024-26","167":"rizoma_bike-r-1300-gs-option-719-tramuntana-2023-26","168":"rizoma_bike-r-1300-gs-triple-black-2023-26","169":"rizoma_bike-r-1300-gs-trophy-2023-26","170":"rizoma_bike-r-1300-r-2026","171":"rizoma_bike-r-ninet-2021-24","172":"rizoma_bike-r-ninet-100-years-2023","173":"rizoma_bike-r-ninet-1200-2014-16","174":"rizoma_bike-r-ninet-1200-2017-20","175":"rizoma_bike-r-ninet-1200-pure-2017-20","176":"rizoma_bike-r-ninet-1200-pure-2020","177":"rizoma_bike-r-ninet-1200-scrambler-2016-20","178":"rizoma_bike-r-ninet-pure-2021-24","179":"rizoma_bike-r-ninet-scrambler-2021-24","180":"rizoma_bike-r-ninet-urban-gs-2021-24","181":"rizoma_bike-r-ninet-urban-gs-1200-edition-40-years-gs-2021","182":"rizoma_bike-r-ninet-urban-gs-1200-2017-20","183":"rizoma_bike-r-ninet-5-1200-2019-20","184":"rizoma_bike-s-1000-xr-2020-23","185":"rizoma_bike-s-1000-xr-2024-26","186":"rizoma_bike-scrambler-400-sixty-2-2016-21","187":"rizoma_bike-scrambler-800-classic-2015-16","188":"rizoma_bike-scrambler-800-classic-2017-18","189":"rizoma_bike-scrambler-800-desert-sled-2017-20","190":"rizoma_bike-scrambler-800-desert-sled-2021-22","191":"rizoma_bike-scrambler-800-desert-sled-fasthouse-2021-22","192":"rizoma_bike-scrambler-800-flat-track-pro-2016-17","193":"rizoma_bike-scrambler-800-full-throttle-2015-16","194":"rizoma_bike-scrambler-800-full-throttle-2017-21","195":"rizoma_bike-scrambler-800-full-throttle-2023-24","196":"rizoma_bike-scrambler-800-full-throttle-2025-26","197":"rizoma_bike-scrambler-800-icon-2015-16","198":"rizoma_bike-scrambler-800-icon-2017-20","199":"rizoma_bike-scrambler-800-icon-2019-20","200":"rizoma_bike-scrambler-800-icon-2021-22","201":"rizoma_bike-scrambler-800-icon-2023-24","202":"rizoma_bike-scrambler-800-icon-dark-2020","203":"rizoma_bike-scrambler-800-icon-dark-2021-22","204":"rizoma_bike-scrambler-800-icon-dark-2025-26","205":"rizoma_bike-scrambler-800-mach-2-0-2017-19","206":"rizoma_bike-scrambler-800-nightshift-2023-24","207":"rizoma_bike-scrambler-800-street-classic-2017-18","208":"rizoma_bike-scrambler-800-urban-enduro-2015-16","209":"rizoma_bike-scrambler-800-urban-motard-2022","210":"rizoma_bike-sei-giorni-2016-2017","211":"rizoma_bike-sei-giorni-2018-2022","212":"rizoma_bike-sprint-2018-2022","213":"rizoma_bike-sprint-2023","214":"rizoma_bike-sprint-2024-2025","215":"rizoma_bike-sprint-elettrica-2024-25","216":"rizoma_bike-sprint-elettrica-2026","217":"rizoma_bike-svartpilen-401-2018-19","218":"rizoma_bike-svartpilen-401-2020","219":"rizoma_bike-te-250-2002-04","220":"rizoma_bike-te-250-2005","221":"rizoma_bike-te-250-2006","222":"rizoma_bike-te-250-2007","223":"rizoma_bike-te-450-2003-04","224":"rizoma_bike-te-450-2005","225":"rizoma_bike-te-450-2006","226":"rizoma_bike-te-450-2007","227":"rizoma_bike-te-510-2003-04","228":"rizoma_bike-te-510-2005","229":"rizoma_bike-te-510-2006","230":"rizoma_bike-te-510-2007","231":"rizoma_bike-tenere-700-2019-20","232":"rizoma_bike-tenere-700-2021","233":"rizoma_bike-tenere-700-2022-24","234":"rizoma_bike-tenere-700-2025-26","235":"rizoma_bike-tenere-700-explore-edition-2023-25","236":"rizoma_bike-tenere-700-extreme-edition-2023-25","237":"rizoma_bike-tenere-700-rally-2025-26","238":"rizoma_bike-tenere-700-rally-edition-2020","239":"rizoma_bike-tenere-700-rally-edition-2021","240":"rizoma_bike-tenere-700-rally-edition-2022-24","241":"rizoma_bike-tenere-700-world-raid-2022-25","242":"rizoma_bike-tenere-700-world-rally-2023-25","243":"rizoma_bike-tracer-7-2025-26","244":"rizoma_bike-tracer-7-gt-2021","245":"rizoma_bike-tracer-7-gt-2025-26","246":"rizoma_bike-tracer-7-gt-y-amt-2026","247":"rizoma_bike-tracer-7-y-amt-2026","248":"rizoma_bike-tracer-9-2025-26","249":"rizoma_bike-tracer-9-gt-2025-26","250":"rizoma_bike-tracer-9-gt-y-amt-2025-26","251":"rizoma_bike-tracer-9-y-amt-2025-26","252":"rizoma_bike-transalp-xl750-2023-24","253":"rizoma_bike-transalp-xl750-easy-travel-2023-24","254":"rizoma_bike-transalp-xl750-travel-edition-2023-24","255":"rizoma_bike-transalp-xl750-urban-2023-24","256":"rizoma_bike-trk-702-2023-25","257":"rizoma_bike-trk-702-2026","258":"rizoma_bike-trk-702x-2023-25","259":"rizoma_bike-trk-702x-2026","260":"rizoma_bike-trk-702x-dune-sea-2024-25","261":"rizoma_bike-tuono-v4-2025-26","262":"rizoma_bike-tuono-v4-factory-2025-26","263":"rizoma_bike-v7-850-stone-special-abs-2021","264":"rizoma_bike-v7-iii-anniversario-2017-18","265":"rizoma_bike-v7-iii-carbon-2018-20","266":"rizoma_bike-v7-iii-limited-2018","267":"rizoma_bike-v7-iii-milano-2018-20","268":"rizoma_bike-v7-iii-rough-2018-20","269":"rizoma_bike-v7-iii-special-2017-20","270":"rizoma_bike-v7-iii-stone-2017-20","271":"rizoma_bike-v7-iii-stone-2019","272":"rizoma_bike-v7-iii-stone-night-pack-2019-20","273":"rizoma_bike-v7-iii-stone-s-2020","274":"rizoma_bike-v7-special-2021-24","275":"rizoma_bike-v7-special-2025-26","276":"rizoma_bike-v7-stone-2012-15","277":"rizoma_bike-v7-stone-2021-24","278":"rizoma_bike-v7-stone-centenario-2021-22","279":"rizoma_bike-v7-stone-ten-2024-25","280":"rizoma_bike-vitpilen-701-2018-19","281":"rizoma_bike-vitpilen-701-2020","282":"rizoma_bike-x-max-125-2014-16","283":"rizoma_bike-x-max-125-2021-24","284":"rizoma_bike-x-max-125-2025-26","285":"rizoma_bike-x-max-125-abs-2014-16","286":"rizoma_bike-x-max-125-abs-2017","287":"rizoma_bike-x-max-125-abs-2018-20","288":"rizoma_bike-x-max-125-iron-max-2019-20","289":"rizoma_bike-x-max-125-iron-max-abs-2016","290":"rizoma_bike-x-max-125-momodesign-2015-16","291":"rizoma_bike-x-max-125-tech-max-2020","292":"rizoma_bike-x-max-125-tech-max-2021-24","293":"rizoma_bike-x-max-125-tech-max-2025-26","294":"rizoma_bike-x-max-125-tech-max-2025-26-1","295":"rizoma_bike-x-max-250-2014-16","296":"rizoma_bike-x-max-250-abs-2014-16","297":"rizoma_bike-x-max-250-iron-max-abs-2016","298":"rizoma_bike-x-max-250-momodesign-2015-16","299":"rizoma_bike-x-max-300-2021-24","300":"rizoma_bike-x-max-300-2025-26","301":"rizoma_bike-x-max-300-abs-2017-20","302":"rizoma_bike-x-max-300-iron-max-2019-20","303":"rizoma_bike-x-max-300-roma-ed-mmxx-2020","304":"rizoma_bike-x-max-300-tech-max-2020","305":"rizoma_bike-x-max-300-tech-max-2021-24","306":"rizoma_bike-x-max-300-tech-max-2025-26","307":"rizoma_bike-x-max-300-tech-max-2025-26-1","308":"rizoma_bike-x-max-400-2013-16","309":"rizoma_bike-x-max-400-abs-2013-16","310":"rizoma_bike-x-max-400-abs-2017-20","311":"rizoma_bike-x-max-400-iron-max-2019-20","312":"rizoma_bike-x-max-400-iron-max-abs-2016","313":"rizoma_bike-x-max-400-momodesign-2014-16","314":"rizoma_bike-x-max-400-momodesign-abs-2014-16","315":"rizoma_bike-x-max-400-tech-max-2020","316":"rizoma_bike-xsr-900-2022-24","317":"rizoma_bike-z-300-abs-2015-16","318":"rizoma_bike-z-650-rs-2022-24","319":"rizoma_bike-z-650-rs-2025-26","320":"rizoma_bike-z-650-rs-50th-anniversary-2022","321":"rizoma_bike-z-900-rs-2018-20","322":"rizoma_bike-z-900-rs-2021","323":"rizoma_bike-z-900-rs-2022-25","324":"rizoma_bike-z-900-rs-50th-anniversary-2022","325":"rizoma_bike-z-900-rs-cafe-2018-21","326":"rizoma_bike-z-900-rs-cafe-performance-2020-21","327":"rizoma_bike-z-900-rs-performance-2020","328":"rizoma_bike-z-900-rs-performance-2021-22","329":"rizoma_bike-z-900-rs-se-2022-25","330":"product_cat-retroviseurs","332":"first","333":"instock","334":"sale","335":"taxable","336":"shipping-taxable","337":"purchasable","338":"product-type-variable"},"acf":[],"_links":{"self":[{"href":"https:\/\/cycle.rizoma.com\/fr\/wp-json\/wp\/v2\/product\/317475","targetHints":{"allow":["GET"]}}],"collection":[{"href":"https:\/\/cycle.rizoma.com\/fr\/wp-json\/wp\/v2\/product"}],"about":[{"href":"https:\/\/cycle.rizoma.com\/fr\/wp-json\/wp\/v2\/types\/product"}],"wp:featuredmedia":[{"embeddable":true,"href":"https:\/\/cycle.rizoma.com\/fr\/wp-json\/wp\/v2\/media\/305371"}],"wp:attachment":[{"href":"https:\/\/cycle.rizoma.com\/fr\/wp-json\/wp\/v2\/media?parent=317475"}],"wp:term":[{"taxonomy":"rizoma_assembly_time","embeddable":true,"href":"https:\/\/cycle.rizoma.com\/fr\/wp-json\/wp\/v2\/rizoma_assembly_time?post=317475"},{"taxonomy":"rizoma_bike","embeddable":true,"href":"https:\/\/cycle.rizoma.com\/fr\/wp-json\/wp\/v2\/rizoma_bike?post=317475"},{"taxonomy":"rizoma_division","embeddable":true,"href":"https:\/\/cycle.rizoma.com\/fr\/wp-json\/wp\/v2\/rizoma_division?post=317475"},{"taxonomy":"rizoma_family","embeddable":true,"href":"https:\/\/cycle.rizoma.com\/fr\/wp-json\/wp\/v2\/rizoma_family?post=317475"},{"taxonomy":"rizoma_model_category","embeddable":true,"href":"https:\/\/cycle.rizoma.com\/fr\/wp-json\/wp\/v2\/rizoma_model_category?post=317475"},{"taxonomy":"rizoma_product_template","embeddable":true,"href":"https:\/\/cycle.rizoma.com\/fr\/wp-json\/wp\/v2\/rizoma_product_template?post=317475"},{"taxonomy":"product_brand","embeddable":true,"href":"https:\/\/cycle.rizoma.com\/fr\/wp-json\/wp\/v2\/product_brand?post=317475"},{"taxonomy":"product_cat","embeddable":true,"href":"https:\/\/cycle.rizoma.com\/fr\/wp-json\/wp\/v2\/product_cat?post=317475"},{"taxonomy":"product_tag","embeddable":true,"href":"https:\/\/cycle.rizoma.com\/fr\/wp-json\/wp\/v2\/product_tag?post=317475"}],"curies":[{"name":"wp","href":"https:\/\/api.w.org\/{rel}","templated":true}]}}