{"id":317480,"date":"2024-11-21T17:27:54","date_gmt":"2024-11-21T16:27:54","guid":{"rendered":"https:\/\/rwp.rizoma.com\/negozio\/pare-brise-zvp052\/"},"modified":"2025-01-14T12:51:42","modified_gmt":"2025-01-14T11:51:42","slug":"pare-brise-zvp052","status":"publish","type":"product","link":"https:\/\/cycle.rizoma.com\/fr\/negozio\/saute-vents\/ZVP052\/pare-brise-zvp052\/","title":{"rendered":"Pare-brise"},"content":{"rendered":"<p>Les lignes fluides et modernes du pare-brise s&#8217;int\u00e8grent parfaitement aux lignes du tableau de bord de la Vespa. Il est r\u00e9alis\u00e9 en carbone, avec la trame apparente unique, qui maximise la l\u00e9g\u00e8ret\u00e9 et l&#8217;a\u00e9rodynamisme. Compatible avec les r\u00e9troviseurs d&#8217;origine et les r\u00e9troviseurs Rizoma Direct Mount et End Mount.<\/p>\n","protected":false},"excerpt":{"rendered":"<p>Les lignes fluides et modernes du pare-brise s&#8217;int\u00e8grent parfaitement aux lignes du tableau de bord de la Vespa. Il est r\u00e9alis\u00e9 en carbone, avec la trame apparente unique, qui maximise la l\u00e9g\u00e8ret\u00e9 et l&#8217;a\u00e9rodynamisme. Compatible avec les r\u00e9troviseurs d&#8217;origine et les r\u00e9troviseurs Rizoma Direct Mount et End Mount.<\/p>\n","protected":false},"featured_media":309821,"template":"","meta":{"_acf_changed":false},"rizoma_assembly_time":[42742],"rizoma_bike":[42556,43430,43427,43744,43429,42559],"rizoma_division":[42651],"rizoma_family":[],"rizoma_model_category":[],"rizoma_product_template":[],"product_brand":[],"product_cat":[42827],"product_tag":[],"class_list":{"0":"post-317480","1":"product","2":"type-product","3":"status-publish","4":"has-post-thumbnail","6":"rizoma_bike-gts-2023-2025","7":"rizoma_bike-gts-310-2025","8":"rizoma_bike-gts-310-super-2025","9":"rizoma_bike-gts-310-super-tech-2025","10":"rizoma_bike-gts-310-supersport-2025","11":"rizoma_bike-gts-super-2023-2025","12":"product_cat-saute-vents","14":"first","15":"instock","16":"taxable","17":"shipping-taxable","18":"purchasable","19":"product-type-variable"},"acf":[],"_links":{"self":[{"href":"https:\/\/cycle.rizoma.com\/fr\/wp-json\/wp\/v2\/product\/317480","targetHints":{"allow":["GET"]}}],"collection":[{"href":"https:\/\/cycle.rizoma.com\/fr\/wp-json\/wp\/v2\/product"}],"about":[{"href":"https:\/\/cycle.rizoma.com\/fr\/wp-json\/wp\/v2\/types\/product"}],"wp:featuredmedia":[{"embeddable":true,"href":"https:\/\/cycle.rizoma.com\/fr\/wp-json\/wp\/v2\/media\/309821"}],"wp:attachment":[{"href":"https:\/\/cycle.rizoma.com\/fr\/wp-json\/wp\/v2\/media?parent=317480"}],"wp:term":[{"taxonomy":"rizoma_assembly_time","embeddable":true,"href":"https:\/\/cycle.rizoma.com\/fr\/wp-json\/wp\/v2\/rizoma_assembly_time?post=317480"},{"taxonomy":"rizoma_bike","embeddable":true,"href":"https:\/\/cycle.rizoma.com\/fr\/wp-json\/wp\/v2\/rizoma_bike?post=317480"},{"taxonomy":"rizoma_division","embeddable":true,"href":"https:\/\/cycle.rizoma.com\/fr\/wp-json\/wp\/v2\/rizoma_division?post=317480"},{"taxonomy":"rizoma_family","embeddable":true,"href":"https:\/\/cycle.rizoma.com\/fr\/wp-json\/wp\/v2\/rizoma_family?post=317480"},{"taxonomy":"rizoma_model_category","embeddable":true,"href":"https:\/\/cycle.rizoma.com\/fr\/wp-json\/wp\/v2\/rizoma_model_category?post=317480"},{"taxonomy":"rizoma_product_template","embeddable":true,"href":"https:\/\/cycle.rizoma.com\/fr\/wp-json\/wp\/v2\/rizoma_product_template?post=317480"},{"taxonomy":"product_brand","embeddable":true,"href":"https:\/\/cycle.rizoma.com\/fr\/wp-json\/wp\/v2\/product_brand?post=317480"},{"taxonomy":"product_cat","embeddable":true,"href":"https:\/\/cycle.rizoma.com\/fr\/wp-json\/wp\/v2\/product_cat?post=317480"},{"taxonomy":"product_tag","embeddable":true,"href":"https:\/\/cycle.rizoma.com\/fr\/wp-json\/wp\/v2\/product_tag?post=317480"}],"curies":[{"name":"wp","href":"https:\/\/api.w.org\/{rel}","templated":true}]}}