{"id":317670,"date":"2024-11-21T17:32:11","date_gmt":"2024-11-21T16:32:11","guid":{"rendered":"https:\/\/rwp.rizoma.com\/negozio\/bouchon-de-reservoir-dessence-tf160\/"},"modified":"2026-01-23T22:11:16","modified_gmt":"2026-01-23T21:11:16","slug":"bouchon-de-reservoir-dessence-tf160","status":"publish","type":"product","link":"https:\/\/cycle.rizoma.com\/fr\/negozio\/plus-pour-votre-yamaha\/TF160\/bouchon-de-reservoir-dessence-tf160\/","title":{"rendered":"Bouchon de r\u00e9servoir d&#8217;essence"},"content":{"rendered":"<p>Le bouchon de r\u00e9servoir d&#8217;essence Rizoma, enti\u00e8rement taill\u00e9 dans la masse, allie design, technicit\u00e9, mat\u00e9riaux de haute qualit\u00e9 et s\u00e9curit\u00e9. L&#8217;accessoire Rizoma offre une fonction d&#8217;ouverture automatique, sans appuyer sur aucun bouton, gr\u00e2ce \u00e0 la reconnaissance de la cl\u00e9 du v\u00e9hicule. Le propri\u00e9taire est reconnu lorsqu&#8217;il s&#8217;approche de sa moto gr\u00e2ce \u00e0 un transpondeur RFID int\u00e9gr\u00e9 dans la cl\u00e9 et \u00e0 un r\u00e9cepteur int\u00e9gr\u00e9 dans le bouchon. De cette mani\u00e8re, l&#8217;ouverture et la fermeture du capuchon sont possibles en soulevant simplement la poign\u00e9e du capuchon.<br \/>Une finition bicolore obtenue gr\u00e2ce \u00e0 un processus d&#8217;anodisation garantit \u00e9galement une meilleure performance esth\u00e9tique dans le temps.<\/p>\n","protected":false},"excerpt":{"rendered":"<p>Le bouchon de r\u00e9servoir d&#8217;essence Rizoma, enti\u00e8rement taill\u00e9 dans la masse, allie design, technicit\u00e9, mat\u00e9riaux de haute qualit\u00e9 et s\u00e9curit\u00e9. L&#8217;accessoire Rizoma offre une fonction d&#8217;ouverture automatique, sans appuyer sur aucun bouton, gr\u00e2ce \u00e0 la reconnaissance de la cl\u00e9 du v\u00e9hicule. Le propri\u00e9taire est reconnu lorsqu&#8217;il s&#8217;approche de sa moto gr\u00e2ce \u00e0 un transpondeur RFID [&hellip;]<\/p>\n","protected":false},"featured_media":307216,"template":"","meta":{"_acf_changed":false},"rizoma_assembly_time":[42789],"rizoma_bike":[42611,42640,42447,43421,44422,42448,43422,44408,44409,44411,44410,44412],"rizoma_division":[42651],"rizoma_family":[],"rizoma_model_category":[],"rizoma_product_template":[],"product_brand":[],"product_cat":[42797],"product_tag":[],"class_list":{"0":"post-317670","1":"product","2":"type-product","3":"status-publish","4":"has-post-thumbnail","6":"rizoma_bike-mt-09-sp-2024-26","7":"rizoma_bike-mt-09-y-amt-2024-26","8":"rizoma_bike-t-max-560-2022-24","9":"rizoma_bike-t-max-560-2025-26","10":"rizoma_bike-t-max-560-25th-anniversary-2026","11":"rizoma_bike-t-max-560-tech-max-2022-24","12":"rizoma_bike-t-max-560-tech-max-2025-26","13":"rizoma_bike-tracer-9-2025-26","14":"rizoma_bike-tracer-9-gt-2025-26","15":"rizoma_bike-tracer-9-gt-y-amt-2025-26","16":"rizoma_bike-tracer-9-gtplus-y-amt-2025","17":"rizoma_bike-tracer-9-y-amt-2025-26","18":"product_cat-plus-pour-votre-yamaha","20":"first","21":"instock","22":"taxable","23":"shipping-taxable","24":"purchasable","25":"product-type-variable"},"acf":[],"_links":{"self":[{"href":"https:\/\/cycle.rizoma.com\/fr\/wp-json\/wp\/v2\/product\/317670","targetHints":{"allow":["GET"]}}],"collection":[{"href":"https:\/\/cycle.rizoma.com\/fr\/wp-json\/wp\/v2\/product"}],"about":[{"href":"https:\/\/cycle.rizoma.com\/fr\/wp-json\/wp\/v2\/types\/product"}],"wp:featuredmedia":[{"embeddable":true,"href":"https:\/\/cycle.rizoma.com\/fr\/wp-json\/wp\/v2\/media\/307216"}],"wp:attachment":[{"href":"https:\/\/cycle.rizoma.com\/fr\/wp-json\/wp\/v2\/media?parent=317670"}],"wp:term":[{"taxonomy":"rizoma_assembly_time","embeddable":true,"href":"https:\/\/cycle.rizoma.com\/fr\/wp-json\/wp\/v2\/rizoma_assembly_time?post=317670"},{"taxonomy":"rizoma_bike","embeddable":true,"href":"https:\/\/cycle.rizoma.com\/fr\/wp-json\/wp\/v2\/rizoma_bike?post=317670"},{"taxonomy":"rizoma_division","embeddable":true,"href":"https:\/\/cycle.rizoma.com\/fr\/wp-json\/wp\/v2\/rizoma_division?post=317670"},{"taxonomy":"rizoma_family","embeddable":true,"href":"https:\/\/cycle.rizoma.com\/fr\/wp-json\/wp\/v2\/rizoma_family?post=317670"},{"taxonomy":"rizoma_model_category","embeddable":true,"href":"https:\/\/cycle.rizoma.com\/fr\/wp-json\/wp\/v2\/rizoma_model_category?post=317670"},{"taxonomy":"rizoma_product_template","embeddable":true,"href":"https:\/\/cycle.rizoma.com\/fr\/wp-json\/wp\/v2\/rizoma_product_template?post=317670"},{"taxonomy":"product_brand","embeddable":true,"href":"https:\/\/cycle.rizoma.com\/fr\/wp-json\/wp\/v2\/product_brand?post=317670"},{"taxonomy":"product_cat","embeddable":true,"href":"https:\/\/cycle.rizoma.com\/fr\/wp-json\/wp\/v2\/product_cat?post=317670"},{"taxonomy":"product_tag","embeddable":true,"href":"https:\/\/cycle.rizoma.com\/fr\/wp-json\/wp\/v2\/product_tag?post=317670"}],"curies":[{"name":"wp","href":"https:\/\/api.w.org\/{rel}","templated":true}]}}