{"id":317675,"date":"2024-11-21T17:32:17","date_gmt":"2024-11-21T16:32:17","guid":{"rendered":"https:\/\/rwp.rizoma.com\/negozio\/inserts-pour-les-repose-pieds-avant-zyf063\/"},"modified":"2025-12-21T18:23:43","modified_gmt":"2025-12-21T17:23:43","slug":"inserts-pour-les-repose-pieds-avant-zyf063","status":"publish","type":"product","link":"https:\/\/cycle.rizoma.com\/fr\/negozio\/plus-pour-votre-yamaha\/ZYF063\/inserts-pour-les-repose-pieds-avant-zyf063\/","title":{"rendered":"Inserts pour les repose-pieds avant"},"content":{"rendered":"<p>Le kit marche-pieds avant est r\u00e9alis\u00e9 en aluminium et finement anodis\u00e9 pour am\u00e9liorer la r\u00e9sistance \u00e0 l\u2019usure, qui rend la conduite de votre T-Max plus confortable. S\u00e9curit\u00e9 et confort sans renoncer aux caract\u00e9ristiques esth\u00e9tiques.<\/p>\n","protected":false},"excerpt":{"rendered":"<p>Le kit marche-pieds avant est r\u00e9alis\u00e9 en aluminium et finement anodis\u00e9 pour am\u00e9liorer la r\u00e9sistance \u00e0 l\u2019usure, qui rend la conduite de votre T-Max plus confortable. S\u00e9curit\u00e9 et confort sans renoncer aux caract\u00e9ristiques esth\u00e9tiques.<\/p>\n","protected":false},"featured_media":307281,"template":"","meta":{"_acf_changed":false},"rizoma_assembly_time":[42664],"rizoma_bike":[42447,43421,44422,42448,43422],"rizoma_division":[42651],"rizoma_family":[],"rizoma_model_category":[],"rizoma_product_template":[],"product_brand":[],"product_cat":[42797],"product_tag":[],"class_list":{"0":"post-317675","1":"product","2":"type-product","3":"status-publish","4":"has-post-thumbnail","6":"rizoma_bike-t-max-560-2022-24","7":"rizoma_bike-t-max-560-2025-26","8":"rizoma_bike-t-max-560-25th-anniversary-2026","9":"rizoma_bike-t-max-560-tech-max-2022-24","10":"rizoma_bike-t-max-560-tech-max-2025-26","11":"product_cat-plus-pour-votre-yamaha","13":"first","14":"instock","15":"sale","16":"taxable","17":"shipping-taxable","18":"purchasable","19":"product-type-variable"},"acf":[],"_links":{"self":[{"href":"https:\/\/cycle.rizoma.com\/fr\/wp-json\/wp\/v2\/product\/317675","targetHints":{"allow":["GET"]}}],"collection":[{"href":"https:\/\/cycle.rizoma.com\/fr\/wp-json\/wp\/v2\/product"}],"about":[{"href":"https:\/\/cycle.rizoma.com\/fr\/wp-json\/wp\/v2\/types\/product"}],"wp:featuredmedia":[{"embeddable":true,"href":"https:\/\/cycle.rizoma.com\/fr\/wp-json\/wp\/v2\/media\/307281"}],"wp:attachment":[{"href":"https:\/\/cycle.rizoma.com\/fr\/wp-json\/wp\/v2\/media?parent=317675"}],"wp:term":[{"taxonomy":"rizoma_assembly_time","embeddable":true,"href":"https:\/\/cycle.rizoma.com\/fr\/wp-json\/wp\/v2\/rizoma_assembly_time?post=317675"},{"taxonomy":"rizoma_bike","embeddable":true,"href":"https:\/\/cycle.rizoma.com\/fr\/wp-json\/wp\/v2\/rizoma_bike?post=317675"},{"taxonomy":"rizoma_division","embeddable":true,"href":"https:\/\/cycle.rizoma.com\/fr\/wp-json\/wp\/v2\/rizoma_division?post=317675"},{"taxonomy":"rizoma_family","embeddable":true,"href":"https:\/\/cycle.rizoma.com\/fr\/wp-json\/wp\/v2\/rizoma_family?post=317675"},{"taxonomy":"rizoma_model_category","embeddable":true,"href":"https:\/\/cycle.rizoma.com\/fr\/wp-json\/wp\/v2\/rizoma_model_category?post=317675"},{"taxonomy":"rizoma_product_template","embeddable":true,"href":"https:\/\/cycle.rizoma.com\/fr\/wp-json\/wp\/v2\/rizoma_product_template?post=317675"},{"taxonomy":"product_brand","embeddable":true,"href":"https:\/\/cycle.rizoma.com\/fr\/wp-json\/wp\/v2\/product_brand?post=317675"},{"taxonomy":"product_cat","embeddable":true,"href":"https:\/\/cycle.rizoma.com\/fr\/wp-json\/wp\/v2\/product_cat?post=317675"},{"taxonomy":"product_tag","embeddable":true,"href":"https:\/\/cycle.rizoma.com\/fr\/wp-json\/wp\/v2\/product_tag?post=317675"}],"curies":[{"name":"wp","href":"https:\/\/api.w.org\/{rel}","templated":true}]}}