{"id":317805,"date":"2024-11-21T17:35:14","date_gmt":"2024-11-21T16:35:14","guid":{"rendered":"https:\/\/rwp.rizoma.com\/negozio\/blind-spot-bs326\/"},"modified":"2025-10-05T17:03:22","modified_gmt":"2025-10-05T15:03:22","slug":"blind-spot-bs326","status":"publish","type":"product","link":"https:\/\/cycle.rizoma.com\/fr\/negozio\/retroviseurs\/BS326\/blind-spot-bs326\/","title":{"rendered":"Blind Spot"},"content":{"rendered":"<p>Le premier r\u00e9troviseur de Rizoma int\u00e8gre la technologie de l&#8217;angle mort, alliant design et s\u00e9curit\u00e9. Id\u00e9al pour la circulation urbaine et les autoroutes, il permet aux motards de surveiller les zones hors du champ de vision du miroir, d\u00e9tectant les v\u00e9hicules lors des changements de voie ou les obstacles dans l&#8217;angle mort. <\/p>\n<p>Fabriqu\u00e9 en aluminium usin\u00e9 de pr\u00e9cision avec finition anodis\u00e9e, il garantit durabilit\u00e9 et offre une excellente visibilit\u00e9 gr\u00e2ce au verre convexe anti-\u00e9blouissement.<\/p>\n","protected":false},"excerpt":{"rendered":"<p>Le premier r\u00e9troviseur de Rizoma int\u00e8gre la technologie de l&#8217;angle mort, alliant design et s\u00e9curit\u00e9. Id\u00e9al pour la circulation urbaine et les autoroutes, il permet aux motards de surveiller les zones hors du champ de vision du miroir, d\u00e9tectant les v\u00e9hicules lors des changements de voie ou les obstacles dans l&#8217;angle mort. Fabriqu\u00e9 en aluminium [&hellip;]<\/p>\n","protected":false},"featured_media":305096,"template":"","meta":{"_acf_changed":false},"rizoma_assembly_time":[42664],"rizoma_bike":[42641,42310,42413,42642,42519,42600,44019,42309,42643,42588,42591,43987,43988,43989,43990,43991,43394,42604,42605,42606,44410],"rizoma_division":[42651],"rizoma_family":[42920],"rizoma_model_category":[],"rizoma_product_template":[],"product_brand":[],"product_cat":[43939],"product_tag":[],"class_list":{"0":"post-317805","1":"product","2":"type-product","3":"status-publish","4":"has-post-thumbnail","6":"rizoma_bike-multistrada-v4-2025-26","7":"rizoma_bike-multistrada-v4-1100-s-sport-2021","8":"rizoma_bike-multistrada-v4-pikes-peak-2021-24","9":"rizoma_bike-multistrada-v4-pikes-peak-2025-26","10":"rizoma_bike-multistrada-v4-rally-2023-25","11":"rizoma_bike-multistrada-v4-rs-2024-25","12":"rizoma_bike-multistrada-v4-rs-2026","13":"rizoma_bike-multistrada-v4-s-2021-24","14":"rizoma_bike-multistrada-v4-s-2025-26","15":"rizoma_bike-multistrada-v4-s-grand-tour-2024","16":"rizoma_bike-r-1300-gs-2023-26","17":"rizoma_bike-r-1300-gs-adventure-2025-26","18":"rizoma_bike-r-1300-gs-adventure-asa-2025-26","19":"rizoma_bike-r-1300-gs-adventure-option-719-karakorum-2025-26","20":"rizoma_bike-r-1300-gs-adventure-triple-black-2025-26","21":"rizoma_bike-r-1300-gs-adventure-trophy-2025-26","22":"rizoma_bike-r-1300-gs-asa-2024-26","23":"rizoma_bike-r-1300-gs-option-719-tramuntana-2023-26","24":"rizoma_bike-r-1300-gs-triple-black-2023-26","25":"rizoma_bike-r-1300-gs-trophy-2023-26","26":"rizoma_bike-tracer-9-gtplus-y-amt-2025","27":"product_cat-retroviseurs","29":"first","30":"instock","31":"taxable","32":"shipping-taxable","33":"purchasable","34":"product-type-variable"},"acf":[],"_links":{"self":[{"href":"https:\/\/cycle.rizoma.com\/fr\/wp-json\/wp\/v2\/product\/317805","targetHints":{"allow":["GET"]}}],"collection":[{"href":"https:\/\/cycle.rizoma.com\/fr\/wp-json\/wp\/v2\/product"}],"about":[{"href":"https:\/\/cycle.rizoma.com\/fr\/wp-json\/wp\/v2\/types\/product"}],"wp:featuredmedia":[{"embeddable":true,"href":"https:\/\/cycle.rizoma.com\/fr\/wp-json\/wp\/v2\/media\/305096"}],"wp:attachment":[{"href":"https:\/\/cycle.rizoma.com\/fr\/wp-json\/wp\/v2\/media?parent=317805"}],"wp:term":[{"taxonomy":"rizoma_assembly_time","embeddable":true,"href":"https:\/\/cycle.rizoma.com\/fr\/wp-json\/wp\/v2\/rizoma_assembly_time?post=317805"},{"taxonomy":"rizoma_bike","embeddable":true,"href":"https:\/\/cycle.rizoma.com\/fr\/wp-json\/wp\/v2\/rizoma_bike?post=317805"},{"taxonomy":"rizoma_division","embeddable":true,"href":"https:\/\/cycle.rizoma.com\/fr\/wp-json\/wp\/v2\/rizoma_division?post=317805"},{"taxonomy":"rizoma_family","embeddable":true,"href":"https:\/\/cycle.rizoma.com\/fr\/wp-json\/wp\/v2\/rizoma_family?post=317805"},{"taxonomy":"rizoma_model_category","embeddable":true,"href":"https:\/\/cycle.rizoma.com\/fr\/wp-json\/wp\/v2\/rizoma_model_category?post=317805"},{"taxonomy":"rizoma_product_template","embeddable":true,"href":"https:\/\/cycle.rizoma.com\/fr\/wp-json\/wp\/v2\/rizoma_product_template?post=317805"},{"taxonomy":"product_brand","embeddable":true,"href":"https:\/\/cycle.rizoma.com\/fr\/wp-json\/wp\/v2\/product_brand?post=317805"},{"taxonomy":"product_cat","embeddable":true,"href":"https:\/\/cycle.rizoma.com\/fr\/wp-json\/wp\/v2\/product_cat?post=317805"},{"taxonomy":"product_tag","embeddable":true,"href":"https:\/\/cycle.rizoma.com\/fr\/wp-json\/wp\/v2\/product_tag?post=317805"}],"curies":[{"name":"wp","href":"https:\/\/api.w.org\/{rel}","templated":true}]}}