{"id":318217,"date":"2024-11-21T17:45:33","date_gmt":"2024-11-21T16:45:33","guid":{"rendered":"https:\/\/rwp.rizoma.com\/negozio\/stealth-bss020\/"},"modified":"2026-03-26T23:38:51","modified_gmt":"2026-03-26T22:38:51","slug":"stealth-bss020","status":"publish","type":"product","link":"https:\/\/cycle.rizoma.com\/fr\/negozio\/retroviseurs\/BSS020\/stealth-bss020\/","title":{"rendered":"Stealth"},"content":{"rendered":"<p>Con\u00e7u pour dispara\u00eetre. N\u00e9 pour aller au-del\u00e0. Con\u00e7u pour les motos supersport, Stealth Sport est cr\u00e9\u00e9 pour minimiser l\u2019impact visuel et dominer l\u2019air. <\/p>\n<p>Deux \u00e9l\u00e9ments: une base fixe int\u00e9gr\u00e9e au car\u00e9nage et un corps mobile qui prot\u00e8ge la vitre. D\u2019un seul geste, l\u2019architecture se compacte, transformant le r\u00e9troviseur en une aile a\u00e9rodynamique. Le r\u00e9sultat: une portance tangible, jusqu&#8217;\u00e0 4 kg \u00e0 300 km\/h. Usin\u00e9 \u00e0 partir d\u2019un seul bloc d\u2019aluminium et fini avec une anodisation profonde, il est dot\u00e9 d\u2019une lentille convexe HD teint\u00e9e en bleu, offrant une vision nette et sans reflets.<\/p>\n","protected":false},"excerpt":{"rendered":"<p>Con\u00e7u pour dispara\u00eetre. N\u00e9 pour aller au-del\u00e0. Con\u00e7u pour les motos supersport, Stealth Sport est cr\u00e9\u00e9 pour minimiser l\u2019impact visuel et dominer l\u2019air. Deux \u00e9l\u00e9ments: une base fixe int\u00e9gr\u00e9e au car\u00e9nage et un corps mobile qui prot\u00e8ge la vitre. D\u2019un seul geste, l\u2019architecture se compacte, transformant le r\u00e9troviseur en une aile a\u00e9rodynamique. Le r\u00e9sultat: une [&hellip;]<\/p>\n","protected":false},"featured_media":302917,"template":"","meta":{"_acf_changed":false},"rizoma_assembly_time":[42664],"rizoma_bike":[41915,41975,41965,41916,41976,41999,42411,42544,44036],"rizoma_division":[42651],"rizoma_family":[42970],"rizoma_model_category":[],"rizoma_product_template":[],"product_brand":[],"product_cat":[43939],"product_tag":[],"class_list":{"0":"post-318217","1":"product","2":"type-product","3":"status-publish","4":"has-post-thumbnail","6":"rizoma_bike-yzf-r1-2015-16","7":"rizoma_bike-yzf-r1-2017-19","8":"rizoma_bike-yzf-r1-60th-anniversary-2015-16","9":"rizoma_bike-yzf-r1-m-2015-16","10":"rizoma_bike-yzf-r1-m-2017-19","11":"rizoma_bike-yzf-r6-2017-20","12":"rizoma_bike-yzf-r7-2021-25","13":"rizoma_bike-yzf-r7-world-gp-60th-anniversary-2022-23","14":"rizoma_bike-yzf-r9-2025-26","15":"product_cat-retroviseurs","17":"first","18":"instock","19":"taxable","20":"shipping-taxable","21":"purchasable","22":"product-type-variable"},"acf":[],"_links":{"self":[{"href":"https:\/\/cycle.rizoma.com\/fr\/wp-json\/wp\/v2\/product\/318217","targetHints":{"allow":["GET"]}}],"collection":[{"href":"https:\/\/cycle.rizoma.com\/fr\/wp-json\/wp\/v2\/product"}],"about":[{"href":"https:\/\/cycle.rizoma.com\/fr\/wp-json\/wp\/v2\/types\/product"}],"wp:featuredmedia":[{"embeddable":true,"href":"https:\/\/cycle.rizoma.com\/fr\/wp-json\/wp\/v2\/media\/302917"}],"wp:attachment":[{"href":"https:\/\/cycle.rizoma.com\/fr\/wp-json\/wp\/v2\/media?parent=318217"}],"wp:term":[{"taxonomy":"rizoma_assembly_time","embeddable":true,"href":"https:\/\/cycle.rizoma.com\/fr\/wp-json\/wp\/v2\/rizoma_assembly_time?post=318217"},{"taxonomy":"rizoma_bike","embeddable":true,"href":"https:\/\/cycle.rizoma.com\/fr\/wp-json\/wp\/v2\/rizoma_bike?post=318217"},{"taxonomy":"rizoma_division","embeddable":true,"href":"https:\/\/cycle.rizoma.com\/fr\/wp-json\/wp\/v2\/rizoma_division?post=318217"},{"taxonomy":"rizoma_family","embeddable":true,"href":"https:\/\/cycle.rizoma.com\/fr\/wp-json\/wp\/v2\/rizoma_family?post=318217"},{"taxonomy":"rizoma_model_category","embeddable":true,"href":"https:\/\/cycle.rizoma.com\/fr\/wp-json\/wp\/v2\/rizoma_model_category?post=318217"},{"taxonomy":"rizoma_product_template","embeddable":true,"href":"https:\/\/cycle.rizoma.com\/fr\/wp-json\/wp\/v2\/rizoma_product_template?post=318217"},{"taxonomy":"product_brand","embeddable":true,"href":"https:\/\/cycle.rizoma.com\/fr\/wp-json\/wp\/v2\/product_brand?post=318217"},{"taxonomy":"product_cat","embeddable":true,"href":"https:\/\/cycle.rizoma.com\/fr\/wp-json\/wp\/v2\/product_cat?post=318217"},{"taxonomy":"product_tag","embeddable":true,"href":"https:\/\/cycle.rizoma.com\/fr\/wp-json\/wp\/v2\/product_tag?post=318217"}],"curies":[{"name":"wp","href":"https:\/\/api.w.org\/{rel}","templated":true}]}}