{"id":318432,"date":"2024-11-21T17:50:43","date_gmt":"2024-11-21T16:50:43","guid":{"rendered":"https:\/\/rwp.rizoma.com\/negozio\/pontets-rehausseurs-zbw111\/"},"modified":"2025-01-14T13:11:07","modified_gmt":"2025-01-14T12:11:07","slug":"pontets-rehausseurs-zbw111","status":"publish","type":"product","link":"https:\/\/cycle.rizoma.com\/fr\/negozio\/plus-pour-votre-bmw\/ZBW111\/pontets-rehausseurs-zbw111\/","title":{"rendered":"Pontets r\u00e9hausseurs"},"content":{"rendered":"<p>Le Kit pontets Rizoma est r\u00e9alis\u00e9 en aluminium taill\u00e9 dans la masse, est \u00e9tudi\u00e9 pour rehausser de (+25 mm) le guidon, il garantit une position plus naturelle en augmentant le confort et plaisir de conduite.<\/p>\n","protected":false},"excerpt":{"rendered":"<p>Le Kit pontets Rizoma est r\u00e9alis\u00e9 en aluminium taill\u00e9 dans la masse, est \u00e9tudi\u00e9 pour rehausser de (+25 mm) le guidon, il garantit une position plus naturelle en augmentant le confort et plaisir de conduite.<\/p>\n","protected":false},"featured_media":304846,"template":"","meta":{"_acf_changed":false},"rizoma_assembly_time":[42691],"rizoma_bike":[42591,43987,43988,43989,43990,43991,43394,42604,42605,42606],"rizoma_division":[42651],"rizoma_family":[],"rizoma_model_category":[],"rizoma_product_template":[],"product_brand":[],"product_cat":[42781],"product_tag":[],"class_list":{"0":"post-318432","1":"product","2":"type-product","3":"status-publish","4":"has-post-thumbnail","6":"rizoma_bike-r-1300-gs-2023-26","7":"rizoma_bike-r-1300-gs-adventure-2025-26","8":"rizoma_bike-r-1300-gs-adventure-asa-2025-26","9":"rizoma_bike-r-1300-gs-adventure-option-719-karakorum-2025-26","10":"rizoma_bike-r-1300-gs-adventure-triple-black-2025-26","11":"rizoma_bike-r-1300-gs-adventure-trophy-2025-26","12":"rizoma_bike-r-1300-gs-asa-2024-26","13":"rizoma_bike-r-1300-gs-option-719-tramuntana-2023-26","14":"rizoma_bike-r-1300-gs-triple-black-2023-26","15":"rizoma_bike-r-1300-gs-trophy-2023-26","16":"product_cat-plus-pour-votre-bmw","18":"first","19":"instock","20":"sale","21":"taxable","22":"shipping-taxable","23":"purchasable","24":"product-type-variable"},"acf":[],"_links":{"self":[{"href":"https:\/\/cycle.rizoma.com\/fr\/wp-json\/wp\/v2\/product\/318432","targetHints":{"allow":["GET"]}}],"collection":[{"href":"https:\/\/cycle.rizoma.com\/fr\/wp-json\/wp\/v2\/product"}],"about":[{"href":"https:\/\/cycle.rizoma.com\/fr\/wp-json\/wp\/v2\/types\/product"}],"wp:featuredmedia":[{"embeddable":true,"href":"https:\/\/cycle.rizoma.com\/fr\/wp-json\/wp\/v2\/media\/304846"}],"wp:attachment":[{"href":"https:\/\/cycle.rizoma.com\/fr\/wp-json\/wp\/v2\/media?parent=318432"}],"wp:term":[{"taxonomy":"rizoma_assembly_time","embeddable":true,"href":"https:\/\/cycle.rizoma.com\/fr\/wp-json\/wp\/v2\/rizoma_assembly_time?post=318432"},{"taxonomy":"rizoma_bike","embeddable":true,"href":"https:\/\/cycle.rizoma.com\/fr\/wp-json\/wp\/v2\/rizoma_bike?post=318432"},{"taxonomy":"rizoma_division","embeddable":true,"href":"https:\/\/cycle.rizoma.com\/fr\/wp-json\/wp\/v2\/rizoma_division?post=318432"},{"taxonomy":"rizoma_family","embeddable":true,"href":"https:\/\/cycle.rizoma.com\/fr\/wp-json\/wp\/v2\/rizoma_family?post=318432"},{"taxonomy":"rizoma_model_category","embeddable":true,"href":"https:\/\/cycle.rizoma.com\/fr\/wp-json\/wp\/v2\/rizoma_model_category?post=318432"},{"taxonomy":"rizoma_product_template","embeddable":true,"href":"https:\/\/cycle.rizoma.com\/fr\/wp-json\/wp\/v2\/rizoma_product_template?post=318432"},{"taxonomy":"product_brand","embeddable":true,"href":"https:\/\/cycle.rizoma.com\/fr\/wp-json\/wp\/v2\/product_brand?post=318432"},{"taxonomy":"product_cat","embeddable":true,"href":"https:\/\/cycle.rizoma.com\/fr\/wp-json\/wp\/v2\/product_cat?post=318432"},{"taxonomy":"product_tag","embeddable":true,"href":"https:\/\/cycle.rizoma.com\/fr\/wp-json\/wp\/v2\/product_tag?post=318432"}],"curies":[{"name":"wp","href":"https:\/\/api.w.org\/{rel}","templated":true}]}}