{"id":318457,"date":"2024-11-21T17:51:19","date_gmt":"2024-11-21T16:51:19","guid":{"rendered":"https:\/\/rwp.rizoma.com\/negozio\/barre-de-renfort-pour-guidon-oem-zbw113\/"},"modified":"2025-01-14T13:07:41","modified_gmt":"2025-01-14T12:07:41","slug":"barre-de-renfort-pour-guidon-oem-zbw113","status":"publish","type":"product","link":"https:\/\/cycle.rizoma.com\/fr\/negozio\/plus-pour-votre-bmw\/ZBW113\/barre-de-renfort-pour-guidon-oem-zbw113\/","title":{"rendered":"Barre de renfort pour guidon OEM"},"content":{"rendered":"<p>La barre de renfort du guidon Rizoma a \u00e9t\u00e9 con\u00e7ue pour s\u2019adapter parfaitement au guidon OEM.  Les usinages et les mat\u00e9riaux de tr\u00e8s grande qualit\u00e9 assurent les importantes fonctions de stabilit\u00e9 requises par ce produit\u00a0: la tige, de m\u00eame que les supports, sont taill\u00e9s dans la masse d\u2019aluminium. Enfin, l\u2019anodisation de surface garantit une plus longue dur\u00e9e\u00a0des caract\u00e9ristiques esth\u00e9tiques.<\/p>\n","protected":false},"excerpt":{"rendered":"<p>La barre de renfort du guidon Rizoma a \u00e9t\u00e9 con\u00e7ue pour s\u2019adapter parfaitement au guidon OEM. Les usinages et les mat\u00e9riaux de tr\u00e8s grande qualit\u00e9 assurent les importantes fonctions de stabilit\u00e9 requises par ce produit\u00a0: la tige, de m\u00eame que les supports, sont taill\u00e9s dans la masse d\u2019aluminium. Enfin, l\u2019anodisation de surface garantit une plus [&hellip;]<\/p>\n","protected":false},"featured_media":306546,"template":"","meta":{"_acf_changed":false},"rizoma_assembly_time":[42675],"rizoma_bike":[42591,43987,43988,43989,43990,43991,43394,42604,42605,42606],"rizoma_division":[42651],"rizoma_family":[],"rizoma_model_category":[],"rizoma_product_template":[],"product_brand":[],"product_cat":[42781],"product_tag":[],"class_list":{"0":"post-318457","1":"product","2":"type-product","3":"status-publish","4":"has-post-thumbnail","6":"rizoma_bike-r-1300-gs-2023-26","7":"rizoma_bike-r-1300-gs-adventure-2025-26","8":"rizoma_bike-r-1300-gs-adventure-asa-2025-26","9":"rizoma_bike-r-1300-gs-adventure-option-719-karakorum-2025-26","10":"rizoma_bike-r-1300-gs-adventure-triple-black-2025-26","11":"rizoma_bike-r-1300-gs-adventure-trophy-2025-26","12":"rizoma_bike-r-1300-gs-asa-2024-26","13":"rizoma_bike-r-1300-gs-option-719-tramuntana-2023-26","14":"rizoma_bike-r-1300-gs-triple-black-2023-26","15":"rizoma_bike-r-1300-gs-trophy-2023-26","16":"product_cat-plus-pour-votre-bmw","18":"first","19":"instock","20":"taxable","21":"shipping-taxable","22":"purchasable","23":"product-type-variable"},"acf":[],"_links":{"self":[{"href":"https:\/\/cycle.rizoma.com\/fr\/wp-json\/wp\/v2\/product\/318457","targetHints":{"allow":["GET"]}}],"collection":[{"href":"https:\/\/cycle.rizoma.com\/fr\/wp-json\/wp\/v2\/product"}],"about":[{"href":"https:\/\/cycle.rizoma.com\/fr\/wp-json\/wp\/v2\/types\/product"}],"wp:featuredmedia":[{"embeddable":true,"href":"https:\/\/cycle.rizoma.com\/fr\/wp-json\/wp\/v2\/media\/306546"}],"wp:attachment":[{"href":"https:\/\/cycle.rizoma.com\/fr\/wp-json\/wp\/v2\/media?parent=318457"}],"wp:term":[{"taxonomy":"rizoma_assembly_time","embeddable":true,"href":"https:\/\/cycle.rizoma.com\/fr\/wp-json\/wp\/v2\/rizoma_assembly_time?post=318457"},{"taxonomy":"rizoma_bike","embeddable":true,"href":"https:\/\/cycle.rizoma.com\/fr\/wp-json\/wp\/v2\/rizoma_bike?post=318457"},{"taxonomy":"rizoma_division","embeddable":true,"href":"https:\/\/cycle.rizoma.com\/fr\/wp-json\/wp\/v2\/rizoma_division?post=318457"},{"taxonomy":"rizoma_family","embeddable":true,"href":"https:\/\/cycle.rizoma.com\/fr\/wp-json\/wp\/v2\/rizoma_family?post=318457"},{"taxonomy":"rizoma_model_category","embeddable":true,"href":"https:\/\/cycle.rizoma.com\/fr\/wp-json\/wp\/v2\/rizoma_model_category?post=318457"},{"taxonomy":"rizoma_product_template","embeddable":true,"href":"https:\/\/cycle.rizoma.com\/fr\/wp-json\/wp\/v2\/rizoma_product_template?post=318457"},{"taxonomy":"product_brand","embeddable":true,"href":"https:\/\/cycle.rizoma.com\/fr\/wp-json\/wp\/v2\/product_brand?post=318457"},{"taxonomy":"product_cat","embeddable":true,"href":"https:\/\/cycle.rizoma.com\/fr\/wp-json\/wp\/v2\/product_cat?post=318457"},{"taxonomy":"product_tag","embeddable":true,"href":"https:\/\/cycle.rizoma.com\/fr\/wp-json\/wp\/v2\/product_tag?post=318457"}],"curies":[{"name":"wp","href":"https:\/\/api.w.org\/{rel}","templated":true}]}}