{"id":318582,"date":"2024-11-21T17:54:12","date_gmt":"2024-11-21T16:54:12","guid":{"rendered":"https:\/\/rwp.rizoma.com\/negozio\/carter-dembrayage-zdm181\/"},"modified":"2025-12-21T11:52:26","modified_gmt":"2025-12-21T10:52:26","slug":"carter-dembrayage-zdm181","status":"publish","type":"product","link":"https:\/\/cycle.rizoma.com\/fr\/negozio\/plus-pour-votre-ducati\/ZDM181\/carter-dembrayage-zdm181\/","title":{"rendered":"Carter d&#8217;embrayage"},"content":{"rendered":"<p>Un chef-d&#8217;\u0153uvre de design, une d\u00e9claration claire de la vision de Rizoma en mati\u00e8re d&#8217;am\u00e9lioration de la beaut\u00e9, l&#8217;expression ultime de l&#8217;usinage de l&#8217;aluminium et le m\u00e9lange parfait de la forme et de la fonction.<\/p>\n<p>Le carter en aluminium sans bord est \u00e9quip\u00e9 d&#8217;une fen\u00eatre en Lexan transparente de haute technologie, qui permet aux passionn\u00e9s de montrer et d&#8217;admirer la beaut\u00e9 du d\u00e9tail de l&#8217;embrayage.<\/p>\n<p>Les composants internes ont \u00e9t\u00e9 d\u00e9velopp\u00e9s pour garantir l&#8217;excellence esth\u00e9tique et technique.  <\/p>\n<p>Le syst\u00e8me de ventilation de l&#8217;embrayage, compos\u00e9 d&#8217;un plateau de pression et d&#8217;une bague de pression en aluminium l\u00e9ger, est sp\u00e9cialement con\u00e7u pour optimiser au maximum la circulation de l&#8217;huile d&#8217;embrayage \u00e0 l&#8217;int\u00e9rieur du couvercle. De plus, pour minimiser les masses en mouvement et augmenter la r\u00e9sistance m\u00e9canique, Rizoma a s\u00e9lectionn\u00e9 des vis en titane pour la fixation des pi\u00e8ces internes.<\/p>\n<p>Pour une meilleure exp\u00e9rience d&#8217;achat et de montage, le couvercle d&#8217;embrayage est vendu comme un kit, compos\u00e9 de toutes les pi\u00e8ces n\u00e9cessaires pour le remplacement complet des composants OEM, y compris un roulement \u00e0 billes du plateau de pression pr\u00e9-assembl\u00e9, et a \u00e9t\u00e9 con\u00e7u pour une installation rapide Plug and Play.<\/p>\n<p>Rizoma fournit le couvercle d&#8217;embrayage transparent pour plus de 30 mod\u00e8les DUCTAI (ZDM179 pour les mod\u00e8les \u00e0 moteur V2 et ZDM181 pour les mod\u00e8les \u00e0 moteur V4) et les pilotes peuvent choisir entre trois options d&#8217;anodisation diff\u00e9rentes pour une exp\u00e9rience de personnalisation haut de gamme.<\/p>\n","protected":false},"excerpt":{"rendered":"<p>Un chef-d&#8217;\u0153uvre de design, une d\u00e9claration claire de la vision de Rizoma en mati\u00e8re d&#8217;am\u00e9lioration de la beaut\u00e9, l&#8217;expression ultime de l&#8217;usinage de l&#8217;aluminium et le m\u00e9lange parfait de la forme et de la fonction. Le carter en aluminium sans bord est \u00e9quip\u00e9 d&#8217;une fen\u00eatre en Lexan transparente de haute technologie, qui permet aux passionn\u00e9s [&hellip;]<\/p>\n","protected":false},"featured_media":303961,"template":"","meta":{"_acf_changed":false},"rizoma_assembly_time":[42691],"rizoma_bike":[42432,43699,42101,42215,42425,42433,43700,42093,42216,42426,42162,43704,43705,42102,42527,43755,42523,43756],"rizoma_division":[42651],"rizoma_family":[],"rizoma_model_category":[],"rizoma_product_template":[],"product_brand":[],"product_cat":[42812],"product_tag":[],"class_list":{"0":"post-318582","1":"product","2":"type-product","3":"status-publish","4":"has-post-thumbnail","6":"rizoma_bike-panigale-v4-2022-24","7":"rizoma_bike-panigale-v4-2025-26","8":"rizoma_bike-panigale-v4-1100-2018-19","9":"rizoma_bike-panigale-v4-1100-2020","10":"rizoma_bike-panigale-v4-1100-2021","11":"rizoma_bike-panigale-v4-s-2022-24","12":"rizoma_bike-panigale-v4-s-2025-26","13":"rizoma_bike-panigale-v4-s-1100-2018-19","14":"rizoma_bike-panigale-v4-s-1100-2020","15":"rizoma_bike-panigale-v4-s-1100-2021","16":"rizoma_bike-panigale-v4-s-1100-corse-2019","17":"rizoma_bike-panigale-v4-s-carbon-2025-26","18":"rizoma_bike-panigale-v4-s-carbon-pro-2025-26","19":"rizoma_bike-panigale-v4-speciale-1100-2018-19","20":"rizoma_bike-streetfighter-v4-2023-24","21":"rizoma_bike-streetfighter-v4-2025-26","22":"rizoma_bike-streetfighter-v4-s-2023-24","23":"rizoma_bike-streetfighter-v4-s-2025-26","24":"product_cat-plus-pour-votre-ducati","26":"first","27":"instock","28":"taxable","29":"shipping-taxable","30":"purchasable","31":"product-type-variable"},"acf":[],"_links":{"self":[{"href":"https:\/\/cycle.rizoma.com\/fr\/wp-json\/wp\/v2\/product\/318582","targetHints":{"allow":["GET"]}}],"collection":[{"href":"https:\/\/cycle.rizoma.com\/fr\/wp-json\/wp\/v2\/product"}],"about":[{"href":"https:\/\/cycle.rizoma.com\/fr\/wp-json\/wp\/v2\/types\/product"}],"wp:featuredmedia":[{"embeddable":true,"href":"https:\/\/cycle.rizoma.com\/fr\/wp-json\/wp\/v2\/media\/303961"}],"wp:attachment":[{"href":"https:\/\/cycle.rizoma.com\/fr\/wp-json\/wp\/v2\/media?parent=318582"}],"wp:term":[{"taxonomy":"rizoma_assembly_time","embeddable":true,"href":"https:\/\/cycle.rizoma.com\/fr\/wp-json\/wp\/v2\/rizoma_assembly_time?post=318582"},{"taxonomy":"rizoma_bike","embeddable":true,"href":"https:\/\/cycle.rizoma.com\/fr\/wp-json\/wp\/v2\/rizoma_bike?post=318582"},{"taxonomy":"rizoma_division","embeddable":true,"href":"https:\/\/cycle.rizoma.com\/fr\/wp-json\/wp\/v2\/rizoma_division?post=318582"},{"taxonomy":"rizoma_family","embeddable":true,"href":"https:\/\/cycle.rizoma.com\/fr\/wp-json\/wp\/v2\/rizoma_family?post=318582"},{"taxonomy":"rizoma_model_category","embeddable":true,"href":"https:\/\/cycle.rizoma.com\/fr\/wp-json\/wp\/v2\/rizoma_model_category?post=318582"},{"taxonomy":"rizoma_product_template","embeddable":true,"href":"https:\/\/cycle.rizoma.com\/fr\/wp-json\/wp\/v2\/rizoma_product_template?post=318582"},{"taxonomy":"product_brand","embeddable":true,"href":"https:\/\/cycle.rizoma.com\/fr\/wp-json\/wp\/v2\/product_brand?post=318582"},{"taxonomy":"product_cat","embeddable":true,"href":"https:\/\/cycle.rizoma.com\/fr\/wp-json\/wp\/v2\/product_cat?post=318582"},{"taxonomy":"product_tag","embeddable":true,"href":"https:\/\/cycle.rizoma.com\/fr\/wp-json\/wp\/v2\/product_tag?post=318582"}],"curies":[{"name":"wp","href":"https:\/\/api.w.org\/{rel}","templated":true}]}}