{"id":324426,"date":"2024-11-22T11:50:03","date_gmt":"2024-11-22T10:50:03","guid":{"rendered":"https:\/\/rwp.rizoma.com\/negozio\/repose-pieds-passager-pe740\/"},"modified":"2025-01-14T12:25:40","modified_gmt":"2025-01-14T11:25:40","slug":"repose-pieds-passager-pe740","status":"publish","type":"product","link":"https:\/\/cycle.rizoma.com\/fr\/negozio\/kit-commande-reculees\/PE740\/repose-pieds-passager-pe740\/motorbike\/18374\/yamaha\/mt-07\/","title":{"rendered":"Repose-pieds passager"},"content":{"rendered":"<p>Les reposes pieds passager sont usin\u00e9es en aluminium et sont fix\u00e9es au cadre au moyen de supports cach\u00e9s par les couvercles en technopolym\u00e8re ABS, ce qui permet de les fermer lorsqu&#8217;elles ne sont pas utilis\u00e9es. Le design est caract\u00e9ris\u00e9 par des ouvertures en haut et sur les c\u00f4t\u00e9s pour plus de l\u00e9g\u00e8ret\u00e9 et par une double finition qui met en valeur la zone de pr\u00e9hension.<br \/>Certifi\u00e9 T\u00dcV.<\/p>\n","protected":false},"excerpt":{"rendered":"<p>Les reposes pieds passager sont usin\u00e9es en aluminium et sont fix\u00e9es au cadre au moyen de supports cach\u00e9s par les couvercles en technopolym\u00e8re ABS, ce qui permet de les fermer lorsqu&#8217;elles ne sont pas utilis\u00e9es. Le design est caract\u00e9ris\u00e9 par des ouvertures en haut et sur les c\u00f4t\u00e9s pour plus de l\u00e9g\u00e8ret\u00e9 et par une [&hellip;]<\/p>\n","protected":false},"featured_media":301962,"template":"","meta":{"_acf_changed":false},"rizoma_assembly_time":[42742],"rizoma_bike":[42558,42557,42556,43430,43427,43744,43429,42561,42560,42559,42636,44397,44437,42567,42566],"rizoma_division":[42651],"rizoma_family":[],"rizoma_model_category":[],"rizoma_product_template":[],"product_brand":[],"product_cat":[43004],"product_tag":[],"class_list":{"0":"post-324426","1":"product","2":"type-product","3":"status-publish","4":"has-post-thumbnail","6":"rizoma_bike-gts-2015-2017","7":"rizoma_bike-gts-2018-2022","8":"rizoma_bike-gts-2023-2025","9":"rizoma_bike-gts-310-2025","10":"rizoma_bike-gts-310-super-2025","11":"rizoma_bike-gts-310-super-tech-2025","12":"rizoma_bike-gts-310-supersport-2025","13":"rizoma_bike-gts-super-2015-2017","14":"rizoma_bike-gts-super-2018-2022","15":"rizoma_bike-gts-super-2023-2025","16":"rizoma_bike-gtv-2023-2024","17":"rizoma_bike-gtv-310-2025-2026","18":"rizoma_bike-gtv-310-officina-8-2026","19":"rizoma_bike-sei-giorni-2016-2017","20":"rizoma_bike-sei-giorni-2018-2022","21":"product_cat-kit-commande-reculees","23":"first","24":"instock","25":"taxable","26":"shipping-taxable","27":"purchasable","28":"product-type-variable"},"acf":[],"_links":{"self":[{"href":"https:\/\/cycle.rizoma.com\/fr\/wp-json\/wp\/v2\/product\/324426","targetHints":{"allow":["GET"]}}],"collection":[{"href":"https:\/\/cycle.rizoma.com\/fr\/wp-json\/wp\/v2\/product"}],"about":[{"href":"https:\/\/cycle.rizoma.com\/fr\/wp-json\/wp\/v2\/types\/product"}],"wp:featuredmedia":[{"embeddable":true,"href":"https:\/\/cycle.rizoma.com\/fr\/wp-json\/wp\/v2\/media\/301962"}],"wp:attachment":[{"href":"https:\/\/cycle.rizoma.com\/fr\/wp-json\/wp\/v2\/media?parent=324426"}],"wp:term":[{"taxonomy":"rizoma_assembly_time","embeddable":true,"href":"https:\/\/cycle.rizoma.com\/fr\/wp-json\/wp\/v2\/rizoma_assembly_time?post=324426"},{"taxonomy":"rizoma_bike","embeddable":true,"href":"https:\/\/cycle.rizoma.com\/fr\/wp-json\/wp\/v2\/rizoma_bike?post=324426"},{"taxonomy":"rizoma_division","embeddable":true,"href":"https:\/\/cycle.rizoma.com\/fr\/wp-json\/wp\/v2\/rizoma_division?post=324426"},{"taxonomy":"rizoma_family","embeddable":true,"href":"https:\/\/cycle.rizoma.com\/fr\/wp-json\/wp\/v2\/rizoma_family?post=324426"},{"taxonomy":"rizoma_model_category","embeddable":true,"href":"https:\/\/cycle.rizoma.com\/fr\/wp-json\/wp\/v2\/rizoma_model_category?post=324426"},{"taxonomy":"rizoma_product_template","embeddable":true,"href":"https:\/\/cycle.rizoma.com\/fr\/wp-json\/wp\/v2\/rizoma_product_template?post=324426"},{"taxonomy":"product_brand","embeddable":true,"href":"https:\/\/cycle.rizoma.com\/fr\/wp-json\/wp\/v2\/product_brand?post=324426"},{"taxonomy":"product_cat","embeddable":true,"href":"https:\/\/cycle.rizoma.com\/fr\/wp-json\/wp\/v2\/product_cat?post=324426"},{"taxonomy":"product_tag","embeddable":true,"href":"https:\/\/cycle.rizoma.com\/fr\/wp-json\/wp\/v2\/product_tag?post=324426"}],"curies":[{"name":"wp","href":"https:\/\/api.w.org\/{rel}","templated":true}]}}