{"id":327571,"date":"2025-02-25T15:15:56","date_gmt":"2025-02-25T14:15:56","guid":{"rendered":"https:\/\/www.rizoma.com\/negozio\/protection-axe-de-roue-avant-ducati-by-rizoma-dm-pw201\/"},"modified":"2025-02-25T15:17:36","modified_gmt":"2025-02-25T14:17:36","slug":"protection-axe-de-roue-avant-ducati-by-rizoma-dm-pw201","status":"publish","type":"product","link":"https:\/\/cycle.rizoma.com\/fr\/negozio\/accessoires-ducati-by-rizoma\/DM-PW201\/protection-axe-de-roue-avant-ducati-by-rizoma-dm-pw201\/","title":{"rendered":"Protection axe de roue avant Ducati by Rizoma"},"content":{"rendered":"<p>En 2018, Ducati a fait de Rizoma un partenaire officiel. Ces deux grands fabricants italiens ont uni leurs forces pour cr\u00e9er un projet sp\u00e9cial mettant l&#8217;accent sur le style, la qualit\u00e9 et la performance.<br \/>Rizoma con\u00e7oit et produit des accessoires de la marque Ducati\u00ae by Rizoma\u00ae exclusivement pour Ducati Motor Holding Spa. La gamme de produits exclusifs peut \u00eatre achet\u00e9e uniquement dans les magasins officiels Ducati ou sur la boutique en ligne Ducati.<\/p>\n","protected":false},"excerpt":{"rendered":"<p>En 2018, Ducati a fait de Rizoma un partenaire officiel. Ces deux grands fabricants italiens ont uni leurs forces pour cr\u00e9er un projet sp\u00e9cial mettant l&#8217;accent sur le style, la qualit\u00e9 et la performance.Rizoma con\u00e7oit et produit des accessoires de la marque Ducati\u00ae by Rizoma\u00ae exclusivement pour Ducati Motor Holding Spa. La gamme de produits [&hellip;]<\/p>\n","protected":false},"featured_media":327525,"template":"","meta":{"_acf_changed":false},"rizoma_assembly_time":[42675],"rizoma_bike":[43699,44015,44017,43700,43704,43705,44014,44016],"rizoma_division":[42651],"rizoma_family":[],"rizoma_model_category":[],"rizoma_product_template":[],"product_brand":[],"product_cat":[42960],"product_tag":[],"class_list":{"0":"post-327571","1":"product","2":"type-product","3":"status-publish","4":"has-post-thumbnail","6":"rizoma_bike-panigale-v4-2025-26","7":"rizoma_bike-panigale-v4-lamborghini-2026","8":"rizoma_bike-panigale-v4-r-2026","9":"rizoma_bike-panigale-v4-s-2025-26","10":"rizoma_bike-panigale-v4-s-carbon-2025-26","11":"rizoma_bike-panigale-v4-s-carbon-pro-2025-26","12":"rizoma_bike-panigale-v4-tricolore-2025-26","13":"rizoma_bike-panigale-v4-tricolore-italia-2025-26","14":"product_cat-accessoires-ducati-by-rizoma","16":"first","17":"outofstock","18":"taxable","19":"shipping-taxable","20":"purchasable","21":"product-type-variable"},"acf":[],"_links":{"self":[{"href":"https:\/\/cycle.rizoma.com\/fr\/wp-json\/wp\/v2\/product\/327571","targetHints":{"allow":["GET"]}}],"collection":[{"href":"https:\/\/cycle.rizoma.com\/fr\/wp-json\/wp\/v2\/product"}],"about":[{"href":"https:\/\/cycle.rizoma.com\/fr\/wp-json\/wp\/v2\/types\/product"}],"wp:featuredmedia":[{"embeddable":true,"href":"https:\/\/cycle.rizoma.com\/fr\/wp-json\/wp\/v2\/media\/327525"}],"wp:attachment":[{"href":"https:\/\/cycle.rizoma.com\/fr\/wp-json\/wp\/v2\/media?parent=327571"}],"wp:term":[{"taxonomy":"rizoma_assembly_time","embeddable":true,"href":"https:\/\/cycle.rizoma.com\/fr\/wp-json\/wp\/v2\/rizoma_assembly_time?post=327571"},{"taxonomy":"rizoma_bike","embeddable":true,"href":"https:\/\/cycle.rizoma.com\/fr\/wp-json\/wp\/v2\/rizoma_bike?post=327571"},{"taxonomy":"rizoma_division","embeddable":true,"href":"https:\/\/cycle.rizoma.com\/fr\/wp-json\/wp\/v2\/rizoma_division?post=327571"},{"taxonomy":"rizoma_family","embeddable":true,"href":"https:\/\/cycle.rizoma.com\/fr\/wp-json\/wp\/v2\/rizoma_family?post=327571"},{"taxonomy":"rizoma_model_category","embeddable":true,"href":"https:\/\/cycle.rizoma.com\/fr\/wp-json\/wp\/v2\/rizoma_model_category?post=327571"},{"taxonomy":"rizoma_product_template","embeddable":true,"href":"https:\/\/cycle.rizoma.com\/fr\/wp-json\/wp\/v2\/rizoma_product_template?post=327571"},{"taxonomy":"product_brand","embeddable":true,"href":"https:\/\/cycle.rizoma.com\/fr\/wp-json\/wp\/v2\/product_brand?post=327571"},{"taxonomy":"product_cat","embeddable":true,"href":"https:\/\/cycle.rizoma.com\/fr\/wp-json\/wp\/v2\/product_cat?post=327571"},{"taxonomy":"product_tag","embeddable":true,"href":"https:\/\/cycle.rizoma.com\/fr\/wp-json\/wp\/v2\/product_tag?post=327571"}],"curies":[{"name":"wp","href":"https:\/\/api.w.org\/{rel}","templated":true}]}}