{"id":327704,"date":"2025-03-04T15:35:14","date_gmt":"2025-03-04T14:35:14","guid":{"rendered":"https:\/\/www.rizoma.com\/negozio\/stealth-bss043\/"},"modified":"2026-02-07T20:58:57","modified_gmt":"2026-02-07T19:58:57","slug":"stealth-bss043","status":"publish","type":"product","link":"https:\/\/cycle.rizoma.com\/fr\/negozio\/retroviseurs\/BSS043\/stealth-bss043\/","title":{"rendered":"Stealth"},"content":{"rendered":"<p>Con\u00e7u pour dispara\u00eetre. N\u00e9 pour aller au-del\u00e0. Con\u00e7u pour les motos supersport, Stealth Sport est cr\u00e9\u00e9 pour minimiser l\u2019impact visuel et dominer l\u2019air. <\/p>\n<p>Trois \u00e9l\u00e9ments: une base fixe int\u00e9gr\u00e9e au car\u00e9nage, un bras orientable pour le repliement interne du miroir et un corps mobile qui prot\u00e8ge la vitre. D\u2019un seul geste, l\u2019architecture se compacte, transformant le r\u00e9troviseur en une aile a\u00e9rodynamique. Le r\u00e9sultat: une portance tangible, jusqu&#8217;\u00e0 4 kg \u00e0 300 km\/h. Usin\u00e9 \u00e0 partir d\u2019un seul bloc d\u2019aluminium et fini avec une anodisation profonde, il est dot\u00e9 d\u2019une lentille convexe HD teint\u00e9e en bleu, offrant une vision nette et sans reflets.<\/p>\n","protected":false},"excerpt":{"rendered":"<p>Con\u00e7u pour dispara\u00eetre. N\u00e9 pour aller au-del\u00e0. Con\u00e7u pour les motos supersport, Stealth Sport est cr\u00e9\u00e9 pour minimiser l\u2019impact visuel et dominer l\u2019air. Trois \u00e9l\u00e9ments: une base fixe int\u00e9gr\u00e9e au car\u00e9nage, un bras orientable pour le repliement interne du miroir et un corps mobile qui prot\u00e8ge la vitre. D\u2019un seul geste, l\u2019architecture se compacte, transformant [&hellip;]<\/p>\n","protected":false},"featured_media":327508,"template":"","meta":{"_acf_changed":false},"rizoma_assembly_time":[],"rizoma_bike":[43699,44015,44017,43700,43704,43705,44014,44016],"rizoma_division":[42651],"rizoma_family":[42970],"rizoma_model_category":[],"rizoma_product_template":[],"product_brand":[],"product_cat":[43939],"product_tag":[],"class_list":{"0":"post-327704","1":"product","2":"type-product","3":"status-publish","4":"has-post-thumbnail","6":"rizoma_bike-panigale-v4-2025-26","7":"rizoma_bike-panigale-v4-lamborghini-2026","8":"rizoma_bike-panigale-v4-r-2026","9":"rizoma_bike-panigale-v4-s-2025-26","10":"rizoma_bike-panigale-v4-s-carbon-2025-26","11":"rizoma_bike-panigale-v4-s-carbon-pro-2025-26","12":"rizoma_bike-panigale-v4-tricolore-2025-26","13":"rizoma_bike-panigale-v4-tricolore-italia-2025-26","14":"product_cat-retroviseurs","16":"first","17":"instock","18":"taxable","19":"shipping-taxable","20":"purchasable","21":"product-type-variable"},"acf":[],"_links":{"self":[{"href":"https:\/\/cycle.rizoma.com\/fr\/wp-json\/wp\/v2\/product\/327704","targetHints":{"allow":["GET"]}}],"collection":[{"href":"https:\/\/cycle.rizoma.com\/fr\/wp-json\/wp\/v2\/product"}],"about":[{"href":"https:\/\/cycle.rizoma.com\/fr\/wp-json\/wp\/v2\/types\/product"}],"wp:featuredmedia":[{"embeddable":true,"href":"https:\/\/cycle.rizoma.com\/fr\/wp-json\/wp\/v2\/media\/327508"}],"wp:attachment":[{"href":"https:\/\/cycle.rizoma.com\/fr\/wp-json\/wp\/v2\/media?parent=327704"}],"wp:term":[{"taxonomy":"rizoma_assembly_time","embeddable":true,"href":"https:\/\/cycle.rizoma.com\/fr\/wp-json\/wp\/v2\/rizoma_assembly_time?post=327704"},{"taxonomy":"rizoma_bike","embeddable":true,"href":"https:\/\/cycle.rizoma.com\/fr\/wp-json\/wp\/v2\/rizoma_bike?post=327704"},{"taxonomy":"rizoma_division","embeddable":true,"href":"https:\/\/cycle.rizoma.com\/fr\/wp-json\/wp\/v2\/rizoma_division?post=327704"},{"taxonomy":"rizoma_family","embeddable":true,"href":"https:\/\/cycle.rizoma.com\/fr\/wp-json\/wp\/v2\/rizoma_family?post=327704"},{"taxonomy":"rizoma_model_category","embeddable":true,"href":"https:\/\/cycle.rizoma.com\/fr\/wp-json\/wp\/v2\/rizoma_model_category?post=327704"},{"taxonomy":"rizoma_product_template","embeddable":true,"href":"https:\/\/cycle.rizoma.com\/fr\/wp-json\/wp\/v2\/rizoma_product_template?post=327704"},{"taxonomy":"product_brand","embeddable":true,"href":"https:\/\/cycle.rizoma.com\/fr\/wp-json\/wp\/v2\/product_brand?post=327704"},{"taxonomy":"product_cat","embeddable":true,"href":"https:\/\/cycle.rizoma.com\/fr\/wp-json\/wp\/v2\/product_cat?post=327704"},{"taxonomy":"product_tag","embeddable":true,"href":"https:\/\/cycle.rizoma.com\/fr\/wp-json\/wp\/v2\/product_tag?post=327704"}],"curies":[{"name":"wp","href":"https:\/\/api.w.org\/{rel}","templated":true}]}}