{"id":330050,"date":"2025-06-04T14:13:57","date_gmt":"2025-06-04T12:13:57","guid":{"rendered":"https:\/\/www.rizoma.com\/negozio\/kit-de-montage-pour-repose-pieds-rizoma-pe850\/"},"modified":"2025-08-05T04:07:15","modified_gmt":"2025-08-05T02:07:15","slug":"kit-de-montage-pour-repose-pieds-rizoma-pe850","status":"publish","type":"product","link":"https:\/\/cycle.rizoma.com\/fr\/negozio\/repose-pieds\/PE850\/kit-de-montage-pour-repose-pieds-rizoma-pe850\/motorbike\/15680\/moto-guzzi\/v85\/","title":{"rendered":"Kit de montage pour repose-pieds Rizoma"},"content":{"rendered":"<p>Tous les adaptateurs de repose-pieds sont taill\u00e9s dans la masse d\u2019aluminium et sp\u00e9cifiquement con\u00e7us pour les diff\u00e9rents mod\u00e8les de moto, ce qui garantit une compatibilit\u00e9 parfaite et une solution de fixation optimale. Les adaptateurs Rizoma permettent de monter les repose-pieds Rizoma sur les repose-pieds OEM. Adaptateurs certifi\u00e9s T\u00dcV. Les reposes pied Rizoma et de leur kit de montage, avec et sans syst\u00e8me de r\u00e9glage excentrique, s&#8217;inspire du monde de la course.Pour cette raison, lors du montage, les reposes pied ne sont pas parfaitement parall\u00e8le avec le sol, mais apparaissent l\u00e9g\u00e8rement inclin\u00e9es vers le haut. L\u2019extr\u00e9mit\u00e9 a \u00e9t\u00e9 con\u00e7u pour \u00e9viter la perte de traction du pied vers l&#8217;ext\u00e9rieur pendant la conduite.<\/p>\n","protected":false},"excerpt":{"rendered":"<p>Tous les adaptateurs de repose-pieds sont taill\u00e9s dans la masse d\u2019aluminium et sp\u00e9cifiquement con\u00e7us pour les diff\u00e9rents mod\u00e8les de moto, ce qui garantit une compatibilit\u00e9 parfaite et une solution de fixation optimale. Les adaptateurs Rizoma permettent de monter les repose-pieds Rizoma sur les repose-pieds OEM. Adaptateurs certifi\u00e9s T\u00dcV. Les reposes pied Rizoma et de leur [&hellip;]<\/p>\n","protected":false},"featured_media":297232,"template":"","meta":{"_acf_changed":false},"rizoma_assembly_time":[42664],"rizoma_bike":[41996,41978,41987,41997],"rizoma_division":[42651],"rizoma_family":[42745],"rizoma_model_category":[],"rizoma_product_template":[],"product_brand":[],"product_cat":[42750],"product_tag":[],"class_list":{"0":"post-330050","1":"product","2":"type-product","3":"status-publish","4":"has-post-thumbnail","6":"rizoma_bike-1090-adventure-r-2017-19","7":"rizoma_bike-1090-adventure-s-l-2017-19","8":"rizoma_bike-1290-super-adventure-r-2017-20","9":"rizoma_bike-1290-super-adventure-s-2017-20","10":"product_cat-repose-pieds","12":"first","13":"instock","14":"taxable","15":"shipping-taxable","16":"purchasable","17":"product-type-variable"},"acf":[],"_links":{"self":[{"href":"https:\/\/cycle.rizoma.com\/fr\/wp-json\/wp\/v2\/product\/330050","targetHints":{"allow":["GET"]}}],"collection":[{"href":"https:\/\/cycle.rizoma.com\/fr\/wp-json\/wp\/v2\/product"}],"about":[{"href":"https:\/\/cycle.rizoma.com\/fr\/wp-json\/wp\/v2\/types\/product"}],"wp:featuredmedia":[{"embeddable":true,"href":"https:\/\/cycle.rizoma.com\/fr\/wp-json\/wp\/v2\/media\/297232"}],"wp:attachment":[{"href":"https:\/\/cycle.rizoma.com\/fr\/wp-json\/wp\/v2\/media?parent=330050"}],"wp:term":[{"taxonomy":"rizoma_assembly_time","embeddable":true,"href":"https:\/\/cycle.rizoma.com\/fr\/wp-json\/wp\/v2\/rizoma_assembly_time?post=330050"},{"taxonomy":"rizoma_bike","embeddable":true,"href":"https:\/\/cycle.rizoma.com\/fr\/wp-json\/wp\/v2\/rizoma_bike?post=330050"},{"taxonomy":"rizoma_division","embeddable":true,"href":"https:\/\/cycle.rizoma.com\/fr\/wp-json\/wp\/v2\/rizoma_division?post=330050"},{"taxonomy":"rizoma_family","embeddable":true,"href":"https:\/\/cycle.rizoma.com\/fr\/wp-json\/wp\/v2\/rizoma_family?post=330050"},{"taxonomy":"rizoma_model_category","embeddable":true,"href":"https:\/\/cycle.rizoma.com\/fr\/wp-json\/wp\/v2\/rizoma_model_category?post=330050"},{"taxonomy":"rizoma_product_template","embeddable":true,"href":"https:\/\/cycle.rizoma.com\/fr\/wp-json\/wp\/v2\/rizoma_product_template?post=330050"},{"taxonomy":"product_brand","embeddable":true,"href":"https:\/\/cycle.rizoma.com\/fr\/wp-json\/wp\/v2\/product_brand?post=330050"},{"taxonomy":"product_cat","embeddable":true,"href":"https:\/\/cycle.rizoma.com\/fr\/wp-json\/wp\/v2\/product_cat?post=330050"},{"taxonomy":"product_tag","embeddable":true,"href":"https:\/\/cycle.rizoma.com\/fr\/wp-json\/wp\/v2\/product_tag?post=330050"}],"curies":[{"name":"wp","href":"https:\/\/api.w.org\/{rel}","templated":true}]}}