{"id":331317,"date":"2025-06-04T17:24:19","date_gmt":"2025-06-04T15:24:19","guid":{"rendered":"https:\/\/www.rizoma.com\/negozio\/pontets-rehausseurs-avec-deport-az019\/"},"modified":"2025-12-18T00:40:04","modified_gmt":"2025-12-17T23:40:04","slug":"pontets-rehausseurs-avec-deport-az019","status":"publish","type":"product","link":"https:\/\/cycle.rizoma.com\/fr\/negozio\/kit-pour-guidons\/AZ019\/pontets-rehausseurs-avec-deport-az019\/","title":{"rendered":"Pontets r\u00e9hausseurs avec d\u00e9port"},"content":{"rendered":"<p>Le kit pontets est taill\u00e9 dans la masse d\u2019aluminium et soumis \u00e0 un traitement de surface par anodisation qui garantit \u00e0 ce produit une qualit\u00e9 durable. Custom style pour ceux qui souhaitent enrichir leur moto de d\u00e9tails haut de gamme. Hauteur 60 mm et d\u00e9port vers l\u2019arri\u00e8re -15 mm : am\u00e9lioration du confort et du plaisir de conduire.<\/p>\n","protected":false},"excerpt":{"rendered":"<p>Le kit pontets est taill\u00e9 dans la masse d\u2019aluminium et soumis \u00e0 un traitement de surface par anodisation qui garantit \u00e0 ce produit une qualit\u00e9 durable. Custom style pour ceux qui souhaitent enrichir leur moto de d\u00e9tails haut de gamme. Hauteur 60 mm et d\u00e9port vers l\u2019arri\u00e8re -15 mm : am\u00e9lioration du confort et du [&hellip;]<\/p>\n","protected":false},"featured_media":330110,"template":"","meta":{"_acf_changed":false},"rizoma_assembly_time":[42675],"rizoma_bike":[],"rizoma_division":[42651],"rizoma_family":[42656],"rizoma_model_category":[],"rizoma_product_template":[],"product_brand":[],"product_cat":[42661],"product_tag":[],"class_list":{"0":"post-331317","1":"product","2":"type-product","3":"status-publish","4":"has-post-thumbnail","6":"product_cat-kit-pour-guidons","8":"first","9":"instock","10":"sale","11":"taxable","12":"shipping-taxable","13":"purchasable","14":"product-type-variable"},"acf":[],"_links":{"self":[{"href":"https:\/\/cycle.rizoma.com\/fr\/wp-json\/wp\/v2\/product\/331317","targetHints":{"allow":["GET"]}}],"collection":[{"href":"https:\/\/cycle.rizoma.com\/fr\/wp-json\/wp\/v2\/product"}],"about":[{"href":"https:\/\/cycle.rizoma.com\/fr\/wp-json\/wp\/v2\/types\/product"}],"wp:featuredmedia":[{"embeddable":true,"href":"https:\/\/cycle.rizoma.com\/fr\/wp-json\/wp\/v2\/media\/330110"}],"wp:attachment":[{"href":"https:\/\/cycle.rizoma.com\/fr\/wp-json\/wp\/v2\/media?parent=331317"}],"wp:term":[{"taxonomy":"rizoma_assembly_time","embeddable":true,"href":"https:\/\/cycle.rizoma.com\/fr\/wp-json\/wp\/v2\/rizoma_assembly_time?post=331317"},{"taxonomy":"rizoma_bike","embeddable":true,"href":"https:\/\/cycle.rizoma.com\/fr\/wp-json\/wp\/v2\/rizoma_bike?post=331317"},{"taxonomy":"rizoma_division","embeddable":true,"href":"https:\/\/cycle.rizoma.com\/fr\/wp-json\/wp\/v2\/rizoma_division?post=331317"},{"taxonomy":"rizoma_family","embeddable":true,"href":"https:\/\/cycle.rizoma.com\/fr\/wp-json\/wp\/v2\/rizoma_family?post=331317"},{"taxonomy":"rizoma_model_category","embeddable":true,"href":"https:\/\/cycle.rizoma.com\/fr\/wp-json\/wp\/v2\/rizoma_model_category?post=331317"},{"taxonomy":"rizoma_product_template","embeddable":true,"href":"https:\/\/cycle.rizoma.com\/fr\/wp-json\/wp\/v2\/rizoma_product_template?post=331317"},{"taxonomy":"product_brand","embeddable":true,"href":"https:\/\/cycle.rizoma.com\/fr\/wp-json\/wp\/v2\/product_brand?post=331317"},{"taxonomy":"product_cat","embeddable":true,"href":"https:\/\/cycle.rizoma.com\/fr\/wp-json\/wp\/v2\/product_cat?post=331317"},{"taxonomy":"product_tag","embeddable":true,"href":"https:\/\/cycle.rizoma.com\/fr\/wp-json\/wp\/v2\/product_tag?post=331317"}],"curies":[{"name":"wp","href":"https:\/\/api.w.org\/{rel}","templated":true}]}}