{"id":336272,"date":"2025-06-23T14:07:33","date_gmt":"2025-06-23T12:07:33","guid":{"rendered":"https:\/\/www.rizoma.com\/negozio\/light-unit-s-avec-support-en-technopolymere-ts077\/"},"modified":"2025-11-22T19:54:00","modified_gmt":"2025-11-22T18:54:00","slug":"light-unit-s-avec-support-en-technopolymere-ts077","status":"publish","type":"product","link":"https:\/\/cycle.rizoma.com\/fr\/negozio\/clignotants\/TS077\/light-unit-s-avec-support-en-technopolymere-ts077\/","title":{"rendered":"Light Unit S avec support en technopolym\u00e8re"},"content":{"rendered":"<p>Le kit Light Unit S avec support en technopolym\u00e8re, gr\u00e2ce \u00e0 la derni\u00e8re g\u00e9n\u00e9ration de la technologie LED SMD int\u00e9grant trois fonctions (clignotant, feu de position arri\u00e8re et feu de stop), il garantit une intensit\u00e9 lumineuse \u00e9lev\u00e9e, repr\u00e9sentant l&#8217;une des plus petites options de sa cat\u00e9gorie tout en respectant les normes d&#8217;homologation europ\u00e9ennes.<br \/>Une conception rationnelle qui, dans de tr\u00e8s petites dimensions, contient ce qui est n\u00e9cessaire pour satisfaire parfaitement sa fonction. Dans Light Unit, le faisceau d&#8217;\u00e9clairage s&#8217;\u00e9tend longitudinalement jusqu&#8217;au point de fixation de l&#8217;indicateur lui-m\u00eame (au lieu de 90\u00b0, comme cela se produit g\u00e9n\u00e9ralement dans d&#8217;autres indicateurs), augmentant la facilit\u00e9 d&#8217;application et les possibilit\u00e9s de montage.<br \/>Donc, Light Unit, repr\u00e9sente un nouveau concept consentant d\u2019infinies possibilit\u00e9s d\u2019applications pour les indicateurs de direction Rizoma, un dispositif de signalisation lumineuse qui peut \u00eatre mont\u00e9 efficacement dans une multitude de configurations en fonction des besoins sp\u00e9cifiques de l\u2019utilisateur, sans sacrifier l\u2019esth\u00e9tique, et qui en fait en plus le  point cl\u00e9 de son brevet.<br \/>Support en technopolym\u00e8re FR440B compris.<\/p>\n","protected":false},"excerpt":{"rendered":"<p>Le kit Light Unit S avec support en technopolym\u00e8re, gr\u00e2ce \u00e0 la derni\u00e8re g\u00e9n\u00e9ration de la technologie LED SMD int\u00e9grant trois fonctions (clignotant, feu de position arri\u00e8re et feu de stop), il garantit une intensit\u00e9 lumineuse \u00e9lev\u00e9e, repr\u00e9sentant l&#8217;une des plus petites options de sa cat\u00e9gorie tout en respectant les normes d&#8217;homologation europ\u00e9ennes.Une conception rationnelle [&hellip;]<\/p>\n","protected":false},"featured_media":307551,"template":"","meta":{"_acf_changed":false},"rizoma_assembly_time":[42742],"rizoma_bike":[42619,44429,42398,42516,43912,42288,43892,42498,43707,42591,43987,43988,43989,43990,43991,43394,42604,42605,42606,44364,44363,42345,43913,42167,42302,42574,43701,42236,42607,44461,44462],"rizoma_division":[42651],"rizoma_family":[42852],"rizoma_model_category":[],"rizoma_product_template":[],"product_brand":[],"product_cat":[42714],"product_tag":[],"class_list":{"0":"post-336272","1":"product","2":"type-product","3":"status-publish","4":"has-post-thumbnail","6":"rizoma_bike-990-duke-2024-26","7":"rizoma_bike-990-duke-r-2026","8":"rizoma_bike-ce-04-2021-25","9":"rizoma_bike-m-1000-r-2023-24","10":"rizoma_bike-m-1000-r-2025-26","11":"rizoma_bike-m-1000-rr-2023-24","12":"rizoma_bike-m-1000-rr-2025-26","13":"rizoma_bike-m-1000-rr-50-years-m-2022","14":"rizoma_bike-m-1000-xr-2024-26","15":"rizoma_bike-r-1300-gs-2023-26","16":"rizoma_bike-r-1300-gs-adventure-2025-26","17":"rizoma_bike-r-1300-gs-adventure-asa-2025-26","18":"rizoma_bike-r-1300-gs-adventure-option-719-karakorum-2025-26","19":"rizoma_bike-r-1300-gs-adventure-triple-black-2025-26","20":"rizoma_bike-r-1300-gs-adventure-trophy-2025-26","21":"rizoma_bike-r-1300-gs-asa-2024-26","22":"rizoma_bike-r-1300-gs-option-719-tramuntana-2023-26","23":"rizoma_bike-r-1300-gs-triple-black-2023-26","24":"rizoma_bike-r-1300-gs-trophy-2023-26","25":"rizoma_bike-rsv4-1100-2025-26","26":"rizoma_bike-rsv4-1100-factory-2025-26","27":"rizoma_bike-s-1000-r-2021-24","28":"rizoma_bike-s-1000-r-2025-26","29":"rizoma_bike-s-1000-rr-2019-20","30":"rizoma_bike-s-1000-rr-2021-22","31":"rizoma_bike-s-1000-rr-2023-24","32":"rizoma_bike-s-1000-rr-2025-26","33":"rizoma_bike-s-1000-xr-2020-23","34":"rizoma_bike-s-1000-xr-2024-26","35":"rizoma_bike-tuono-v4-2025-26","36":"rizoma_bike-tuono-v4-factory-2025-26","37":"product_cat-clignotants","39":"first","40":"instock","41":"taxable","42":"shipping-taxable","43":"purchasable","44":"product-type-variable"},"acf":[],"_links":{"self":[{"href":"https:\/\/cycle.rizoma.com\/fr\/wp-json\/wp\/v2\/product\/336272","targetHints":{"allow":["GET"]}}],"collection":[{"href":"https:\/\/cycle.rizoma.com\/fr\/wp-json\/wp\/v2\/product"}],"about":[{"href":"https:\/\/cycle.rizoma.com\/fr\/wp-json\/wp\/v2\/types\/product"}],"wp:featuredmedia":[{"embeddable":true,"href":"https:\/\/cycle.rizoma.com\/fr\/wp-json\/wp\/v2\/media\/307551"}],"wp:attachment":[{"href":"https:\/\/cycle.rizoma.com\/fr\/wp-json\/wp\/v2\/media?parent=336272"}],"wp:term":[{"taxonomy":"rizoma_assembly_time","embeddable":true,"href":"https:\/\/cycle.rizoma.com\/fr\/wp-json\/wp\/v2\/rizoma_assembly_time?post=336272"},{"taxonomy":"rizoma_bike","embeddable":true,"href":"https:\/\/cycle.rizoma.com\/fr\/wp-json\/wp\/v2\/rizoma_bike?post=336272"},{"taxonomy":"rizoma_division","embeddable":true,"href":"https:\/\/cycle.rizoma.com\/fr\/wp-json\/wp\/v2\/rizoma_division?post=336272"},{"taxonomy":"rizoma_family","embeddable":true,"href":"https:\/\/cycle.rizoma.com\/fr\/wp-json\/wp\/v2\/rizoma_family?post=336272"},{"taxonomy":"rizoma_model_category","embeddable":true,"href":"https:\/\/cycle.rizoma.com\/fr\/wp-json\/wp\/v2\/rizoma_model_category?post=336272"},{"taxonomy":"rizoma_product_template","embeddable":true,"href":"https:\/\/cycle.rizoma.com\/fr\/wp-json\/wp\/v2\/rizoma_product_template?post=336272"},{"taxonomy":"product_brand","embeddable":true,"href":"https:\/\/cycle.rizoma.com\/fr\/wp-json\/wp\/v2\/product_brand?post=336272"},{"taxonomy":"product_cat","embeddable":true,"href":"https:\/\/cycle.rizoma.com\/fr\/wp-json\/wp\/v2\/product_cat?post=336272"},{"taxonomy":"product_tag","embeddable":true,"href":"https:\/\/cycle.rizoma.com\/fr\/wp-json\/wp\/v2\/product_tag?post=336272"}],"curies":[{"name":"wp","href":"https:\/\/api.w.org\/{rel}","templated":true}]}}