{"id":336322,"date":"2025-06-23T14:09:45","date_gmt":"2025-06-23T12:09:45","guid":{"rendered":"https:\/\/www.rizoma.com\/negozio\/club-s-ts155\/"},"modified":"2026-03-29T12:09:12","modified_gmt":"2026-03-29T10:09:12","slug":"club-s-ts155","status":"publish","type":"product","link":"https:\/\/cycle.rizoma.com\/fr\/negozio\/clignotants\/TS155\/club-s-ts155\/","title":{"rendered":"Club S"},"content":{"rendered":"<p>Club S est le clignotant qui r\u00e9unit la substance et l\u2019harmonie. Taill\u00e9s dans la masse d\u2019aluminium, dot\u00e9 de la technologie \u00e0 LED SMD multifonction, il garantit, gr\u00e2ce \u00e0 sa forte intensit\u00e9 lumineuse, la conformit\u00e9 aux normes d\u2019homologation europ\u00e9ennes en int\u00e9grant trois fonctions\u00a0: clignotant, feu de position arri\u00e8re et feu de stop.<br \/>Propos\u00e9 en noir anodis\u00e9 et chrom\u00e9, il devient une partie int\u00e9grante de votre moto avec style classique incomparable.<\/p>\n","protected":false},"excerpt":{"rendered":"<p>Club S est le clignotant qui r\u00e9unit la substance et l\u2019harmonie. Taill\u00e9s dans la masse d\u2019aluminium, dot\u00e9 de la technologie \u00e0 LED SMD multifonction, il garantit, gr\u00e2ce \u00e0 sa forte intensit\u00e9 lumineuse, la conformit\u00e9 aux normes d\u2019homologation europ\u00e9ennes en int\u00e9grant trois fonctions\u00a0: clignotant, feu de position arri\u00e8re et feu de stop.Propos\u00e9 en noir anodis\u00e9 et [&hellip;]<\/p>\n","protected":false},"featured_media":326710,"template":"","meta":{"_acf_changed":false},"rizoma_assembly_time":[42742],"rizoma_bike":[43787,43808,43800,43798,43811,43795,43781,43820,43812,43785,43777,43817,43794,43803,43805,43802,43822,41820,42094,42199,43690,42399,42479,43821,43779,43819,43782,43813,43790,43780,43791,43786,43793,43783,43789,43824,42351,42474,42377,42240,42352,42469,41751,41938,41845,41760,41787,41750,41759,41817,41439,41763,41796,41772,43818,43797,43807,41922,41688,41893,41445,41908,42289,42301,42290,42305,42575,42296,42551,41839,42006,41979,42248,41981,41953,42297,42298,42299,42372,42003,42178,41761,43816,41937,42047,42554,42599,41773,43804,42262,41948,41964,41869,41531,41803],"rizoma_division":[42651],"rizoma_family":[42852],"rizoma_model_category":[],"rizoma_product_template":[],"product_brand":[],"product_cat":[42714],"product_tag":[],"class_list":{"0":"post-336322","1":"product","2":"type-product","3":"status-publish","4":"has-post-thumbnail","6":"rizoma_bike-107-breakout-2018-19-fxbr","7":"rizoma_bike-107-fat-bob-2017-20-fxfb","8":"rizoma_bike-107-fat-boy-2017-20-flfb","9":"rizoma_bike-107-slim-2018-20-flsl","10":"rizoma_bike-107-street-bob-2018-20-fxbb","11":"rizoma_bike-114-breakout-2018-20-fxbrs","12":"rizoma_bike-114-fat-bob-2018-20-fxfbs","13":"rizoma_bike-114-fat-boy-2018-20-flfbs","14":"rizoma_bike-114-fxdr-2019-20","15":"rizoma_bike-1200-forty-eight-2016-20","16":"rizoma_bike-1200-xl-sportster-low-2007","17":"rizoma_bike-1200c-sportster-custom-2005-06","18":"rizoma_bike-1200c-sportster-custom-2007","19":"rizoma_bike-1200c-sportster-custom-2008-12","20":"rizoma_bike-1200l-xl-sportster-low-2005-06","21":"rizoma_bike-1200l-xl-sportster-low-2008-09","22":"rizoma_bike-1200n-sportster-nightster-xl-2008-12","23":"rizoma_bike-125-duke-abs-2013-16","24":"rizoma_bike-790-duke-2018-20","25":"rizoma_bike-790-duke-2019","26":"rizoma_bike-790-duke-2025-26","27":"rizoma_bike-790-duke-l-2019-20","28":"rizoma_bike-790-duke-l-2023-24","29":"rizoma_bike-883-sportester-r-2007","30":"rizoma_bike-883-sportster-custom-2006","31":"rizoma_bike-883-sportster-r-2006","32":"rizoma_bike-883-sportster-xl-2006","33":"rizoma_bike-883-sportster-xl-2007","34":"rizoma_bike-883-sportster-xl-2008-09","35":"rizoma_bike-883c-sportster-custom-xl-2007","36":"rizoma_bike-883c-sportster-custom-xl-2008-12","37":"rizoma_bike-883l-sportster-low-xl-2005","38":"rizoma_bike-883l-sportster-low-xl-2006","39":"rizoma_bike-883l-sportster-low-xl-2007","40":"rizoma_bike-883l-sportster-low-xl-2008-12","41":"rizoma_bike-883r-sportster-xl-2008-16","42":"rizoma_bike-890-duke-2021-23","43":"rizoma_bike-890-duke-gp-2022-23","44":"rizoma_bike-890-duke-l-2021","45":"rizoma_bike-890-duke-r-2020","46":"rizoma_bike-890-duke-r-2021","47":"rizoma_bike-890-duke-r-2022-23","48":"rizoma_bike-brutale-920-2011-12","49":"rizoma_bike-cb-500-f-abs-2016","50":"rizoma_bike-cb-650-f-abs-2014-17","51":"rizoma_bike-er-6f-2012-13","52":"rizoma_bike-er-6f-abs-2012-16","53":"rizoma_bike-er-6n-2009-11","54":"rizoma_bike-er-6n-abs-2012-16","55":"rizoma_bike-f-800-gs-adventure-2013-17","56":"rizoma_bike-f-800-r-2009-11","57":"rizoma_bike-integra-700-2011-13","58":"rizoma_bike-multistrada-1200-s-granturismo-2013-14","59":"rizoma_bike-nc700x-abs-2012-13","60":"rizoma_bike-night-rod-special-2006-vrscdx","61":"rizoma_bike-night-rod-special-2007-vrscdx","62":"rizoma_bike-night-rod-special-2008-16-vrscdx","63":"rizoma_bike-ninja-300-abs-2012-16","64":"rizoma_bike-ninja-600-zx-6r-2009-16","65":"rizoma_bike-r-1200-r-2015-16","66":"rizoma_bike-r-1200-r-classic-2011-12","67":"rizoma_bike-r-1200-rs-2015-16","68":"rizoma_bike-r-1250-gs-edition-40-years-gs-2021","69":"rizoma_bike-r-1250-gs-2021-24","70":"rizoma_bike-r-1250-gs-adventure-edition-40-years-gs-2020-21","71":"rizoma_bike-r-1250-gs-adventure-2021-24","72":"rizoma_bike-r-1250-gs-ultimate-edition-2023","73":"rizoma_bike-r-ninet-2021-24","74":"rizoma_bike-r-ninet-100-years-2023","75":"rizoma_bike-r-ninet-1200-2014-16","76":"rizoma_bike-r-ninet-1200-2017-20","77":"rizoma_bike-r-ninet-1200-pure-2017-20","78":"rizoma_bike-r-ninet-1200-pure-2020","79":"rizoma_bike-r-ninet-1200-racer-2017-20","80":"rizoma_bike-r-ninet-1200-scrambler-2016-20","81":"rizoma_bike-r-ninet-pure-2021-24","82":"rizoma_bike-r-ninet-scrambler-2021-24","83":"rizoma_bike-r-ninet-urban-gs-2021-24","84":"rizoma_bike-r-ninet-urban-gs-1200-edition-40-years-gs-2021","85":"rizoma_bike-r-ninet-urban-gs-1200-2017-20","86":"rizoma_bike-r-ninet-5-1200-2019-20","87":"rizoma_bike-s-1000-rr-2012-14","88":"rizoma_bike-softail-slim-2011-17-fls","89":"rizoma_bike-thruxton-1200-r-2016","90":"rizoma_bike-thruxton-1200-r-2017-18","91":"rizoma_bike-thruxton-rs-chrome-edition-2023","92":"rizoma_bike-thruxton-rs-final-edition-2024-25","93":"rizoma_bike-versys-1000-abs-2011-14","94":"rizoma_bike-vrscx-2007","95":"rizoma_bike-xsr-900-80-black-2020","96":"rizoma_bike-xsr-900-abs-2016-20","97":"rizoma_bike-xsr-900-abs-60th-anniversary-2016-18","98":"rizoma_bike-z-1000-sx-abs-2014-16","99":"rizoma_bike-z-750-r-abs-2011-12","100":"rizoma_bike-z-800-abs-2012-16","101":"product_cat-clignotants","103":"first","104":"instock","105":"taxable","106":"shipping-taxable","107":"purchasable","108":"product-type-variable"},"acf":[],"_links":{"self":[{"href":"https:\/\/cycle.rizoma.com\/fr\/wp-json\/wp\/v2\/product\/336322","targetHints":{"allow":["GET"]}}],"collection":[{"href":"https:\/\/cycle.rizoma.com\/fr\/wp-json\/wp\/v2\/product"}],"about":[{"href":"https:\/\/cycle.rizoma.com\/fr\/wp-json\/wp\/v2\/types\/product"}],"wp:featuredmedia":[{"embeddable":true,"href":"https:\/\/cycle.rizoma.com\/fr\/wp-json\/wp\/v2\/media\/326710"}],"wp:attachment":[{"href":"https:\/\/cycle.rizoma.com\/fr\/wp-json\/wp\/v2\/media?parent=336322"}],"wp:term":[{"taxonomy":"rizoma_assembly_time","embeddable":true,"href":"https:\/\/cycle.rizoma.com\/fr\/wp-json\/wp\/v2\/rizoma_assembly_time?post=336322"},{"taxonomy":"rizoma_bike","embeddable":true,"href":"https:\/\/cycle.rizoma.com\/fr\/wp-json\/wp\/v2\/rizoma_bike?post=336322"},{"taxonomy":"rizoma_division","embeddable":true,"href":"https:\/\/cycle.rizoma.com\/fr\/wp-json\/wp\/v2\/rizoma_division?post=336322"},{"taxonomy":"rizoma_family","embeddable":true,"href":"https:\/\/cycle.rizoma.com\/fr\/wp-json\/wp\/v2\/rizoma_family?post=336322"},{"taxonomy":"rizoma_model_category","embeddable":true,"href":"https:\/\/cycle.rizoma.com\/fr\/wp-json\/wp\/v2\/rizoma_model_category?post=336322"},{"taxonomy":"rizoma_product_template","embeddable":true,"href":"https:\/\/cycle.rizoma.com\/fr\/wp-json\/wp\/v2\/rizoma_product_template?post=336322"},{"taxonomy":"product_brand","embeddable":true,"href":"https:\/\/cycle.rizoma.com\/fr\/wp-json\/wp\/v2\/product_brand?post=336322"},{"taxonomy":"product_cat","embeddable":true,"href":"https:\/\/cycle.rizoma.com\/fr\/wp-json\/wp\/v2\/product_cat?post=336322"},{"taxonomy":"product_tag","embeddable":true,"href":"https:\/\/cycle.rizoma.com\/fr\/wp-json\/wp\/v2\/product_tag?post=336322"}],"curies":[{"name":"wp","href":"https:\/\/api.w.org\/{rel}","templated":true}]}}