{"id":338570,"date":"2025-09-22T11:00:56","date_gmt":"2025-09-22T09:00:56","guid":{"rendered":"https:\/\/www.rizoma.com\/negozio\/caches-vis-oem-protection-main-zbw121\/"},"modified":"2025-11-17T09:11:07","modified_gmt":"2025-11-17T08:11:07","slug":"caches-vis-oem-protection-main-zbw121","status":"publish","type":"product","link":"https:\/\/cycle.rizoma.com\/fr\/negozio\/plus-pour-votre-bmw\/ZBW121\/caches-vis-oem-protection-main-zbw121\/","title":{"rendered":"Caches vis OEM protection main"},"content":{"rendered":"<p>Ces composants simples mais \u00e0 l\u2019impact esth\u00e9tique essentiel, les caches vis de prot\u00e8ge-mains r\u00e9alis\u00e9s en aluminium anodis\u00e9 se distinguent par leur design et leurs couleurs. Rizoma assure un style unique et fait de chaque d\u00e9tail un atout.<\/p>\n","protected":false},"excerpt":{"rendered":"<p>Ces composants simples mais \u00e0 l\u2019impact esth\u00e9tique essentiel, les caches vis de prot\u00e8ge-mains r\u00e9alis\u00e9s en aluminium anodis\u00e9 se distinguent par leur design et leurs couleurs. Rizoma assure un style unique et fait de chaque d\u00e9tail un atout.<\/p>\n","protected":false},"featured_media":338497,"template":"","meta":{"_acf_changed":false},"rizoma_assembly_time":[42664],"rizoma_bike":[43987,43988,43989,43990,43991],"rizoma_division":[42651],"rizoma_family":[],"rizoma_model_category":[],"rizoma_product_template":[],"product_brand":[],"product_cat":[42781],"product_tag":[],"class_list":{"0":"post-338570","1":"product","2":"type-product","3":"status-publish","4":"has-post-thumbnail","6":"rizoma_bike-r-1300-gs-adventure-2025-26","7":"rizoma_bike-r-1300-gs-adventure-asa-2025-26","8":"rizoma_bike-r-1300-gs-adventure-option-719-karakorum-2025-26","9":"rizoma_bike-r-1300-gs-adventure-triple-black-2025-26","10":"rizoma_bike-r-1300-gs-adventure-trophy-2025-26","11":"product_cat-plus-pour-votre-bmw","13":"first","14":"outofstock","15":"taxable","16":"shipping-taxable","17":"purchasable","18":"product-type-variable"},"acf":[],"_links":{"self":[{"href":"https:\/\/cycle.rizoma.com\/fr\/wp-json\/wp\/v2\/product\/338570","targetHints":{"allow":["GET"]}}],"collection":[{"href":"https:\/\/cycle.rizoma.com\/fr\/wp-json\/wp\/v2\/product"}],"about":[{"href":"https:\/\/cycle.rizoma.com\/fr\/wp-json\/wp\/v2\/types\/product"}],"wp:featuredmedia":[{"embeddable":true,"href":"https:\/\/cycle.rizoma.com\/fr\/wp-json\/wp\/v2\/media\/338497"}],"wp:attachment":[{"href":"https:\/\/cycle.rizoma.com\/fr\/wp-json\/wp\/v2\/media?parent=338570"}],"wp:term":[{"taxonomy":"rizoma_assembly_time","embeddable":true,"href":"https:\/\/cycle.rizoma.com\/fr\/wp-json\/wp\/v2\/rizoma_assembly_time?post=338570"},{"taxonomy":"rizoma_bike","embeddable":true,"href":"https:\/\/cycle.rizoma.com\/fr\/wp-json\/wp\/v2\/rizoma_bike?post=338570"},{"taxonomy":"rizoma_division","embeddable":true,"href":"https:\/\/cycle.rizoma.com\/fr\/wp-json\/wp\/v2\/rizoma_division?post=338570"},{"taxonomy":"rizoma_family","embeddable":true,"href":"https:\/\/cycle.rizoma.com\/fr\/wp-json\/wp\/v2\/rizoma_family?post=338570"},{"taxonomy":"rizoma_model_category","embeddable":true,"href":"https:\/\/cycle.rizoma.com\/fr\/wp-json\/wp\/v2\/rizoma_model_category?post=338570"},{"taxonomy":"rizoma_product_template","embeddable":true,"href":"https:\/\/cycle.rizoma.com\/fr\/wp-json\/wp\/v2\/rizoma_product_template?post=338570"},{"taxonomy":"product_brand","embeddable":true,"href":"https:\/\/cycle.rizoma.com\/fr\/wp-json\/wp\/v2\/product_brand?post=338570"},{"taxonomy":"product_cat","embeddable":true,"href":"https:\/\/cycle.rizoma.com\/fr\/wp-json\/wp\/v2\/product_cat?post=338570"},{"taxonomy":"product_tag","embeddable":true,"href":"https:\/\/cycle.rizoma.com\/fr\/wp-json\/wp\/v2\/product_tag?post=338570"}],"curies":[{"name":"wp","href":"https:\/\/api.w.org\/{rel}","templated":true}]}}