{"id":338598,"date":"2025-09-22T14:05:31","date_gmt":"2025-09-22T12:05:31","guid":{"rendered":"https:\/\/www.rizoma.com\/negozio\/kit-cablage-avec-resistances-pour-clignotants-rizoma-ee229\/"},"modified":"2026-03-09T11:05:00","modified_gmt":"2026-03-09T10:05:00","slug":"kit-cablage-avec-resistances-pour-clignotants-rizoma-ee229","status":"publish","type":"product","link":"https:\/\/cycle.rizoma.com\/fr\/negozio\/clignotants\/EE229\/kit-cablage-avec-resistances-pour-clignotants-rizoma-ee229\/","title":{"rendered":"Kit c\u00e2blage avec r\u00e9sistances pour clignotants Rizoma"},"content":{"rendered":"<p>Le kit de c\u00e2blage \u00e9lectrique Rizoma est n\u00e9cessaire pour le montage des clignotants Rizoma.<br \/>Il est conseill\u00e9 de v\u00e9rifier les dessins techniques avant l\u2019achat. Chaque kit comprend 2 c\u00e2blages. Pour monter 4 clignotants, il est n\u00e9cessaire d\u2019acheter 2 kits.<\/p>\n","protected":false},"excerpt":{"rendered":"<p>Le kit de c\u00e2blage \u00e9lectrique Rizoma est n\u00e9cessaire pour le montage des clignotants Rizoma.Il est conseill\u00e9 de v\u00e9rifier les dessins techniques avant l\u2019achat. Chaque kit comprend 2 c\u00e2blages. Pour monter 4 clignotants, il est n\u00e9cessaire d\u2019acheter 2 kits.<\/p>\n","protected":false},"featured_media":337120,"template":"","meta":{"_acf_changed":false},"rizoma_assembly_time":[42753],"rizoma_bike":[44399,44400,43745,43746,43747],"rizoma_division":[42651],"rizoma_family":[42858],"rizoma_model_category":[],"rizoma_product_template":[],"product_brand":[],"product_cat":[42714],"product_tag":[],"class_list":{"0":"post-338598","1":"product","2":"type-product","3":"status-publish","4":"has-post-thumbnail","6":"rizoma_bike-z-1100-2026","7":"rizoma_bike-z-1100-se-2026","8":"rizoma_bike-z-900-2025-26","9":"rizoma_bike-z-900-a2-2025-26","10":"rizoma_bike-z-900-se-2025-26","11":"product_cat-clignotants","13":"first","14":"outofstock","15":"taxable","16":"shipping-taxable","17":"purchasable","18":"product-type-variable"},"acf":[],"_links":{"self":[{"href":"https:\/\/cycle.rizoma.com\/fr\/wp-json\/wp\/v2\/product\/338598","targetHints":{"allow":["GET"]}}],"collection":[{"href":"https:\/\/cycle.rizoma.com\/fr\/wp-json\/wp\/v2\/product"}],"about":[{"href":"https:\/\/cycle.rizoma.com\/fr\/wp-json\/wp\/v2\/types\/product"}],"wp:featuredmedia":[{"embeddable":true,"href":"https:\/\/cycle.rizoma.com\/fr\/wp-json\/wp\/v2\/media\/337120"}],"wp:attachment":[{"href":"https:\/\/cycle.rizoma.com\/fr\/wp-json\/wp\/v2\/media?parent=338598"}],"wp:term":[{"taxonomy":"rizoma_assembly_time","embeddable":true,"href":"https:\/\/cycle.rizoma.com\/fr\/wp-json\/wp\/v2\/rizoma_assembly_time?post=338598"},{"taxonomy":"rizoma_bike","embeddable":true,"href":"https:\/\/cycle.rizoma.com\/fr\/wp-json\/wp\/v2\/rizoma_bike?post=338598"},{"taxonomy":"rizoma_division","embeddable":true,"href":"https:\/\/cycle.rizoma.com\/fr\/wp-json\/wp\/v2\/rizoma_division?post=338598"},{"taxonomy":"rizoma_family","embeddable":true,"href":"https:\/\/cycle.rizoma.com\/fr\/wp-json\/wp\/v2\/rizoma_family?post=338598"},{"taxonomy":"rizoma_model_category","embeddable":true,"href":"https:\/\/cycle.rizoma.com\/fr\/wp-json\/wp\/v2\/rizoma_model_category?post=338598"},{"taxonomy":"rizoma_product_template","embeddable":true,"href":"https:\/\/cycle.rizoma.com\/fr\/wp-json\/wp\/v2\/rizoma_product_template?post=338598"},{"taxonomy":"product_brand","embeddable":true,"href":"https:\/\/cycle.rizoma.com\/fr\/wp-json\/wp\/v2\/product_brand?post=338598"},{"taxonomy":"product_cat","embeddable":true,"href":"https:\/\/cycle.rizoma.com\/fr\/wp-json\/wp\/v2\/product_cat?post=338598"},{"taxonomy":"product_tag","embeddable":true,"href":"https:\/\/cycle.rizoma.com\/fr\/wp-json\/wp\/v2\/product_tag?post=338598"}],"curies":[{"name":"wp","href":"https:\/\/api.w.org\/{rel}","templated":true}]}}