{"id":339067,"date":"2025-10-15T04:06:49","date_gmt":"2025-10-15T02:06:49","guid":{"rendered":"https:\/\/www.rizoma.com\/negozio\/kit-de-leviers-de-frein-et-embrayage-americana-lbh101\/"},"modified":"2026-02-18T11:12:10","modified_gmt":"2026-02-18T10:12:10","slug":"kit-de-leviers-de-frein-et-embrayage-americana-lbh101","status":"publish","type":"product","link":"https:\/\/cycle.rizoma.com\/fr\/negozio\/leviers-de-frein-embrayage\/LBH101\/kit-de-leviers-de-frein-et-embrayage-americana-lbh101\/","title":{"rendered":"Kit de leviers de frein et embrayage AMERICANA"},"content":{"rendered":"<p>Usin\u00e9s avec pr\u00e9cision par CNC \u00e0 partir d&#8217;aluminium massif, les leviers AMERICANA incarnent l&#8217;esprit des V-Twins am\u00e9ricains avec une ergonomie, une durabilit\u00e9 et une puret\u00e9 de conception in\u00e9gal\u00e9es.<\/p>\n<p>Un r\u00e9glage millim\u00e9trique de la distance de la poign\u00e9e permet aux pilotes d&#8217;affiner la sensation du levier avec des incr\u00e9ments de haute pr\u00e9cision, offrant un contr\u00f4le et un confort optimaux. Les bords arrondis et l&#8217;\u00e9paisseur accrue am\u00e9liorent l&#8217;ergonomie de la poign\u00e9e, minimisant les points de pression et r\u00e9partissant uniform\u00e9ment la charge pour r\u00e9duire la fatigue, que ce soit sur de longues distances ou dans les embouteillages.<\/p>\n<p>Con\u00e7us pour la solidit\u00e9 et la long\u00e9vit\u00e9, les leviers AMERICANA r\u00e9sistent \u00e0 l&#8217;usure, aux vibrations et aux \u00e9l\u00e9ments, en garantissant une performance sans faille et un aspect impeccable kilom\u00e8tre apr\u00e8s kilom\u00e8tre.<\/p>\n","protected":false},"excerpt":{"rendered":"<p>Usin\u00e9s avec pr\u00e9cision par CNC \u00e0 partir d&#8217;aluminium massif, les leviers AMERICANA incarnent l&#8217;esprit des V-Twins am\u00e9ricains avec une ergonomie, une durabilit\u00e9 et une puret\u00e9 de conception in\u00e9gal\u00e9es. Un r\u00e9glage millim\u00e9trique de la distance de la poign\u00e9e permet aux pilotes d&#8217;affiner la sensation du levier avec des incr\u00e9ments de haute pr\u00e9cision, offrant un contr\u00f4le et [&hellip;]<\/p>\n","protected":false},"featured_media":338930,"template":"","meta":{"_acf_changed":false},"rizoma_assembly_time":[42691],"rizoma_bike":[44037,44100,44097,44099,44098,44042,44041,44040,44272,44275,44274],"rizoma_division":[42651],"rizoma_family":[],"rizoma_model_category":[],"rizoma_product_template":[],"product_brand":[],"product_cat":[42807],"product_tag":[],"class_list":{"0":"post-339067","1":"product","2":"type-product","3":"status-publish","4":"has-post-thumbnail","6":"rizoma_bike-cvo-road-glide-2023","7":"rizoma_bike-cvo-road-glide-2024","8":"rizoma_bike-cvo-road-glide-2025-26","9":"rizoma_bike-cvo-road-glide-st-2024","10":"rizoma_bike-cvo-road-glide-st-2025-26","11":"rizoma_bike-cvo-street-glide-2023","12":"rizoma_bike-cvo-street-glide-2024","13":"rizoma_bike-cvo-street-glide-2025-26","14":"rizoma_bike-road-glide-2024-25","15":"rizoma_bike-street-glide-2024-26","16":"rizoma_bike-street-glide-ultra-2025-26","17":"product_cat-leviers-de-frein-embrayage","19":"first","20":"instock","21":"taxable","22":"shipping-taxable","23":"purchasable","24":"product-type-variable"},"acf":[],"_links":{"self":[{"href":"https:\/\/cycle.rizoma.com\/fr\/wp-json\/wp\/v2\/product\/339067","targetHints":{"allow":["GET"]}}],"collection":[{"href":"https:\/\/cycle.rizoma.com\/fr\/wp-json\/wp\/v2\/product"}],"about":[{"href":"https:\/\/cycle.rizoma.com\/fr\/wp-json\/wp\/v2\/types\/product"}],"wp:featuredmedia":[{"embeddable":true,"href":"https:\/\/cycle.rizoma.com\/fr\/wp-json\/wp\/v2\/media\/338930"}],"wp:attachment":[{"href":"https:\/\/cycle.rizoma.com\/fr\/wp-json\/wp\/v2\/media?parent=339067"}],"wp:term":[{"taxonomy":"rizoma_assembly_time","embeddable":true,"href":"https:\/\/cycle.rizoma.com\/fr\/wp-json\/wp\/v2\/rizoma_assembly_time?post=339067"},{"taxonomy":"rizoma_bike","embeddable":true,"href":"https:\/\/cycle.rizoma.com\/fr\/wp-json\/wp\/v2\/rizoma_bike?post=339067"},{"taxonomy":"rizoma_division","embeddable":true,"href":"https:\/\/cycle.rizoma.com\/fr\/wp-json\/wp\/v2\/rizoma_division?post=339067"},{"taxonomy":"rizoma_family","embeddable":true,"href":"https:\/\/cycle.rizoma.com\/fr\/wp-json\/wp\/v2\/rizoma_family?post=339067"},{"taxonomy":"rizoma_model_category","embeddable":true,"href":"https:\/\/cycle.rizoma.com\/fr\/wp-json\/wp\/v2\/rizoma_model_category?post=339067"},{"taxonomy":"rizoma_product_template","embeddable":true,"href":"https:\/\/cycle.rizoma.com\/fr\/wp-json\/wp\/v2\/rizoma_product_template?post=339067"},{"taxonomy":"product_brand","embeddable":true,"href":"https:\/\/cycle.rizoma.com\/fr\/wp-json\/wp\/v2\/product_brand?post=339067"},{"taxonomy":"product_cat","embeddable":true,"href":"https:\/\/cycle.rizoma.com\/fr\/wp-json\/wp\/v2\/product_cat?post=339067"},{"taxonomy":"product_tag","embeddable":true,"href":"https:\/\/cycle.rizoma.com\/fr\/wp-json\/wp\/v2\/product_tag?post=339067"}],"curies":[{"name":"wp","href":"https:\/\/api.w.org\/{rel}","templated":true}]}}