{"id":339072,"date":"2025-10-15T04:07:03","date_gmt":"2025-10-15T02:07:03","guid":{"rendered":"https:\/\/www.rizoma.com\/negozio\/kit-support-dimmatriculation-usa-americana-pt570\/"},"modified":"2026-03-02T18:18:33","modified_gmt":"2026-03-02T17:18:33","slug":"kit-support-dimmatriculation-usa-americana-pt570","status":"publish","type":"product","link":"https:\/\/cycle.rizoma.com\/fr\/negozio\/support-dimmatriculation\/PT570\/kit-support-dimmatriculation-usa-americana-pt570\/","title":{"rendered":"Kit Support d\u2019immatriculation USA AMERICANA"},"content":{"rendered":"<p>Un \u00e9l\u00e9gant kit d&#8217;\u00e9limination d&#8217;aile en aluminium usin\u00e9 CNC avec un design minimaliste et un \u00e9clairage de plaque d&#8217;immatriculation int\u00e9gr\u00e9. Fabriqu\u00e9 avec pr\u00e9cision et style, l&#8217;\u00e9liminateur d&#8217;aile AMERICANA offre une solution propre et rationalis\u00e9e qui rehausse \u00e0 la fois la forme et la fonction.<\/p>\n","protected":false},"excerpt":{"rendered":"<p>Un \u00e9l\u00e9gant kit d&#8217;\u00e9limination d&#8217;aile en aluminium usin\u00e9 CNC avec un design minimaliste et un \u00e9clairage de plaque d&#8217;immatriculation int\u00e9gr\u00e9. Fabriqu\u00e9 avec pr\u00e9cision et style, l&#8217;\u00e9liminateur d&#8217;aile AMERICANA offre une solution propre et rationalis\u00e9e qui rehausse \u00e0 la fois la forme et la fonction.<\/p>\n","protected":false},"featured_media":338949,"template":"","meta":{"_acf_changed":false},"rizoma_assembly_time":[42742],"rizoma_bike":[44037,44100,44097,44099,44098,44042,44041,44040,44272,44275,44274],"rizoma_division":[42651],"rizoma_family":[],"rizoma_model_category":[],"rizoma_product_template":[],"product_brand":[],"product_cat":[42766],"product_tag":[],"class_list":{"0":"post-339072","1":"product","2":"type-product","3":"status-publish","4":"has-post-thumbnail","6":"rizoma_bike-cvo-road-glide-2023","7":"rizoma_bike-cvo-road-glide-2024","8":"rizoma_bike-cvo-road-glide-2025-26","9":"rizoma_bike-cvo-road-glide-st-2024","10":"rizoma_bike-cvo-road-glide-st-2025-26","11":"rizoma_bike-cvo-street-glide-2023","12":"rizoma_bike-cvo-street-glide-2024","13":"rizoma_bike-cvo-street-glide-2025-26","14":"rizoma_bike-road-glide-2024-25","15":"rizoma_bike-street-glide-2024-26","16":"rizoma_bike-street-glide-ultra-2025-26","17":"product_cat-support-dimmatriculation","19":"first","20":"outofstock","21":"taxable","22":"shipping-taxable","23":"purchasable","24":"product-type-variable"},"acf":[],"_links":{"self":[{"href":"https:\/\/cycle.rizoma.com\/fr\/wp-json\/wp\/v2\/product\/339072","targetHints":{"allow":["GET"]}}],"collection":[{"href":"https:\/\/cycle.rizoma.com\/fr\/wp-json\/wp\/v2\/product"}],"about":[{"href":"https:\/\/cycle.rizoma.com\/fr\/wp-json\/wp\/v2\/types\/product"}],"wp:featuredmedia":[{"embeddable":true,"href":"https:\/\/cycle.rizoma.com\/fr\/wp-json\/wp\/v2\/media\/338949"}],"wp:attachment":[{"href":"https:\/\/cycle.rizoma.com\/fr\/wp-json\/wp\/v2\/media?parent=339072"}],"wp:term":[{"taxonomy":"rizoma_assembly_time","embeddable":true,"href":"https:\/\/cycle.rizoma.com\/fr\/wp-json\/wp\/v2\/rizoma_assembly_time?post=339072"},{"taxonomy":"rizoma_bike","embeddable":true,"href":"https:\/\/cycle.rizoma.com\/fr\/wp-json\/wp\/v2\/rizoma_bike?post=339072"},{"taxonomy":"rizoma_division","embeddable":true,"href":"https:\/\/cycle.rizoma.com\/fr\/wp-json\/wp\/v2\/rizoma_division?post=339072"},{"taxonomy":"rizoma_family","embeddable":true,"href":"https:\/\/cycle.rizoma.com\/fr\/wp-json\/wp\/v2\/rizoma_family?post=339072"},{"taxonomy":"rizoma_model_category","embeddable":true,"href":"https:\/\/cycle.rizoma.com\/fr\/wp-json\/wp\/v2\/rizoma_model_category?post=339072"},{"taxonomy":"rizoma_product_template","embeddable":true,"href":"https:\/\/cycle.rizoma.com\/fr\/wp-json\/wp\/v2\/rizoma_product_template?post=339072"},{"taxonomy":"product_brand","embeddable":true,"href":"https:\/\/cycle.rizoma.com\/fr\/wp-json\/wp\/v2\/product_brand?post=339072"},{"taxonomy":"product_cat","embeddable":true,"href":"https:\/\/cycle.rizoma.com\/fr\/wp-json\/wp\/v2\/product_cat?post=339072"},{"taxonomy":"product_tag","embeddable":true,"href":"https:\/\/cycle.rizoma.com\/fr\/wp-json\/wp\/v2\/product_tag?post=339072"}],"curies":[{"name":"wp","href":"https:\/\/api.w.org\/{rel}","templated":true}]}}