{"id":339102,"date":"2025-10-15T04:08:19","date_gmt":"2025-10-15T02:08:19","guid":{"rendered":"https:\/\/www.rizoma.com\/negozio\/kit-retroviseur-samericana-bs380\/"},"modified":"2026-02-26T11:46:30","modified_gmt":"2026-02-26T10:46:30","slug":"kit-retroviseur-samericana-bs380","status":"publish","type":"product","link":"https:\/\/cycle.rizoma.com\/fr\/negozio\/retroviseurs\/BS380\/kit-retroviseur-samericana-bs380\/","title":{"rendered":"kit r\u00e9troviseur sAMERICANA"},"content":{"rendered":"<p>Nos premiers r\u00e9troviseurs r\u00e9glables con\u00e7us exclusivement pour les motos V-Twin &#8211; une fusion audacieuse de l&#8217;innovation et d&#8217;un design embl\u00e9matique inspir\u00e9 des baggers, con\u00e7u pour appartenir. M\u00e9ticuleusement con\u00e7us pour s&#8217;int\u00e9grer parfaitement aux lignes de la moto, ils deviennent une extension de son \u00e2me et de sa structure.<\/p>\n<p>Le m\u00e9canisme innovant de coulissement lat\u00e9ral en cinq \u00e9tapes permet une extension vers l&#8217;ext\u00e9rieur de +25 mm, tandis que la rotation int\u00e9gr\u00e9e de +\/- 5\u00b0 du verre permet aux pilotes d&#8217;am\u00e9liorer leur vue arri\u00e8re avec pr\u00e9cision. Le verre convexe 4K haute d\u00e9finition assure une visibilit\u00e9 cristalline et r\u00e9duit la distorsion et la vibration au minimum.<\/p>\n","protected":false},"excerpt":{"rendered":"<p>Nos premiers r\u00e9troviseurs r\u00e9glables con\u00e7us exclusivement pour les motos V-Twin &#8211; une fusion audacieuse de l&#8217;innovation et d&#8217;un design embl\u00e9matique inspir\u00e9 des baggers, con\u00e7u pour appartenir. M\u00e9ticuleusement con\u00e7us pour s&#8217;int\u00e9grer parfaitement aux lignes de la moto, ils deviennent une extension de son \u00e2me et de sa structure. Le m\u00e9canisme innovant de coulissement lat\u00e9ral en cinq [&hellip;]<\/p>\n","protected":false},"featured_media":338927,"template":"","meta":{"_acf_changed":false},"rizoma_assembly_time":[42675],"rizoma_bike":[44136,44233,43787,44181,44078,44057,44056,43808,43800,44293,44234,44228,43796,44265,44116,44264,44262,44117,44118,44139,44141,43798,44177,44183,43811,44247,44289,44295,44294,44297,44055,44287,44292,44291,43823,43788,43795,44075,44079,44077,44076,44080,43781,44085,43820,44208,44206,44296,44301,43812,44179,44231,44249,43799,44254,44110,44101,44111,44113,44140,44243,44286,44302,44174,44172,44044,44043,44045,44203,44288,44285,44281,44115,44109,44106,44241,44245,44284,44282,44279,44185,44222,44197,44192,44191,44199,43785,44216,44217,44207,44190,44184,44196,44210,44205,44204,44193,43777,44202,44200,43817,43794,43803,43805,43802,43822,44186,44290,44308,43792,44307,44169,44170,44071,44073,44072,44095,44051,44219,44218,44229,44250,44168,44130,44132,44131,44166,44171,44239,44273,44052,44054,44053,44096,44246,44150,44158,44164,44160,44163,44069,44067,44068,44066,44086,44084,44093,44092,44215,44214,44248,44165,44129,44135,44137,44157,44156,44162,44237,44235,43815,44263,44261,44050,44048,44049,44175,44145,44152,44062,44061,44064,44060,44058,44059,44082,44081,44094,44091,44211,44244,44242,44114,44267,44266,44126,44119,44128,44143,44232,43784,44255,44253,44046,44047,43814,44149,44146,44154,44151,44148,44070,44065,44063,44083,44090,43801,44271,44269,44270,44268,44120,44123,44121,44147,44155,44259,44257,44251,44278,44303,44227,44226,44230,44201,44195,44194,44188,44224,44212,43821,43779,43819,43782,43813,43790,44198,44187,43780,43791,43786,43793,43783,43789,43824,43778,44173,44142,44360,44037,44100,44097,44039,44038,44099,44098,44042,44041,44040,44074,44089,44087,44088,44127,44125,44124,44189,44300,44225,44221,44223,44209,44238,44236,44240,43810,44252,43806,44256,44258,43809,43818,43797,43807,44260,44161,44104,44272,44112,44107,44108,44103,44105,44102,44138,44122,44134,44133,44220,44176,44159,44167,44153,43816,44144,44180,44178,44182,44275,44283,44277,44280,44276,44274,44299,44298,44305,44304,44306,43804,44213],"rizoma_division":[42651],"rizoma_family":[42975],"rizoma_model_category":[],"rizoma_product_template":[],"product_brand":[],"product_cat":[43939],"product_tag":[],"class_list":{"0":"post-339102","1":"product","2":"type-product","3":"status-publish","4":"has-post-thumbnail","6":"rizoma_bike-103-road-king-classic-2014-16-flhrc","7":"rizoma_bike-103-street-bob-abs-2012-15-fxdb","8":"rizoma_bike-107-breakout-2018-19-fxbr","9":"rizoma_bike-107-deluxe-2018-20-flde","10":"rizoma_bike-107-electra-glide-2019-20-flht","11":"rizoma_bike-107-electra-glide-ultra-limited-2017-18-flhtk","12":"rizoma_bike-107-electra-glide-ultra-limited-low-2017-18-flhtkl","13":"rizoma_bike-107-fat-bob-2017-20-fxfb","14":"rizoma_bike-107-fat-boy-2017-20-flfb","15":"rizoma_bike-107-freewheeler-2017-18-flrt","16":"rizoma_bike-107-heritage-classic-2018-19-flhc","17":"rizoma_bike-107-heritage-classic-2021","18":"rizoma_bike-107-low-rider-2018-20-fxlr","19":"rizoma_bike-107-road-glide-2017-fltrx","20":"rizoma_bike-107-road-glide-special-2017-18-fltrxs","21":"rizoma_bike-107-road-glide-ultra-2016-flrtu","22":"rizoma_bike-107-road-glide-ultra-2017-18-fltru","23":"rizoma_bike-107-road-king-2017-flhr","24":"rizoma_bike-107-road-king-classic-2017-18-flhrc","25":"rizoma_bike-107-road-king-classic-2019-20-flhrc","26":"rizoma_bike-107-road-king-special-2017-18-flhrxs","27":"rizoma_bike-107-slim-2018-20-flsl","28":"rizoma_bike-107-slim-2021-flsl","29":"rizoma_bike-107-sport-glide-2018-20","30":"rizoma_bike-107-street-bob-2018-20-fxbb","31":"rizoma_bike-107-street-glide-2017-19-flhx","32":"rizoma_bike-107-street-glide-special-2017-19-flhxs","33":"rizoma_bike-107-tri-glide-ultra-2016-flhtcutg","34":"rizoma_bike-107-tri-glide-ultra-2017-18-flhtcutg","35":"rizoma_bike-107-tri-glide-ultra-classic-2014-15-flhtcutg","36":"rizoma_bike-110-dyna-2007-fxdse","37":"rizoma_bike-110-street-glide-2016-flhxse","38":"rizoma_bike-1130-street-rod-2005-vrscr","39":"rizoma_bike-1130-street-rod-2006-07-vrscr","40":"rizoma_bike-1130-v-rod-2006-vrsca","41":"rizoma_bike-1130-v-rod-2007-vrscaw","42":"rizoma_bike-114-breakout-2018-20-fxbrs","43":"rizoma_bike-114-electra-glide-revival-2021-22","44":"rizoma_bike-114-electra-glide-ultra-limited-2019-flhtk","45":"rizoma_bike-114-electra-glide-ultra-limited-2020-flhtk","46":"rizoma_bike-114-electra-glide-ultra-limited-2021-22-flhtk","47":"rizoma_bike-114-electra-glide-ultra-limited-low-2019-flhtkl","48":"rizoma_bike-114-fat-bob-2018-20-fxfbs","49":"rizoma_bike-114-fat-bob-2021-25","50":"rizoma_bike-114-fat-boy-2018-20-flfbs","51":"rizoma_bike-114-fat-boy-2021-24","52":"rizoma_bike-114-fat-boy-anniversary-2023","53":"rizoma_bike-114-freewheeler-2016-flrt","54":"rizoma_bike-114-freewheeler-2019-20-flrt","55":"rizoma_bike-114-fxdr-2019-20","56":"rizoma_bike-114-fxdr-limited-edition-2020","57":"rizoma_bike-114-heritage-classic-2018-20-flhcs","58":"rizoma_bike-114-limited-2017","59":"rizoma_bike-114-low-rider-s-2020-fxlrs","60":"rizoma_bike-114-low-rider-s-2021-fxlrs","61":"rizoma_bike-114-road-glide-limited-2020-flhtkse","62":"rizoma_bike-114-road-glide-limited-2020-fltrk","63":"rizoma_bike-114-road-glide-special-2019-20-fltrxs","64":"rizoma_bike-114-road-glide-ultra-2019-fltrxu","65":"rizoma_bike-114-road-king-special-2019-20-flhr","66":"rizoma_bike-114-street-bob-2021-24","67":"rizoma_bike-114-street-glide-special-2019-20-flhxs","68":"rizoma_bike-114-tri-glide-ultra-2019-20-flhtcutg","69":"rizoma_bike-117-breakout-2023-24","70":"rizoma_bike-117-breakout-2025-26","71":"rizoma_bike-117-cvo-tri-glide-2020-21","72":"rizoma_bike-117-cvo-tri-glide-2022-25","73":"rizoma_bike-117-cvo-tri-glide-ultra-2019-20","74":"rizoma_bike-117-fat-boy-2025-26","75":"rizoma_bike-117-limited-2018-19-flhtkse","76":"rizoma_bike-117-limited-2020-flhtkse","77":"rizoma_bike-117-limited-2021-flhtkse","78":"rizoma_bike-117-road-glide-2018-19-fltrxse","79":"rizoma_bike-117-road-glide-2020","80":"rizoma_bike-117-road-glide-2021","81":"rizoma_bike-117-street-bob-2025-26","82":"rizoma_bike-117-street-glide-2018-19-flhxse","83":"rizoma_bike-117-street-glide-2020-flhxse","84":"rizoma_bike-117-street-glide-2021-flhxse","85":"rizoma_bike-117-street-glide-2022-flhxse","86":"rizoma_bike-1200-custom-2017-xl-1200c","87":"rizoma_bike-1200-custom-2018-20-xl1200c","88":"rizoma_bike-1200-custom-abs-2014-16-xl-1200c","89":"rizoma_bike-1200-custom-ca-2013-17-xl-1200ca","90":"rizoma_bike-1200-custom-cb-2013-17-xl-1200cb","91":"rizoma_bike-1200-forty-eight-2010-15","92":"rizoma_bike-1200-forty-eight-2016-20","93":"rizoma_bike-1200-forty-eight-special-2018-20","94":"rizoma_bike-1200-iron-2018-20-xl1200n","95":"rizoma_bike-1200-roadster-2006-08-xl-1200r","96":"rizoma_bike-1200-roadster-2016-2017-xl-1200r","97":"rizoma_bike-1200-roadster-2017-20-xl-1200r","98":"rizoma_bike-1200-seventy-two-2011-16","99":"rizoma_bike-1200-sportster-custom-2006","100":"rizoma_bike-1200-sportster-roadster-2007","101":"rizoma_bike-1200-sportster-roadster-2008","102":"rizoma_bike-1200-superlow-2014-16-xl-1200t","103":"rizoma_bike-1200-xl-sportster-low-2007","104":"rizoma_bike-1200-xr-2009-12","105":"rizoma_bike-1200-xr-x-2010-12","106":"rizoma_bike-1200c-sportster-custom-2005-06","107":"rizoma_bike-1200c-sportster-custom-2007","108":"rizoma_bike-1200c-sportster-custom-2008-12","109":"rizoma_bike-1200l-xl-sportster-low-2005-06","110":"rizoma_bike-1200l-xl-sportster-low-2008-09","111":"rizoma_bike-1200n-sportster-nightster-xl-2008-12","112":"rizoma_bike-1200t-superlow-2017-20-xl1200t","113":"rizoma_bike-1250-street-rod-2005-06-vrscr","114":"rizoma_bike-1250-v-rod-2005-06-vrscse","115":"rizoma_bike-1250-v-rod-2008-12-vrscaw","116":"rizoma_bike-1250-v-rod-muscle-2009-17-vrscf","117":"rizoma_bike-1340-softail-2006","118":"rizoma_bike-1450-deluxe-2005-06-flstni","119":"rizoma_bike-1450-electra-glide-standard-2002-09-flhtc","120":"rizoma_bike-1450-electra-glide-standard-iniezione-2002-05-flhti","121":"rizoma_bike-1450-electra-glide-ultra-classic-2006-07-flhtcui","122":"rizoma_bike-1450-fat-boy-2006","123":"rizoma_bike-1450-glide-2006","124":"rizoma_bike-1450-heritage-classic-2006-07-flstci","125":"rizoma_bike-1450-heritage-softail-classic-2006","126":"rizoma_bike-1450-heritage-springer-classic-2005-07-flstsc","127":"rizoma_bike-1450-low-rider-2006-07-fxdli","128":"rizoma_bike-1450-night-train-2006-07","129":"rizoma_bike-1450-road-king-2005-06-flhri","130":"rizoma_bike-1450-road-king-classic-2006-07-flhrci","131":"rizoma_bike-1450-road-king-custom-2005-06-flhrs","132":"rizoma_bike-1450-springer-2005-06-fxstsi","133":"rizoma_bike-1450-springer-classic-2005-flstsci","134":"rizoma_bike-1450-street-bob-2006-07-fxdb","135":"rizoma_bike-1450-street-glide-2006-07-flhx","136":"rizoma_bike-1450-super-glide-35th-anniversary-2005-06-fxdi","137":"rizoma_bike-1450-super-glide-custom-2005-06-fxdci","138":"rizoma_bike-1450-super-glide-custom-2006","139":"rizoma_bike-1550-fat-boy-15-anniversary-2005-flstfiae","140":"rizoma_bike-1580-low-rider-2008-fxdl","141":"rizoma_bike-1584-blackline-2011-13-fxs","142":"rizoma_bike-1584-cross-bones-2008-11-flstsb","143":"rizoma_bike-1584-custom-2007-fxstc","144":"rizoma_bike-1584-custom-2008-09-fxstc","145":"rizoma_bike-1584-deluxe-2007-08-flstn","146":"rizoma_bike-1584-electra-glide-standard-2007-flht","147":"rizoma_bike-1584-electra-glide-standard-2008-10-flht","148":"rizoma_bike-1584-electra-glide-ultra-classic-2007-flhtcu","149":"rizoma_bike-1584-electra-glide-ultra-classic-2008-13-flhtcu","150":"rizoma_bike-1584-fat-bob-2007-12-fxdf","151":"rizoma_bike-1584-fat-bob-2007-13-fxdf","152":"rizoma_bike-1584-fat-boy-2006-07-flstf","153":"rizoma_bike-1584-fat-boy-2008-10-flstf","154":"rizoma_bike-1584-heritage-classic-2006-07-flstc","155":"rizoma_bike-1584-heritage-classic-2008-10-flstc","156":"rizoma_bike-1584-low-rider-2007-08-fxdl","157":"rizoma_bike-1584-night-train-2006-07-fxstb","158":"rizoma_bike-1584-road-king-2006-07-flhr","159":"rizoma_bike-1584-road-king-classic-2007-10-flhrc","160":"rizoma_bike-1584-road-king-classic-2007-11-flhrci","161":"rizoma_bike-1584-rocker-2008-09-fxcw","162":"rizoma_bike-1584-rocker-c-2009-11-fxcwc","163":"rizoma_bike-1584-springer-classic-2006-07-flstsc","164":"rizoma_bike-1584-street-bob-2007-fxdb","165":"rizoma_bike-1584-street-bob-2008-13-fxdb","166":"rizoma_bike-1584-street-bob-2008-15-fxdb","167":"rizoma_bike-1584-street-glide-2007-flhx","168":"rizoma_bike-1584-street-glide-2008-10-flhx","169":"rizoma_bike-1584-super-glide-custom-2007-fxdc","170":"rizoma_bike-1584-super-glide-custom-2008-13-fxdc","171":"rizoma_bike-1584-wide-glide-2007-11-fxdwg","172":"rizoma_bike-1585-softail-deluxe-2011-flstn","173":"rizoma_bike-1690-deluxe-2016-17-flstn","174":"rizoma_bike-1690-deluxe-abs-2011-16-flstn","175":"rizoma_bike-1690-electra-glide-classic-2010-12-flhtc","176":"rizoma_bike-1690-electra-glide-ultra-classic-2014-16-flhtcu","177":"rizoma_bike-1690-electra-glide-ultra-limited-2010-13-flhtk","178":"rizoma_bike-1690-electra-glide-ultra-limited-2014-15-flhtk","179":"rizoma_bike-1690-electra-glide-ultra-limited-2016-flhtk","180":"rizoma_bike-1690-electra-glide-ultra-limited-low-2014-16-flhtkl","181":"rizoma_bike-1690-fat-bob-2014-16-fxdf","182":"rizoma_bike-1690-fat-bob-2017-fxdf","183":"rizoma_bike-1690-fat-boy-2005-06-flstfse","184":"rizoma_bike-1690-fat-boy-special-2010-17-flstf","185":"rizoma_bike-1690-heritage-classic-2011-17-flstc","186":"rizoma_bike-1690-low-rider-2014-16-fxdl","187":"rizoma_bike-1690-low-rider-2017-fxdl","188":"rizoma_bike-1690-road-glide-2007-12","189":"rizoma_bike-1690-road-glide-special-2013-16","190":"rizoma_bike-1690-road-glide-ultra-2015-16-flrtu","191":"rizoma_bike-1690-road-king-2008-09-flhr","192":"rizoma_bike-1690-road-king-2013-16-flhr","193":"rizoma_bike-1690-road-king-custom-2007-flhrs","194":"rizoma_bike-1690-slim-2017-fls","195":"rizoma_bike-1690-street-bob-2017-fxdb","196":"rizoma_bike-1690-street-bob-special-2015-16-fxdb","197":"rizoma_bike-1690-street-glide-2011-13-flhx","198":"rizoma_bike-1690-street-glide-special-2014-16-flhx","199":"rizoma_bike-1690-super-glide-custom-2014-fxdc","200":"rizoma_bike-1690-switchback-2011-16","201":"rizoma_bike-1690-wide-glide-2010-17-fxdwg","202":"rizoma_bike-1800-breakout-2012-14-fxsbse","203":"rizoma_bike-1800-breakout-pro-street-2016-17-fxsbse","204":"rizoma_bike-1800-convertible-2010-11-flstse","205":"rizoma_bike-1800-convertible-2012-flstse","206":"rizoma_bike-1800-deluxe-2014-15-flstnse","207":"rizoma_bike-1800-electra-glide-ultra-classic-2005-06-flhtcuse","208":"rizoma_bike-1800-electra-glide-ultra-classic-2009-11-flhtcuse","209":"rizoma_bike-1800-electra-glide-ultra-classic-2012-13-flhtcuse","210":"rizoma_bike-1800-fat-bob-2009-12-fxdfse","211":"rizoma_bike-1800-fat-boy-s-2015-17-flstfs","212":"rizoma_bike-1800-low-rider-s-2016-17-fxdls","213":"rizoma_bike-1800-road-glide-2008-12-fltrse","214":"rizoma_bike-1800-road-glide-custom-2013-fltrxse","215":"rizoma_bike-1800-road-glide-ultra-2011-12-fltruse","216":"rizoma_bike-1800-road-glide-ultra-2014-16-fltruse","217":"rizoma_bike-1800-road-king-2007-flhrse","218":"rizoma_bike-1800-road-king-2012-13-flhrse","219":"rizoma_bike-1800-road-king-2014-flhrse","220":"rizoma_bike-1800-slim-s-2015-17-fls","221":"rizoma_bike-1800-springer-2009-12-fxstsse","222":"rizoma_bike-1800-street-glide-2010-11-flhxse","223":"rizoma_bike-1800-street-glide-2012-13-flstse","224":"rizoma_bike-1800-street-glide-2014-15-flhxse","225":"rizoma_bike-1800-street-glide-2016-17-flhxse","226":"rizoma_bike-1800-ultra-limited-2014-16","227":"rizoma_bike-750-street-2014-16-xg-750","228":"rizoma_bike-750-street-2017-20-xg-750","229":"rizoma_bike-750-street-rod-2017-20-xg-750","230":"rizoma_bike-883-iron-2009-11-xl-883n","231":"rizoma_bike-883-iron-2012-14-xl-883n","232":"rizoma_bike-883-iron-2014-16-xl-883n","233":"rizoma_bike-883-iron-2017-20-xl-883n","234":"rizoma_bike-883-iron-2018-19-xl-883n","235":"rizoma_bike-883-r-2004-05-xl-883r","236":"rizoma_bike-883-sportester-r-2007","237":"rizoma_bike-883-sportster-custom-2006","238":"rizoma_bike-883-sportster-r-2006","239":"rizoma_bike-883-sportster-xl-2006","240":"rizoma_bike-883-sportster-xl-2007","241":"rizoma_bike-883-sportster-xl-2008-09","242":"rizoma_bike-883-superlow-2010-16-xl-883l","243":"rizoma_bike-883-superlow-2017-20-xl-883l","244":"rizoma_bike-883c-sportster-custom-xl-2007","245":"rizoma_bike-883c-sportster-custom-xl-2008-12","246":"rizoma_bike-883l-sportster-low-xl-2005","247":"rizoma_bike-883l-sportster-low-xl-2006","248":"rizoma_bike-883l-sportster-low-xl-2007","249":"rizoma_bike-883l-sportster-low-xl-2008-12","250":"rizoma_bike-883r-sportster-xl-2008-16","251":"rizoma_bike-breakout-2013-17","252":"rizoma_bike-breakout-2021-22","253":"rizoma_bike-breakout-1690-2017-fxsb","254":"rizoma_bike-cvo-pro-street-breakout-2017","255":"rizoma_bike-cvo-road-glide-2023","256":"rizoma_bike-cvo-road-glide-2024","257":"rizoma_bike-cvo-road-glide-2025-26","258":"rizoma_bike-cvo-road-glide-limited-2022","259":"rizoma_bike-cvo-road-glide-limited-anniversary-2023","260":"rizoma_bike-cvo-road-glide-st-2024","261":"rizoma_bike-cvo-road-glide-st-2025-26","262":"rizoma_bike-cvo-street-glide-2023","263":"rizoma_bike-cvo-street-glide-2024","264":"rizoma_bike-cvo-street-glide-2025-26","265":"rizoma_bike-electra-glide-highway-king-2023","266":"rizoma_bike-fat-boy-2017","267":"rizoma_bike-fat-boy-s-2017-flstf","268":"rizoma_bike-fat-boy-special-2017-flstf","269":"rizoma_bike-flhrc-road-king-classic-2007","270":"rizoma_bike-flhrc-road-king-classic-2008-11","271":"rizoma_bike-flhrc-road-king-classic-2011-13","272":"rizoma_bike-forty-eight-2017","273":"rizoma_bike-freewheeler-2021-26","274":"rizoma_bike-heritage-classic-2021-24","275":"rizoma_bike-heritage-classic-2025-26","276":"rizoma_bike-heritage-classic-anniversary-2023","277":"rizoma_bike-heritage-softail-classic-2017-flstc","278":"rizoma_bike-hydra-glide-revival-2024","279":"rizoma_bike-hydra-glide-revival-2025","280":"rizoma_bike-livewire-2019-22","281":"rizoma_bike-low-rider-s-2022-24","282":"rizoma_bike-low-rider-s-2025-26","283":"rizoma_bike-low-rider-st-2022-24","284":"rizoma_bike-low-rider-st-2025-26","285":"rizoma_bike-low-rider-st-fast-johnnie-enthusiast-2023","286":"rizoma_bike-night-rod-2006-07-vrscd","287":"rizoma_bike-night-rod-special-2006-vrscdx","288":"rizoma_bike-night-rod-special-2007-vrscdx","289":"rizoma_bike-night-rod-special-2008-16-vrscdx","290":"rizoma_bike-night-rod-special-2017-vrscdx","291":"rizoma_bike-night-train-2008-09-fxstb","292":"rizoma_bike-road-glide-2022","293":"rizoma_bike-road-glide-2024-25","294":"rizoma_bike-road-glide-107-2019-fltrx","295":"rizoma_bike-road-glide-limited-2021-25","296":"rizoma_bike-road-glide-special-2021-23","297":"rizoma_bike-road-glide-special-anniversary-2023","298":"rizoma_bike-road-glide-st-2022-23","299":"rizoma_bike-road-glide-st-fast-johnnie-enthusiast-2023","300":"rizoma_bike-road-king-107-2019-flhr","301":"rizoma_bike-road-king-classic-2014-16","302":"rizoma_bike-road-king-classic-2021-22","303":"rizoma_bike-road-king-special-2021-26","304":"rizoma_bike-roadster-1200-2018-19","305":"rizoma_bike-softail-convertible-flstse-110-2012","306":"rizoma_bike-softail-deluxe-2008-flstn","307":"rizoma_bike-softail-deluxe-iniezione-1450-2006-flstni","308":"rizoma_bike-softail-rocker-c-abs-2011-fxcwc","309":"rizoma_bike-softail-slim-2011-17-fls","310":"rizoma_bike-softail-slim-s-2017-fls","311":"rizoma_bike-softail-standard-2020-fxst","312":"rizoma_bike-softail-standard-2021-25","313":"rizoma_bike-sport-glide-2021-25","314":"rizoma_bike-street-glide-2024-26","315":"rizoma_bike-street-glide-special-2021-23","316":"rizoma_bike-street-glide-special-anniversary-2023","317":"rizoma_bike-street-glide-st-2022-23","318":"rizoma_bike-street-glide-st-fast-johnnie-enthusiast-2023","319":"rizoma_bike-street-glide-ultra-2025-26","320":"rizoma_bike-tri-glide-ultra-2021-26","321":"rizoma_bike-tri-glide-ultra-anniversary-2023","322":"rizoma_bike-ultra-limited-2022-25","323":"rizoma_bike-ultra-limited-anniversary-2023","324":"rizoma_bike-v-rod-muscle-2017-vrscf","325":"rizoma_bike-vrscx-2007","326":"rizoma_bike-xl-1200-x-forty-eight-2018","327":"product_cat-retroviseurs","329":"first","330":"instock","331":"taxable","332":"shipping-taxable","333":"purchasable","334":"product-type-variable"},"acf":[],"_links":{"self":[{"href":"https:\/\/cycle.rizoma.com\/fr\/wp-json\/wp\/v2\/product\/339102","targetHints":{"allow":["GET"]}}],"collection":[{"href":"https:\/\/cycle.rizoma.com\/fr\/wp-json\/wp\/v2\/product"}],"about":[{"href":"https:\/\/cycle.rizoma.com\/fr\/wp-json\/wp\/v2\/types\/product"}],"wp:featuredmedia":[{"embeddable":true,"href":"https:\/\/cycle.rizoma.com\/fr\/wp-json\/wp\/v2\/media\/338927"}],"wp:attachment":[{"href":"https:\/\/cycle.rizoma.com\/fr\/wp-json\/wp\/v2\/media?parent=339102"}],"wp:term":[{"taxonomy":"rizoma_assembly_time","embeddable":true,"href":"https:\/\/cycle.rizoma.com\/fr\/wp-json\/wp\/v2\/rizoma_assembly_time?post=339102"},{"taxonomy":"rizoma_bike","embeddable":true,"href":"https:\/\/cycle.rizoma.com\/fr\/wp-json\/wp\/v2\/rizoma_bike?post=339102"},{"taxonomy":"rizoma_division","embeddable":true,"href":"https:\/\/cycle.rizoma.com\/fr\/wp-json\/wp\/v2\/rizoma_division?post=339102"},{"taxonomy":"rizoma_family","embeddable":true,"href":"https:\/\/cycle.rizoma.com\/fr\/wp-json\/wp\/v2\/rizoma_family?post=339102"},{"taxonomy":"rizoma_model_category","embeddable":true,"href":"https:\/\/cycle.rizoma.com\/fr\/wp-json\/wp\/v2\/rizoma_model_category?post=339102"},{"taxonomy":"rizoma_product_template","embeddable":true,"href":"https:\/\/cycle.rizoma.com\/fr\/wp-json\/wp\/v2\/rizoma_product_template?post=339102"},{"taxonomy":"product_brand","embeddable":true,"href":"https:\/\/cycle.rizoma.com\/fr\/wp-json\/wp\/v2\/product_brand?post=339102"},{"taxonomy":"product_cat","embeddable":true,"href":"https:\/\/cycle.rizoma.com\/fr\/wp-json\/wp\/v2\/product_cat?post=339102"},{"taxonomy":"product_tag","embeddable":true,"href":"https:\/\/cycle.rizoma.com\/fr\/wp-json\/wp\/v2\/product_tag?post=339102"}],"curies":[{"name":"wp","href":"https:\/\/api.w.org\/{rel}","templated":true}]}}