{"id":339780,"date":"2025-11-10T16:12:48","date_gmt":"2025-11-10T15:12:48","guid":{"rendered":"https:\/\/www.rizoma.com\/?post_type=product&#038;p=339780"},"modified":"2025-12-09T15:44:25","modified_gmt":"2025-12-09T14:44:25","slug":"giftcard","status":"publish","type":"product","link":"https:\/\/cycle.rizoma.com\/fr\/negozio\/giftcard\/","title":{"rendered":"Giftcard"},"content":{"rendered":"<p>Avec la Gift Card Rizoma, vous offrez bien plus qu\u2019un accessoire : vous offrez la libert\u00e9 de personnaliser son style \u00e0 deux roues gr\u00e2ce \u00e0 des composants con\u00e7us pour garantir qualit\u00e9, performances sup\u00e9rieures et design exclusif.<br \/>\n<span lang=\"FR\">Le destinataire peut l\u2019utiliser pour acheter n\u2019importe quel produit sur notre e-commerce, dans l\u2019ann\u00e9e successive \u00e0 la date d\u2019\u00e9mission.<br \/>\nNum\u00e9rique et rapide, envoyez-la en quelques clics, elle arrive directement par mail.<\/span><\/p>\n","protected":false},"excerpt":{"rendered":"<p>Avec la Gift Card Rizoma, vous offrez bien plus qu\u2019un accessoire : vous offrez la libert\u00e9 de personnaliser son style \u00e0 deux roues gr\u00e2ce \u00e0 des composants con\u00e7us pour garantir qualit\u00e9, performances sup\u00e9rieures et design exclusif. Le destinataire peut l\u2019utiliser pour acheter n\u2019importe quel produit sur notre e-commerce, dans l\u2019ann\u00e9e successive \u00e0 la date d\u2019\u00e9mission. [&hellip;]<\/p>\n","protected":false},"featured_media":339772,"template":"","meta":{"_acf_changed":false},"rizoma_assembly_time":[],"rizoma_bike":[],"rizoma_division":[],"rizoma_family":[],"rizoma_model_category":[],"rizoma_product_template":[],"product_brand":[],"product_cat":[15868],"product_tag":[],"class_list":{"0":"post-339780","1":"product","2":"type-product","3":"status-publish","4":"has-post-thumbnail","6":"product_cat-senza-categoria-fr","8":"first","9":"instock","10":"purchasable","11":"product-type-variable"},"acf":[],"_links":{"self":[{"href":"https:\/\/cycle.rizoma.com\/fr\/wp-json\/wp\/v2\/product\/339780","targetHints":{"allow":["GET"]}}],"collection":[{"href":"https:\/\/cycle.rizoma.com\/fr\/wp-json\/wp\/v2\/product"}],"about":[{"href":"https:\/\/cycle.rizoma.com\/fr\/wp-json\/wp\/v2\/types\/product"}],"wp:featuredmedia":[{"embeddable":true,"href":"https:\/\/cycle.rizoma.com\/fr\/wp-json\/wp\/v2\/media\/339772"}],"wp:attachment":[{"href":"https:\/\/cycle.rizoma.com\/fr\/wp-json\/wp\/v2\/media?parent=339780"}],"wp:term":[{"taxonomy":"rizoma_assembly_time","embeddable":true,"href":"https:\/\/cycle.rizoma.com\/fr\/wp-json\/wp\/v2\/rizoma_assembly_time?post=339780"},{"taxonomy":"rizoma_bike","embeddable":true,"href":"https:\/\/cycle.rizoma.com\/fr\/wp-json\/wp\/v2\/rizoma_bike?post=339780"},{"taxonomy":"rizoma_division","embeddable":true,"href":"https:\/\/cycle.rizoma.com\/fr\/wp-json\/wp\/v2\/rizoma_division?post=339780"},{"taxonomy":"rizoma_family","embeddable":true,"href":"https:\/\/cycle.rizoma.com\/fr\/wp-json\/wp\/v2\/rizoma_family?post=339780"},{"taxonomy":"rizoma_model_category","embeddable":true,"href":"https:\/\/cycle.rizoma.com\/fr\/wp-json\/wp\/v2\/rizoma_model_category?post=339780"},{"taxonomy":"rizoma_product_template","embeddable":true,"href":"https:\/\/cycle.rizoma.com\/fr\/wp-json\/wp\/v2\/rizoma_product_template?post=339780"},{"taxonomy":"product_brand","embeddable":true,"href":"https:\/\/cycle.rizoma.com\/fr\/wp-json\/wp\/v2\/product_brand?post=339780"},{"taxonomy":"product_cat","embeddable":true,"href":"https:\/\/cycle.rizoma.com\/fr\/wp-json\/wp\/v2\/product_cat?post=339780"},{"taxonomy":"product_tag","embeddable":true,"href":"https:\/\/cycle.rizoma.com\/fr\/wp-json\/wp\/v2\/product_tag?post=339780"}],"curies":[{"name":"wp","href":"https:\/\/api.w.org\/{rel}","templated":true}]}}