{"id":343510,"date":"2026-03-05T14:05:27","date_gmt":"2026-03-05T13:05:27","guid":{"rendered":"http:\/\/rwp.rizoma.com\/negozio\/kit-de-montage-side-mount-bs892\/"},"modified":"2026-03-19T11:13:04","modified_gmt":"2026-03-19T10:13:04","slug":"kit-de-montage-side-mount-bs892","status":"publish","type":"product","link":"https:\/\/cycle.rizoma.com\/fr\/negozio\/retroviseurs\/BS892\/kit-de-montage-side-mount-bs892\/","title":{"rendered":"Kit de montage Side Mount"},"content":{"rendered":"<p>L\u2019adaptateur Side Mount a \u00e9t\u00e9 cr\u00e9\u00e9 pour installer plusieurs r\u00e9troviseurs Rizoma. En respectant harmonieusement les lignes des r\u00e9troviseurs, il garantit la continuit\u00e9 du design. R\u00e9alis\u00e9 en aluminium taill\u00e9 dans la masse, il est robuste et durable.<\/p>\n","protected":false},"excerpt":{"rendered":"<p>L\u2019adaptateur Side Mount a \u00e9t\u00e9 cr\u00e9\u00e9 pour installer plusieurs r\u00e9troviseurs Rizoma. En respectant harmonieusement les lignes des r\u00e9troviseurs, il garantit la continuit\u00e9 du design. R\u00e9alis\u00e9 en aluminium taill\u00e9 dans la masse, il est robuste et durable.<\/p>\n","protected":false},"featured_media":341503,"template":"","meta":{"_acf_changed":false},"rizoma_assembly_time":[42664],"rizoma_bike":[41456,41875,42033,41779,41457,41867,42034,42060,41802,42049,41806,41895,42150,42324,42338,42151,42339,42625,42517,44018,42569,42568,42558,42557,42561,42560,42563,43435,42562,44434,42567,42566,42565,43436,42564,44435,44436,41945,42328,42329,42473,41955,42330],"rizoma_division":[42651],"rizoma_family":[42667],"rizoma_model_category":[],"rizoma_product_template":[],"product_brand":[],"product_cat":[43939],"product_tag":[],"class_list":{"0":"post-343510","1":"product","2":"type-product","3":"status-publish","4":"has-post-thumbnail","6":"rizoma_bike-diavel-1200-2010-13","7":"rizoma_bike-diavel-1200-2014-16","8":"rizoma_bike-diavel-1200-2017-18","9":"rizoma_bike-diavel-1200-amg-2012","10":"rizoma_bike-diavel-1200-carbon-2010-13","11":"rizoma_bike-diavel-1200-carbon-2014-16","12":"rizoma_bike-diavel-1200-carbon-2017-18","13":"rizoma_bike-diavel-1200-cromo-2012","14":"rizoma_bike-diavel-1200-dark-2012-13","15":"rizoma_bike-diavel-1200-diesel-2017-18","16":"rizoma_bike-diavel-1200-strada-2010-14","17":"rizoma_bike-diavel-1200-titanium-2015","18":"rizoma_bike-diavel-1260-2019-20","19":"rizoma_bike-diavel-1260-2021-22","20":"rizoma_bike-diavel-1260-lamborghini-2021","21":"rizoma_bike-diavel-1260-s-2019-20","22":"rizoma_bike-diavel-1260-s-2021-22","23":"rizoma_bike-diavel-for-bentley-2024","24":"rizoma_bike-diavel-v4-2023-26","25":"rizoma_bike-diavel-v4-rs-2026","26":"rizoma_bike-elettrica-2018-2022","27":"rizoma_bike-elettrica-2023-2024","28":"rizoma_bike-gts-2015-2017","29":"rizoma_bike-gts-2018-2022","30":"rizoma_bike-gts-super-2015-2017","31":"rizoma_bike-gts-super-2018-2022","32":"rizoma_bike-primavera-2018-2022","33":"rizoma_bike-primavera-2023","34":"rizoma_bike-primavera-2024-2025","35":"rizoma_bike-primavera-elettrica-2024-25","36":"rizoma_bike-sei-giorni-2016-2017","37":"rizoma_bike-sei-giorni-2018-2022","38":"rizoma_bike-sprint-2018-2022","39":"rizoma_bike-sprint-2023","40":"rizoma_bike-sprint-2024-2025","41":"rizoma_bike-sprint-elettrica-2024-25","42":"rizoma_bike-sprint-elettrica-2026","43":"rizoma_bike-xdiavel-1262-2016-20","44":"rizoma_bike-xdiavel-1262-black-star-2021","45":"rizoma_bike-xdiavel-1262-dark-2021-24","46":"rizoma_bike-xdiavel-1262-nera-2022-23","47":"rizoma_bike-xdiavel-1262-s-2016-20","48":"rizoma_bike-xdiavel-1262-s-2021-24","49":"product_cat-retroviseurs","51":"first","52":"instock","53":"taxable","54":"shipping-taxable","55":"purchasable","56":"product-type-variable"},"acf":[],"_links":{"self":[{"href":"https:\/\/cycle.rizoma.com\/fr\/wp-json\/wp\/v2\/product\/343510","targetHints":{"allow":["GET"]}}],"collection":[{"href":"https:\/\/cycle.rizoma.com\/fr\/wp-json\/wp\/v2\/product"}],"about":[{"href":"https:\/\/cycle.rizoma.com\/fr\/wp-json\/wp\/v2\/types\/product"}],"wp:featuredmedia":[{"embeddable":true,"href":"https:\/\/cycle.rizoma.com\/fr\/wp-json\/wp\/v2\/media\/341503"}],"wp:attachment":[{"href":"https:\/\/cycle.rizoma.com\/fr\/wp-json\/wp\/v2\/media?parent=343510"}],"wp:term":[{"taxonomy":"rizoma_assembly_time","embeddable":true,"href":"https:\/\/cycle.rizoma.com\/fr\/wp-json\/wp\/v2\/rizoma_assembly_time?post=343510"},{"taxonomy":"rizoma_bike","embeddable":true,"href":"https:\/\/cycle.rizoma.com\/fr\/wp-json\/wp\/v2\/rizoma_bike?post=343510"},{"taxonomy":"rizoma_division","embeddable":true,"href":"https:\/\/cycle.rizoma.com\/fr\/wp-json\/wp\/v2\/rizoma_division?post=343510"},{"taxonomy":"rizoma_family","embeddable":true,"href":"https:\/\/cycle.rizoma.com\/fr\/wp-json\/wp\/v2\/rizoma_family?post=343510"},{"taxonomy":"rizoma_model_category","embeddable":true,"href":"https:\/\/cycle.rizoma.com\/fr\/wp-json\/wp\/v2\/rizoma_model_category?post=343510"},{"taxonomy":"rizoma_product_template","embeddable":true,"href":"https:\/\/cycle.rizoma.com\/fr\/wp-json\/wp\/v2\/rizoma_product_template?post=343510"},{"taxonomy":"product_brand","embeddable":true,"href":"https:\/\/cycle.rizoma.com\/fr\/wp-json\/wp\/v2\/product_brand?post=343510"},{"taxonomy":"product_cat","embeddable":true,"href":"https:\/\/cycle.rizoma.com\/fr\/wp-json\/wp\/v2\/product_cat?post=343510"},{"taxonomy":"product_tag","embeddable":true,"href":"https:\/\/cycle.rizoma.com\/fr\/wp-json\/wp\/v2\/product_tag?post=343510"}],"curies":[{"name":"wp","href":"https:\/\/api.w.org\/{rel}","templated":true}]}}