{"id":343530,"date":"2026-03-05T14:05:56","date_gmt":"2026-03-05T13:05:56","guid":{"rendered":"http:\/\/rwp.rizoma.com\/negozio\/kit-de-montage-side-mount-bs767\/"},"modified":"2026-03-05T14:07:06","modified_gmt":"2026-03-05T13:07:06","slug":"kit-de-montage-side-mount-bs767","status":"publish","type":"product","link":"https:\/\/cycle.rizoma.com\/fr\/negozio\/retroviseurs\/BS767\/kit-de-montage-side-mount-bs767\/","title":{"rendered":"Kit de montage Side Mount"},"content":{"rendered":"<p>L\u2019adaptateur Side Mount a \u00e9t\u00e9 cr\u00e9\u00e9 pour installer plusieurs r\u00e9troviseurs Rizoma. En respectant harmonieusement les lignes des r\u00e9troviseurs, il garantit la continuit\u00e9 du design. R\u00e9alis\u00e9 en aluminium taill\u00e9 dans la masse, il est robuste et durable.<\/p>\n","protected":false},"excerpt":{"rendered":"<p>L\u2019adaptateur Side Mount a \u00e9t\u00e9 cr\u00e9\u00e9 pour installer plusieurs r\u00e9troviseurs Rizoma. En respectant harmonieusement les lignes des r\u00e9troviseurs, il garantit la continuit\u00e9 du design. R\u00e9alis\u00e9 en aluminium taill\u00e9 dans la masse, il est robuste et durable.<\/p>\n","protected":false},"featured_media":341540,"template":"","meta":{"_acf_changed":false},"rizoma_assembly_time":[42664],"rizoma_bike":[42007,42124,41929,42008,41483,41844,42009,42156,42157,41484,44468,44469,42341,42342,42587,42635,42518,41513,41756,41514,42430,43893,42499,43894,42527,43755,42218,42313,42219,42314,42431,42580,42523,43756,42524],"rizoma_division":[42651],"rizoma_family":[42667],"rizoma_model_category":[],"rizoma_product_template":[],"product_brand":[],"product_cat":[43939],"product_tag":[],"class_list":{"0":"post-343530","1":"product","2":"type-product","3":"status-publish","4":"has-post-thumbnail","6":"rizoma_bike-monster-1200-2017-21","7":"rizoma_bike-monster-1200-25-anniversario-2018-19","8":"rizoma_bike-monster-1200-r-2016-19","9":"rizoma_bike-monster-1200-s-2017-21","10":"rizoma_bike-monster-796-2010-13","11":"rizoma_bike-monster-796-abs-2010-14","12":"rizoma_bike-monster-797-2017-18","13":"rizoma_bike-monster-797-2019-20","14":"rizoma_bike-monster-797-plus-2019","15":"rizoma_bike-monster-800-2003-05","16":"rizoma_bike-monster-890-2026","17":"rizoma_bike-monster-890-2026-1","18":"rizoma_bike-monster-937-2021-25","19":"rizoma_bike-monster-937-2021-25-1","20":"rizoma_bike-monster-937-30-anniversario-2023-24","21":"rizoma_bike-monster-937-senna-2024","22":"rizoma_bike-monster-937-sp-2023-25","23":"rizoma_bike-streetfighter-2009-12","24":"rizoma_bike-streetfighter-848-2011-15","25":"rizoma_bike-streetfighter-s-2009-14","26":"rizoma_bike-streetfighter-v2-2022-24","27":"rizoma_bike-streetfighter-v2-2025-26","28":"rizoma_bike-streetfighter-v2-955-green-2022-23","29":"rizoma_bike-streetfighter-v2-s-2025-26","30":"rizoma_bike-streetfighter-v4-2023-24","31":"rizoma_bike-streetfighter-v4-2025-26","32":"rizoma_bike-streetfighter-v4-1100-2020","33":"rizoma_bike-streetfighter-v4-1100-2021-22","34":"rizoma_bike-streetfighter-v4-1100-s-2020","35":"rizoma_bike-streetfighter-v4-1100-s-2021-22","36":"rizoma_bike-streetfighter-v4-1100-sp-2022","37":"rizoma_bike-streetfighter-v4-lamborghini-2023-24","38":"rizoma_bike-streetfighter-v4-s-2023-24","39":"rizoma_bike-streetfighter-v4-s-2025-26","40":"rizoma_bike-streetfighter-v4-sp2-2023-24","41":"product_cat-retroviseurs","43":"first","44":"instock","45":"taxable","46":"shipping-taxable","47":"purchasable","48":"product-type-variable"},"acf":[],"_links":{"self":[{"href":"https:\/\/cycle.rizoma.com\/fr\/wp-json\/wp\/v2\/product\/343530","targetHints":{"allow":["GET"]}}],"collection":[{"href":"https:\/\/cycle.rizoma.com\/fr\/wp-json\/wp\/v2\/product"}],"about":[{"href":"https:\/\/cycle.rizoma.com\/fr\/wp-json\/wp\/v2\/types\/product"}],"wp:featuredmedia":[{"embeddable":true,"href":"https:\/\/cycle.rizoma.com\/fr\/wp-json\/wp\/v2\/media\/341540"}],"wp:attachment":[{"href":"https:\/\/cycle.rizoma.com\/fr\/wp-json\/wp\/v2\/media?parent=343530"}],"wp:term":[{"taxonomy":"rizoma_assembly_time","embeddable":true,"href":"https:\/\/cycle.rizoma.com\/fr\/wp-json\/wp\/v2\/rizoma_assembly_time?post=343530"},{"taxonomy":"rizoma_bike","embeddable":true,"href":"https:\/\/cycle.rizoma.com\/fr\/wp-json\/wp\/v2\/rizoma_bike?post=343530"},{"taxonomy":"rizoma_division","embeddable":true,"href":"https:\/\/cycle.rizoma.com\/fr\/wp-json\/wp\/v2\/rizoma_division?post=343530"},{"taxonomy":"rizoma_family","embeddable":true,"href":"https:\/\/cycle.rizoma.com\/fr\/wp-json\/wp\/v2\/rizoma_family?post=343530"},{"taxonomy":"rizoma_model_category","embeddable":true,"href":"https:\/\/cycle.rizoma.com\/fr\/wp-json\/wp\/v2\/rizoma_model_category?post=343530"},{"taxonomy":"rizoma_product_template","embeddable":true,"href":"https:\/\/cycle.rizoma.com\/fr\/wp-json\/wp\/v2\/rizoma_product_template?post=343530"},{"taxonomy":"product_brand","embeddable":true,"href":"https:\/\/cycle.rizoma.com\/fr\/wp-json\/wp\/v2\/product_brand?post=343530"},{"taxonomy":"product_cat","embeddable":true,"href":"https:\/\/cycle.rizoma.com\/fr\/wp-json\/wp\/v2\/product_cat?post=343530"},{"taxonomy":"product_tag","embeddable":true,"href":"https:\/\/cycle.rizoma.com\/fr\/wp-json\/wp\/v2\/product_tag?post=343530"}],"curies":[{"name":"wp","href":"https:\/\/api.w.org\/{rel}","templated":true}]}}