{"id":345232,"date":"2026-04-08T04:05:45","date_gmt":"2026-04-08T02:05:45","guid":{"rendered":"http:\/\/rwp.rizoma.com\/negozio\/stealth-max-bss212\/"},"modified":"2026-04-08T04:07:07","modified_gmt":"2026-04-08T02:07:07","slug":"stealth-max-bss212","status":"publish","type":"product","link":"https:\/\/cycle.rizoma.com\/fr\/negozio\/retroviseurs\/BSS212\/stealth-max-bss212\/","title":{"rendered":"Stealth Max"},"content":{"rendered":"<p>Stealth Max pour supersportives: le plus attendu devient r\u00e9alit\u00e9. Con\u00e7u pour sublimer le caract\u00e8re des motos les plus sportives, Stealth Sport Max interpr\u00e8te la vision Rizoma \u00e0 travers un design a\u00e9rodynamique \u00e9volu\u00e9 et une qualit\u00e9 de fabrication \u00e9lev\u00e9e. Un accessoire qui associe esth\u00e9tique, performance et homologation europ\u00e9enne, apportant sur la route toute la pr\u00e9cision d\u2019ing\u00e9nierie et de production de Rizoma.<\/p>\n","protected":false},"excerpt":{"rendered":"<p>Stealth Max pour supersportives: le plus attendu devient r\u00e9alit\u00e9. Con\u00e7u pour sublimer le caract\u00e8re des motos les plus sportives, Stealth Sport Max interpr\u00e8te la vision Rizoma \u00e0 travers un design a\u00e9rodynamique \u00e9volu\u00e9 et une qualit\u00e9 de fabrication \u00e9lev\u00e9e. Un accessoire qui associe esth\u00e9tique, performance et homologation europ\u00e9enne, apportant sur la route toute la pr\u00e9cision d\u2019ing\u00e9nierie [&hellip;]<\/p>\n","protected":false},"featured_media":344823,"template":"","meta":{"_acf_changed":false},"rizoma_assembly_time":[42664],"rizoma_bike":[42288,43892],"rizoma_division":[42651],"rizoma_family":[42970],"rizoma_model_category":[],"rizoma_product_template":[],"product_brand":[],"product_cat":[43939],"product_tag":[],"class_list":{"0":"post-345232","1":"product","2":"type-product","3":"status-publish","4":"has-post-thumbnail","6":"rizoma_bike-m-1000-rr-2023-24","7":"rizoma_bike-m-1000-rr-2025-26","8":"product_cat-retroviseurs","10":"first","11":"outofstock","12":"taxable","13":"shipping-taxable","14":"purchasable","15":"product-type-variable"},"acf":[],"_links":{"self":[{"href":"https:\/\/cycle.rizoma.com\/fr\/wp-json\/wp\/v2\/product\/345232","targetHints":{"allow":["GET"]}}],"collection":[{"href":"https:\/\/cycle.rizoma.com\/fr\/wp-json\/wp\/v2\/product"}],"about":[{"href":"https:\/\/cycle.rizoma.com\/fr\/wp-json\/wp\/v2\/types\/product"}],"wp:featuredmedia":[{"embeddable":true,"href":"https:\/\/cycle.rizoma.com\/fr\/wp-json\/wp\/v2\/media\/344823"}],"wp:attachment":[{"href":"https:\/\/cycle.rizoma.com\/fr\/wp-json\/wp\/v2\/media?parent=345232"}],"wp:term":[{"taxonomy":"rizoma_assembly_time","embeddable":true,"href":"https:\/\/cycle.rizoma.com\/fr\/wp-json\/wp\/v2\/rizoma_assembly_time?post=345232"},{"taxonomy":"rizoma_bike","embeddable":true,"href":"https:\/\/cycle.rizoma.com\/fr\/wp-json\/wp\/v2\/rizoma_bike?post=345232"},{"taxonomy":"rizoma_division","embeddable":true,"href":"https:\/\/cycle.rizoma.com\/fr\/wp-json\/wp\/v2\/rizoma_division?post=345232"},{"taxonomy":"rizoma_family","embeddable":true,"href":"https:\/\/cycle.rizoma.com\/fr\/wp-json\/wp\/v2\/rizoma_family?post=345232"},{"taxonomy":"rizoma_model_category","embeddable":true,"href":"https:\/\/cycle.rizoma.com\/fr\/wp-json\/wp\/v2\/rizoma_model_category?post=345232"},{"taxonomy":"rizoma_product_template","embeddable":true,"href":"https:\/\/cycle.rizoma.com\/fr\/wp-json\/wp\/v2\/rizoma_product_template?post=345232"},{"taxonomy":"product_brand","embeddable":true,"href":"https:\/\/cycle.rizoma.com\/fr\/wp-json\/wp\/v2\/product_brand?post=345232"},{"taxonomy":"product_cat","embeddable":true,"href":"https:\/\/cycle.rizoma.com\/fr\/wp-json\/wp\/v2\/product_cat?post=345232"},{"taxonomy":"product_tag","embeddable":true,"href":"https:\/\/cycle.rizoma.com\/fr\/wp-json\/wp\/v2\/product_tag?post=345232"}],"curies":[{"name":"wp","href":"https:\/\/api.w.org\/{rel}","templated":true}]}}