{"id":345962,"date":"2026-04-28T04:05:24","date_gmt":"2026-04-28T02:05:24","guid":{"rendered":"http:\/\/rwp.rizoma.com\/negozio\/supports-repose-pieds-supplementaires-tout-terrain-hrc-pe670\/"},"modified":"2026-04-28T04:05:41","modified_gmt":"2026-04-28T02:05:41","slug":"supports-repose-pieds-supplementaires-tout-terrain-hrc-pe670","status":"publish","type":"product","link":"https:\/\/cycle.rizoma.com\/fr\/negozio\/repose-pieds\/HRC-PE670\/supports-repose-pieds-supplementaires-tout-terrain-hrc-pe670\/","title":{"rendered":"Supports repose-pieds suppl\u00e9mentaires tout terrain"},"content":{"rendered":"<p>Les supports de repose-pieds off-road, r\u00e9alis\u00e9s en aluminium taill\u00e9 dans la masse, d\u00e9veloppent et affinent l\u2019esprit urban explorer du v\u00e9hicule.<br \/>Le kit permet en effet le montage de repose-pieds suppl\u00e9mentaires qui, gr\u00e2ce \u00e0 leur position recul\u00e9e, permettent d\u2019affronter les parcours tout-terrain les plus exigeants en position de conduite debout. Cela garantit non seulement plus de plaisir de conduite, mais aussi une s\u00e9curit\u00e9 accrue gr\u00e2ce \u00e0 un meilleur contr\u00f4le du v\u00e9hicule et une meilleure r\u00e9partition des masses.<\/p>\n<p>Polyvalence et confort sont les valeurs cl\u00e9s de ce produit.<br \/>L\u2019\u00e9tude ergonomique approfondie ne s\u2019est pas concentr\u00e9e uniquement sur l\u2019utilisation off-road, mais aussi sur la praticit\u00e9 au quotidien : les supports permettent aux repose-pieds de se replier, assurant ainsi un meilleur confort en conduite urbaine.<\/p>\n<p>Certifi\u00e9 T\u00dcV.<\/p>\n","protected":false},"excerpt":{"rendered":"<p>Les supports de repose-pieds off-road, r\u00e9alis\u00e9s en aluminium taill\u00e9 dans la masse, d\u00e9veloppent et affinent l\u2019esprit urban explorer du v\u00e9hicule.Le kit permet en effet le montage de repose-pieds suppl\u00e9mentaires qui, gr\u00e2ce \u00e0 leur position recul\u00e9e, permettent d\u2019affronter les parcours tout-terrain les plus exigeants en position de conduite debout. Cela garantit non seulement plus de plaisir [&hellip;]<\/p>\n","protected":false},"featured_media":293977,"template":"","meta":{"_acf_changed":false},"rizoma_assembly_time":[42753],"rizoma_bike":[42018,42112,42119,42068,42113],"rizoma_division":[42651],"rizoma_family":[42745],"rizoma_model_category":[],"rizoma_product_template":[],"product_brand":[],"product_cat":[42750],"product_tag":[],"class_list":{"0":"post-345962","1":"product","2":"type-product","3":"status-publish","4":"has-post-thumbnail","6":"rizoma_bike-x-adv-750-2017","7":"rizoma_bike-x-adv-750-2018-20","8":"rizoma_bike-x-adv-750-desert-track-2018-20","9":"rizoma_bike-x-adv-750-travel-edition-2017","10":"rizoma_bike-x-adv-750-travel-edition-2018-20","11":"product_cat-repose-pieds","13":"first","14":"outofstock","15":"sale","16":"taxable","17":"shipping-taxable","18":"purchasable","19":"product-type-variable"},"acf":[],"_links":{"self":[{"href":"https:\/\/cycle.rizoma.com\/fr\/wp-json\/wp\/v2\/product\/345962","targetHints":{"allow":["GET"]}}],"collection":[{"href":"https:\/\/cycle.rizoma.com\/fr\/wp-json\/wp\/v2\/product"}],"about":[{"href":"https:\/\/cycle.rizoma.com\/fr\/wp-json\/wp\/v2\/types\/product"}],"wp:featuredmedia":[{"embeddable":true,"href":"https:\/\/cycle.rizoma.com\/fr\/wp-json\/wp\/v2\/media\/293977"}],"wp:attachment":[{"href":"https:\/\/cycle.rizoma.com\/fr\/wp-json\/wp\/v2\/media?parent=345962"}],"wp:term":[{"taxonomy":"rizoma_assembly_time","embeddable":true,"href":"https:\/\/cycle.rizoma.com\/fr\/wp-json\/wp\/v2\/rizoma_assembly_time?post=345962"},{"taxonomy":"rizoma_bike","embeddable":true,"href":"https:\/\/cycle.rizoma.com\/fr\/wp-json\/wp\/v2\/rizoma_bike?post=345962"},{"taxonomy":"rizoma_division","embeddable":true,"href":"https:\/\/cycle.rizoma.com\/fr\/wp-json\/wp\/v2\/rizoma_division?post=345962"},{"taxonomy":"rizoma_family","embeddable":true,"href":"https:\/\/cycle.rizoma.com\/fr\/wp-json\/wp\/v2\/rizoma_family?post=345962"},{"taxonomy":"rizoma_model_category","embeddable":true,"href":"https:\/\/cycle.rizoma.com\/fr\/wp-json\/wp\/v2\/rizoma_model_category?post=345962"},{"taxonomy":"rizoma_product_template","embeddable":true,"href":"https:\/\/cycle.rizoma.com\/fr\/wp-json\/wp\/v2\/rizoma_product_template?post=345962"},{"taxonomy":"product_brand","embeddable":true,"href":"https:\/\/cycle.rizoma.com\/fr\/wp-json\/wp\/v2\/product_brand?post=345962"},{"taxonomy":"product_cat","embeddable":true,"href":"https:\/\/cycle.rizoma.com\/fr\/wp-json\/wp\/v2\/product_cat?post=345962"},{"taxonomy":"product_tag","embeddable":true,"href":"https:\/\/cycle.rizoma.com\/fr\/wp-json\/wp\/v2\/product_tag?post=345962"}],"curies":[{"name":"wp","href":"https:\/\/api.w.org\/{rel}","templated":true}]}}